{"id":1344,"date":"2021-01-20T11:38:07","date_gmt":"2021-01-20T10:38:07","guid":{"rendered":"https:\/\/lerondpointmeribel.com\/?page_id=1344"},"modified":"2023-12-28T16:40:09","modified_gmt":"2023-12-28T15:40:09","slug":"snack-meribel-fast-food-restaurant-bar-rond-point-restauration-rapide-burger-emporter-sur-place","status":"publish","type":"page","link":"https:\/\/lerondpointmeribel.com\/fr\/snack-meribel-fast-food-restaurant-bar-rond-point-restauration-rapide-burger-emporter-sur-place\/","title":{"rendered":"SNACK DU ROND-POINT"},"content":{"rendered":"<div class=\"wpb-content-wrapper\"><p>[vc_row full_width=\u00a0\u00bbstretch_row_content\u00a0\u00bb full_height=\u00a0\u00bbyes\u00a0\u00bb columns_placement=\u00a0\u00bbbottom\u00a0\u00bb parallax=\u00a0\u00bbcontent-moving\u00a0\u00bb parallax_image=\u00a0\u00bb1323&Prime; css=\u00a0\u00bb.vc_custom_1608659636509{background-position: center;background-repeat: no-repeat !important;background-size: cover !important;}\u00a0\u00bb][vc_column][vc_custom_heading text=\u00a0\u00bbSki aux pieds, Le Snack du Rond Point sur les pistes\u00a0\u00bb font_container=\u00a0\u00bbtag:h1|font_size:40|text_align:center|color:%23ffffff\u00a0\u00bb use_theme_fonts=\u00a0\u00bbyes\u00a0\u00bb css=\u00a0\u00bb.vc_custom_1607705506109{background-position: center !important;background-repeat: no-repeat !important;background-size: cover !important;}\u00a0\u00bb][\/vc_column][\/vc_row][vc_row full_width=\u00a0\u00bbstretch_row_content\u00a0\u00bb full_height=\u00a0\u00bbyes\u00a0\u00bb][vc_column][vc_empty_space height=\u00a0\u00bb50px\u00a0\u00bb][vc_row_inner equal_height=\u00a0\u00bbyes\u00a0\u00bb content_placement=\u00a0\u00bbtop\u00a0\u00bb css=\u00a0\u00bb.vc_custom_1608140517453{background-color: #ffffff !important;}\u00a0\u00bb][vc_column_inner el_class=\u00a0\u00bboutlined\u00a0\u00bb width=\u00a0\u00bb1\/2&Prime; css=\u00a0\u00bb.vc_custom_1541518607829{margin-top: 30px !important;margin-right: 30px !important;margin-bottom: 30px !important;margin-left: 30px !important;padding-top: 30px !important;padding-right: 30px !important;padding-bottom: 30px !important;padding-left: 30px !important;}\u00a0\u00bb][vc_custom_heading text=\u00a0\u00bbVous cherchez un snack \u00e0 M\u00e9ribel ?\u00a0\u00bb font_container=\u00a0\u00bbtag:h1|text_align:left\u00a0\u00bb use_theme_fonts=\u00a0\u00bbyes\u00a0\u00bb][vc_column_text]Venez d\u00e9couvrir le snack du Ronnie ! Un fast-food pour les agit\u00e9s de M\u00e9ribel.<\/p>\n<p>En mati\u00e8re de restauration rapide, c&rsquo;est le num\u00e9ro un \u00e0 M\u00e9ribel pour la bouffe et pour la vue !<\/p>\n<h3><strong>De bons plats, bien<\/strong><strong> faits&#8230; <\/strong><em>vite servis !<\/em><\/h3>\n<p><em>Tout ce qui est rare n\u2019est pas forc\u00e9ment cher !<\/em> Et la restauration rapide n&rsquo;est pas toujours synonyme de malbouffe !<\/p>\n<p><strong>Frais, cuisin\u00e9 sur commande avec des produits de qualit\u00e9, petit budget\u2026<\/strong><\/p>\n<p><strong>100% bon qu\u2019on s\u2019en l\u00e9cherait les doigts <\/strong><\/p>\n<p><strong>Alors \u00ab venez comme vous \u00eates \u00bb avec les skis aux pieds!<\/strong><\/p>\n<p>Offrant une <strong>vue imprenable <\/strong>et une <strong>restauration rapide et d\u00e9contract\u00e9e<\/strong>, le Snack du Ronnie est l&rsquo;arr\u00eat id\u00e9al pour ceux qui veulent profiter au maximum du ski.<\/p>\n<h3><strong>Ouvert tous les jours \u00e0 partir de midi, rejoignez-nous dans LE snack <\/strong><strong>de M\u00e9ribel !<\/strong><\/h3>\n<p>[\/vc_column_text][\/vc_column_inner][vc_column_inner width=\u00a0\u00bb1\/2&Prime; css=\u00a0\u00bb.vc_custom_1608140532969{margin-top: 15px !important;margin-right: 15px !important;margin-bottom: 15px !important;margin-left: 15px !important;padding-top: 50px !important;padding-bottom: 50px !important;background-image: url(https:\/\/lerondpointmeribel.com\/wp-content\/uploads\/2020\/12\/burgers-fast-food-au-snack-du-rond-point-meribel.jpeg?id=1377) !important;background-position: center !important;background-repeat: no-repeat !important;background-size: cover !important;}\u00a0\u00bb][\/vc_column_inner][\/vc_row_inner][vc_row_inner equal_height=\u00a0\u00bbyes\u00a0\u00bb rtl_reverse=\u00a0\u00bbyes\u00a0\u00bb content_placement=\u00a0\u00bbtop\u00a0\u00bb css=\u00a0\u00bb.vc_custom_1608140543926{background-color: #ffffff !important;}\u00a0\u00bb][vc_column_inner width=\u00a0\u00bb1\/2&Prime; css=\u00a0\u00bb.vc_custom_1608140558927{margin-top: 15px !important;margin-right: 15px !important;margin-bottom: 30px !important;margin-left: 15px !important;padding-top: 50px !important;padding-right: 50px !important;padding-bottom: 50px !important;padding-left: 50px !important;background-image: url(https:\/\/lerondpointmeribel.com\/wp-content\/uploads\/2020\/12\/rond-point-snack-fast-food-restaurant-sur-les-pistes-meribel-1.jpeg?id=1380) !important;background-position: center !important;background-repeat: no-repeat !important;background-size: cover !important;}\u00a0\u00bb][\/vc_column_inner][vc_column_inner width=\u00a0\u00bb1\/2&Prime; css=\u00a0\u00bb.vc_custom_1606312656278{margin-top: 15px !important;margin-right: 15px !important;margin-bottom: 15px !important;margin-left: 15px !important;padding-top: 50px !important;padding-bottom: 50px !important;background-position: center !important;background-repeat: no-repeat !important;background-size: cover !important;}\u00a0\u00bb][vc_custom_heading text=\u00a0\u00bbUn Snack \u00e0 flanc de montagne !\u00a0\u00bb font_container=\u00a0\u00bbtag:h3|text_align:left\u00a0\u00bb use_theme_fonts=\u00a0\u00bbyes\u00a0\u00bb][vc_column_text]<\/p>\n<h4><strong>Commandez et repartez !<\/strong><\/h4>\n<p>Si l&rsquo;appel de la nature est trop fort pour vous et que vous avez d\u00e9j\u00e0 rep\u00e9r\u00e9 une aire de pique-nique, alors pourquoi ne pas <strong>skier et commander \u00e0 emporter ?<\/strong><\/p>\n<p>Au bas de la piste du Doron et juste en haut de la remont\u00e9e m\u00e9canique de l\u2019Adret, le snack du Rond Point est l\u2019endroit id\u00e9al pour le <strong>petit creux \u00e0 2000m !<\/strong><\/p>\n<h4><strong>S<\/strong><strong>ur place, pour faire une pause<\/strong> <strong>?<\/strong><\/h4>\n<p>Oui, c\u2019est possible !<\/p>\n<p>Vous pouvez aussi d\u00e9guster un repas sur le pouce et une pinte bien m\u00e9rit\u00e9e sur la terrasse du Ronnie !<\/p>\n<p>Alors glissez-vous et partagez un banc en d\u00e9gustant un de nos burgers (100% b\u0153uf Angus) ou en plongeant dans une bo\u00eete de noodles !<\/p>\n<p>Oui, vous avez bien lu&#8230; on a le droit d\u2019aspirer ses nouilles au Ronnie !<\/p>\n<p>Si les hamburgers, ce n\u2019est pas trop votre truc, alors pourquoi ne pas vous laisser tenter par une bo\u00eete de nos nouilles fondantes \u00e0 \u201cslurper\u201d avec des baguettes ? D\u00e9so, New York ![\/vc_column_text][\/vc_column_inner][\/vc_row_inner][\/vc_column][\/vc_row][vc_row full_width=\u00a0\u00bbstretch_row_content\u00a0\u00bb gap=\u00a0\u00bb10&Prime; equal_height=\u00a0\u00bbyes\u00a0\u00bb][vc_column width=\u00a0\u00bb1\/6&Prime;][\/vc_column][vc_column width=\u00a0\u00bb2\/3&Prime;][vc_custom_heading text=\u00a0\u00bbPetits budgets, grands app\u00e9tits !\u00a0\u00bb font_container=\u00a0\u00bbtag:h3|text_align:center\u00a0\u00bb use_theme_fonts=\u00a0\u00bbyes\u00a0\u00bb][vc_column_text]<\/p>\n<p style=\"text-align: center;\">Que vous soyez un amateur de burgers ou un ninja des nouilles, vous pouvez vous arr\u00eater faire le plein, sans d\u00e9penser tout votre argent de poche.<\/p>\n<p style=\"text-align: center;\">Tous nos burgers et noodles sont \u00e0 moins de 16\u20ac et, le menu complet, (burger+frites+boisson) \u00e0 moins de 24\u20ac, vous pouvez \u00e9conomiser vos sous pour les bi\u00e8res pendant l\u2019apr\u00e8s-ski !<\/p>\n<p style=\"text-align: center;\"><strong>Essayez, go\u00fbter, appr\u00e9ciez !<\/strong><\/p>\n<p>[\/vc_column_text][vc_btn title=\u00a0\u00bbMENU\u00a0\u00bb align=\u00a0\u00bbcenter\u00a0\u00bb link=\u00a0\u00bburl:https%3A%2F%2Fm.appero.co%2F%23b649d520-4a09-432e-be50-b1e41251ebfe|target:_blank\u00a0\u00bb][\/vc_column][vc_column width=\u00a0\u00bb1\/6&Prime;][\/vc_column][\/vc_row][vc_row full_width=\u00a0\u00bbstretch_row_content\u00a0\u00bb gap=\u00a0\u00bb10&Prime; equal_height=\u00a0\u00bbyes\u00a0\u00bb][vc_column width=\u00a0\u00bb1\/6&Prime;][\/vc_column][vc_column width=\u00a0\u00bb2\/3&Prime;][vc_custom_heading text=\u00a0\u00bbLa restauration rapide, ce n\u2019est pas votre truc ?\u00a0\u00bb font_container=\u00a0\u00bbtag:h3|text_align:center\u00a0\u00bb use_theme_fonts=\u00a0\u00bbyes\u00a0\u00bb][vc_column_text]<\/p>\n<p style=\"text-align: center;\">Non content d&rsquo;\u00eatre l&rsquo;un des bars les plus populaires de M\u00e9ribel pour <strong>la musique live<\/strong> et les <strong>f\u00eates d&rsquo;apr\u00e8s-ski<\/strong>, le Rond Point propose \u00e9galement <strong>deux exp\u00e9riences uniques de restauration au bord des pistes.<\/strong><\/p>\n<p style=\"text-align: center;\">Donc, pour ceux qui pr\u00e9f\u00e8rent une exp\u00e9rience plus traditionnelle de la montagne, c&rsquo;est-\u00e0-dire un long d\u00e9jeuner tranquille <em>avec vue<\/em>. Nous vous proposons le \u00ab\u00a0<em><strong>wine &amp; dine\u00a0\u00bb sur la terrasse du <a href=\"https:\/\/lerondpointmeribel.com\/fr\/restaurant-altitude-meribel-rond-point\/\" target=\"_blank\" rel=\"noopener\">restaurant<\/a>. <\/strong><\/em><\/p>\n<p style=\"text-align: center;\"><em>L\u2019ambiance<\/em> d\u00e9contract\u00e9e et chaleureuse, des portions g\u00e9n\u00e9reuses et des saveurs qui font du bien et en prime : une excellente carte des vins !<\/p>\n<p>[\/vc_column_text][\/vc_column][vc_column width=\u00a0\u00bb1\/6&Prime;][\/vc_column][\/vc_row][vc_row][vc_column width=\u00a0\u00bb1\/3&Prime;][vc_btn title=\u00a0\u00bbRESTAURANT\u00a0\u00bb align=\u00a0\u00bbcenter\u00a0\u00bb link=\u00a0\u00bburl:http%3A%2F%2Frestaurant-altitude-meribel-rond-point|title:CTA||\u00a0\u00bb][vc_single_image image=\u00a0\u00bb1652&Prime; img_size=\u00a0\u00bbmedium\u00a0\u00bb alignment=\u00a0\u00bbcenter\u00a0\u00bb style=\u00a0\u00bbvc_box_shadow_3d\u00a0\u00bb onclick=\u00a0\u00bbcustom_link\u00a0\u00bb img_link_target=\u00a0\u00bb_blank\u00a0\u00bb link=\u00a0\u00bbhttp:\/\/lerondpointmeribel.com\/fr\/restaurant-altitude-meribel-rond-point\/\u00a0\u00bb][\/vc_column][vc_column width=\u00a0\u00bb1\/3&Prime;][vc_btn title=\u00a0\u00bbLIVE MUSIC\u00a0\u00bb align=\u00a0\u00bbcenter\u00a0\u00bb link=\u00a0\u00bburl:http%3A%2F%2Flerondpointmeribel.com%2Ffr%2F|title:CTA||\u00a0\u00bb][vc_single_image image=\u00a0\u00bb1488&Prime; img_size=\u00a0\u00bbmedium\u00a0\u00bb alignment=\u00a0\u00bbcenter\u00a0\u00bb style=\u00a0\u00bbvc_box_shadow_3d\u00a0\u00bb onclick=\u00a0\u00bbcustom_link\u00a0\u00bb img_link_target=\u00a0\u00bb_blank\u00a0\u00bb link=\u00a0\u00bbhttps:\/\/lerondpointmeribel.com\/fr\/\u00a0\u00bb][\/vc_column][vc_column width=\u00a0\u00bb1\/3&Prime;][vc_btn title=\u00a0\u00bbGALLERIE\u00a0\u00bb align=\u00a0\u00bbcenter\u00a0\u00bb link=\u00a0\u00bburl:%2Ffr%2Fmeribel-bars-rond-point-bar-restaurant-apres-ski-musique-live-fete-altitude%2F|title:CTA||\u00a0\u00bb el_id=\u00a0\u00bbTVZ NOUS\u00a0\u00bb][vc_single_image image=\u00a0\u00bb1575&Prime; img_size=\u00a0\u00bbmedium\u00a0\u00bb alignment=\u00a0\u00bbcenter\u00a0\u00bb style=\u00a0\u00bbvc_box_shadow_3d\u00a0\u00bb onclick=\u00a0\u00bbcustom_link\u00a0\u00bb img_link_target=\u00a0\u00bb_blank\u00a0\u00bb link=\u00a0\u00bbhttps:\/\/lerondpointmeribel.com\/fr\/meribel-bars-rond-point-bar-restaurant-apres-ski-musique-live-fete-altitude\/\u00a0\u00bb][\/vc_column][\/vc_row][vc_row full_width=\u00a0\u00bbstretch_row_content\u00a0\u00bb gap=\u00a0\u00bb10&Prime; equal_height=\u00a0\u00bbyes\u00a0\u00bb][vc_column width=\u00a0\u00bb1\/6&Prime;][\/vc_column][vc_column width=\u00a0\u00bb2\/3&Prime;][vc_custom_heading text=\u00a0\u00bbPr\u00e9parons-nous au WOK N\u2019ROLL !\u00a0\u00bb font_container=\u00a0\u00bbtag:h3|text_align:center\u00a0\u00bb use_theme_fonts=\u00a0\u00bbyes\u00a0\u00bb][vc_column_text]<\/p>\n<p style=\"text-align: center;\">Le Snack est ouvert midi jusqu&rsquo;\u00e0 18h non-stop et la musique live commence tous les jours \u00e0 16h.<\/p>\n<p style=\"text-align: center;\"><strong>Qu\u2019attendez-vous ?? <\/strong><\/p>\n<p style=\"text-align: center;\">Prenez vos noodles et foncez sur la piste de danse !<\/p>\n<p>[\/vc_column_text][vc_custom_heading text=\u00a0\u00bbNous trouvez !\u00a0\u00bb font_container=\u00a0\u00bbtag:h3|text_align:center\u00a0\u00bb use_theme_fonts=\u00a0\u00bbyes\u00a0\u00bb][\/vc_column][vc_column width=\u00a0\u00bb1\/6&Prime;][\/vc_column][\/vc_row][vc_row][vc_column width=\u00a0\u00bb1\/3&Prime;][vc_column_text]<\/p>\n<h4><strong>PAR VOITURE<\/strong><\/h4>\n<p>Vers Altiport-Belv\u00e9d\u00e8re<\/p>\n<p>Route de Belv\u00e9d\u00e8re<\/p>\n<p>73550\u00a0Meribel[\/vc_column_text][\/vc_column][vc_column width=\u00a0\u00bb1\/3&Prime;][vc_column_text]<\/p>\n<h4><strong>PAR PISTES<\/strong><\/h4>\n<p>Doron Piste<\/p>\n<p>Vers Meribel Centre<\/p>\n<p>[\/vc_column_text][\/vc_column][vc_column width=\u00a0\u00bb1\/3&Prime;][vc_column_text]<\/p>\n<h4><strong>PAR BUS<\/strong><\/h4>\n<p>Navette Gratuite C<\/p>\n<p>Vers Rond Point-Altiport[\/vc_column_text][\/vc_column][\/vc_row]<\/p>\n<\/div>","protected":false},"excerpt":{"rendered":"<p>[vc_row full_width=\u00a0\u00bbstretch_row_content\u00a0\u00bb full_height=\u00a0\u00bbyes\u00a0\u00bb columns_placement=\u00a0\u00bbbottom\u00a0\u00bb parallax=\u00a0\u00bbcontent-moving\u00a0\u00bb parallax_image=\u00a0\u00bb1323&Prime; css=\u00a0\u00bb.vc_custom_1608659636509{background-position: center;background-repeat: no-repeat !important;background-size: cover !important;}\u00a0\u00bb][vc_column][vc_custom_heading text=\u00a0\u00bbSki aux pieds, Le Snack du Rond Point sur les pistes\u00a0\u00bb font_container=\u00a0\u00bbtag:h1|font_size:40|text_align:center|color:%23ffffff\u00a0\u00bb use_theme_fonts=\u00a0\u00bbyes\u00a0\u00bb css=\u00a0\u00bb.vc_custom_1607705506109{background-position: center !important;background-repeat: no-repeat !important;background-size: cover !important;}\u00a0\u00bb][\/vc_column][\/vc_row][vc_row full_width=\u00a0\u00bbstretch_row_content\u00a0\u00bb full_height=\u00a0\u00bbyes\u00a0\u00bb][vc_column][vc_empty_space height=\u00a0\u00bb50px\u00a0\u00bb][vc_row_inner equal_height=\u00a0\u00bbyes\u00a0\u00bb content_placement=\u00a0\u00bbtop\u00a0\u00bb css=\u00a0\u00bb.vc_custom_1608140517453{background-color: #ffffff !important;}\u00a0\u00bb][vc_column_inner el_class=\u00a0\u00bboutlined\u00a0\u00bb width=\u00a0\u00bb1\/2&Prime; css=\u00a0\u00bb.vc_custom_1541518607829{margin-top: 30px !important;margin-right: 30px !important;margin-bottom: 30px !important;margin-left: 30px !important;padding-top: 30px !important;padding-right: 30px !important;padding-bottom: &hellip; <\/p>\n<p class=\"link-more\"><a href=\"https:\/\/lerondpointmeribel.com\/fr\/snack-meribel-fast-food-restaurant-bar-rond-point-restauration-rapide-burger-emporter-sur-place\/\" class=\"more-link\">Continuer la lecture<span class=\"screen-reader-text\"> de &laquo;&nbsp;SNACK DU ROND-POINT&nbsp;&raquo;<\/span><\/a><\/p>\n","protected":false},"author":4,"featured_media":0,"parent":0,"menu_order":0,"comment_status":"closed","ping_status":"closed","template":"","meta":{"footnotes":""},"yoast_head":"<!-- This site is optimized with the Yoast SEO plugin v21.8 - https:\/\/yoast.com\/wordpress\/plugins\/seo\/ -->\n<title>Snack du Rond Point, restauration rapide \u00e0 M\u00e9ribel: burgers \u00e0 emporter<\/title>\n<meta name=\"description\" content=\"Le snack du Rond Point sert une cuisine fra\u00eeche \u00e0 emporter \u00e0 2000m. Burgers, nouilles, frites, savoureux et vite servis!\" \/>\n<meta name=\"robots\" content=\"index, follow, max-snippet:-1, max-image-preview:large, max-video-preview:-1\" \/>\n<link rel=\"canonical\" href=\"https:\/\/lerondpointmeribel.com\/fr\/snack-meribel-fast-food-restaurant-bar-rond-point-restauration-rapide-burger-emporter-sur-place\/\" \/>\n<meta property=\"og:locale\" content=\"fr_FR\" \/>\n<meta property=\"og:type\" content=\"article\" \/>\n<meta property=\"og:title\" content=\"Snack du Rond Point, restauration rapide \u00e0 M\u00e9ribel: burgers \u00e0 emporter\" \/>\n<meta property=\"og:description\" content=\"Le snack du Rond Point sert une cuisine fra\u00eeche \u00e0 emporter \u00e0 2000m. Burgers, nouilles, frites, savoureux et vite servis!\" \/>\n<meta property=\"og:url\" content=\"https:\/\/lerondpointmeribel.com\/fr\/snack-meribel-fast-food-restaurant-bar-rond-point-restauration-rapide-burger-emporter-sur-place\/\" \/>\n<meta property=\"og:site_name\" content=\"Le Rond Point\" \/>\n<meta property=\"article:modified_time\" content=\"2023-12-28T15:40:09+00:00\" \/>\n<meta name=\"twitter:card\" content=\"summary_large_image\" \/>\n<meta name=\"twitter:label1\" content=\"Dur\u00e9e de lecture estim\u00e9e\" \/>\n\t<meta name=\"twitter:data1\" content=\"4 minutes\" \/>\n<script type=\"application\/ld+json\" class=\"yoast-schema-graph\">{\"@context\":\"https:\/\/schema.org\",\"@graph\":[{\"@type\":\"WebPage\",\"@id\":\"https:\/\/lerondpointmeribel.com\/fr\/snack-meribel-fast-food-restaurant-bar-rond-point-restauration-rapide-burger-emporter-sur-place\/\",\"url\":\"https:\/\/lerondpointmeribel.com\/fr\/snack-meribel-fast-food-restaurant-bar-rond-point-restauration-rapide-burger-emporter-sur-place\/\",\"name\":\"Snack du Rond Point, restauration rapide \u00e0 M\u00e9ribel: burgers \u00e0 emporter\",\"isPartOf\":{\"@id\":\"https:\/\/lerondpointmeribel.com\/#website\"},\"datePublished\":\"2021-01-20T10:38:07+00:00\",\"dateModified\":\"2023-12-28T15:40:09+00:00\",\"description\":\"Le snack du Rond Point sert une cuisine fra\u00eeche \u00e0 emporter \u00e0 2000m. Burgers, nouilles, frites, savoureux et vite servis!\",\"breadcrumb\":{\"@id\":\"https:\/\/lerondpointmeribel.com\/fr\/snack-meribel-fast-food-restaurant-bar-rond-point-restauration-rapide-burger-emporter-sur-place\/#breadcrumb\"},\"inLanguage\":\"fr-FR\",\"potentialAction\":[{\"@type\":\"ReadAction\",\"target\":[\"https:\/\/lerondpointmeribel.com\/fr\/snack-meribel-fast-food-restaurant-bar-rond-point-restauration-rapide-burger-emporter-sur-place\/\"]}]},{\"@type\":\"BreadcrumbList\",\"@id\":\"https:\/\/lerondpointmeribel.com\/fr\/snack-meribel-fast-food-restaurant-bar-rond-point-restauration-rapide-burger-emporter-sur-place\/#breadcrumb\",\"itemListElement\":[{\"@type\":\"ListItem\",\"position\":1,\"name\":\"Home\",\"item\":\"https:\/\/lerondpointmeribel.com\/fr\/\"},{\"@type\":\"ListItem\",\"position\":2,\"name\":\"SNACK DU ROND-POINT\"}]},{\"@type\":\"WebSite\",\"@id\":\"https:\/\/lerondpointmeribel.com\/#website\",\"url\":\"https:\/\/lerondpointmeribel.com\/\",\"name\":\"Le Rond Point\",\"description\":\"Lunch Music &amp; Events\",\"publisher\":{\"@id\":\"https:\/\/lerondpointmeribel.com\/#organization\"},\"potentialAction\":[{\"@type\":\"SearchAction\",\"target\":{\"@type\":\"EntryPoint\",\"urlTemplate\":\"https:\/\/lerondpointmeribel.com\/?s={search_term_string}\"},\"query-input\":\"required name=search_term_string\"}],\"inLanguage\":\"fr-FR\"},{\"@type\":\"Organization\",\"@id\":\"https:\/\/lerondpointmeribel.com\/#organization\",\"name\":\"Le Rond Point Meribel\",\"url\":\"https:\/\/lerondpointmeribel.com\/\",\"logo\":{\"@type\":\"ImageObject\",\"inLanguage\":\"fr-FR\",\"@id\":\"https:\/\/lerondpointmeribel.com\/#\/schema\/logo\/image\/\",\"url\":\"https:\/\/lerondpointmeribel.com\/wp-content\/uploads\/2019\/01\/cropped-RP-LogoSI.png\",\"contentUrl\":\"https:\/\/lerondpointmeribel.com\/wp-content\/uploads\/2019\/01\/cropped-RP-LogoSI.png\",\"width\":1224,\"height\":250,\"caption\":\"Le Rond Point Meribel\"},\"image\":{\"@id\":\"https:\/\/lerondpointmeribel.com\/#\/schema\/logo\/image\/\"}}]}<\/script>\n<!-- \/ Yoast SEO plugin. -->","yoast_head_json":{"title":"Snack du Rond Point, restauration rapide \u00e0 M\u00e9ribel: burgers \u00e0 emporter","description":"Le snack du Rond Point sert une cuisine fra\u00eeche \u00e0 emporter \u00e0 2000m. Burgers, nouilles, frites, savoureux et vite servis!","robots":{"index":"index","follow":"follow","max-snippet":"max-snippet:-1","max-image-preview":"max-image-preview:large","max-video-preview":"max-video-preview:-1"},"canonical":"https:\/\/lerondpointmeribel.com\/fr\/snack-meribel-fast-food-restaurant-bar-rond-point-restauration-rapide-burger-emporter-sur-place\/","og_locale":"fr_FR","og_type":"article","og_title":"Snack du Rond Point, restauration rapide \u00e0 M\u00e9ribel: burgers \u00e0 emporter","og_description":"Le snack du Rond Point sert une cuisine fra\u00eeche \u00e0 emporter \u00e0 2000m. Burgers, nouilles, frites, savoureux et vite servis!","og_url":"https:\/\/lerondpointmeribel.com\/fr\/snack-meribel-fast-food-restaurant-bar-rond-point-restauration-rapide-burger-emporter-sur-place\/","og_site_name":"Le Rond Point","article_modified_time":"2023-12-28T15:40:09+00:00","twitter_card":"summary_large_image","twitter_misc":{"Dur\u00e9e de lecture estim\u00e9e":"4 minutes"},"schema":{"@context":"https:\/\/schema.org","@graph":[{"@type":"WebPage","@id":"https:\/\/lerondpointmeribel.com\/fr\/snack-meribel-fast-food-restaurant-bar-rond-point-restauration-rapide-burger-emporter-sur-place\/","url":"https:\/\/lerondpointmeribel.com\/fr\/snack-meribel-fast-food-restaurant-bar-rond-point-restauration-rapide-burger-emporter-sur-place\/","name":"Snack du Rond Point, restauration rapide \u00e0 M\u00e9ribel: burgers \u00e0 emporter","isPartOf":{"@id":"https:\/\/lerondpointmeribel.com\/#website"},"datePublished":"2021-01-20T10:38:07+00:00","dateModified":"2023-12-28T15:40:09+00:00","description":"Le snack du Rond Point sert une cuisine fra\u00eeche \u00e0 emporter \u00e0 2000m. Burgers, nouilles, frites, savoureux et vite servis!","breadcrumb":{"@id":"https:\/\/lerondpointmeribel.com\/fr\/snack-meribel-fast-food-restaurant-bar-rond-point-restauration-rapide-burger-emporter-sur-place\/#breadcrumb"},"inLanguage":"fr-FR","potentialAction":[{"@type":"ReadAction","target":["https:\/\/lerondpointmeribel.com\/fr\/snack-meribel-fast-food-restaurant-bar-rond-point-restauration-rapide-burger-emporter-sur-place\/"]}]},{"@type":"BreadcrumbList","@id":"https:\/\/lerondpointmeribel.com\/fr\/snack-meribel-fast-food-restaurant-bar-rond-point-restauration-rapide-burger-emporter-sur-place\/#breadcrumb","itemListElement":[{"@type":"ListItem","position":1,"name":"Home","item":"https:\/\/lerondpointmeribel.com\/fr\/"},{"@type":"ListItem","position":2,"name":"SNACK DU ROND-POINT"}]},{"@type":"WebSite","@id":"https:\/\/lerondpointmeribel.com\/#website","url":"https:\/\/lerondpointmeribel.com\/","name":"Le Rond Point","description":"Lunch Music &amp; Events","publisher":{"@id":"https:\/\/lerondpointmeribel.com\/#organization"},"potentialAction":[{"@type":"SearchAction","target":{"@type":"EntryPoint","urlTemplate":"https:\/\/lerondpointmeribel.com\/?s={search_term_string}"},"query-input":"required name=search_term_string"}],"inLanguage":"fr-FR"},{"@type":"Organization","@id":"https:\/\/lerondpointmeribel.com\/#organization","name":"Le Rond Point Meribel","url":"https:\/\/lerondpointmeribel.com\/","logo":{"@type":"ImageObject","inLanguage":"fr-FR","@id":"https:\/\/lerondpointmeribel.com\/#\/schema\/logo\/image\/","url":"https:\/\/lerondpointmeribel.com\/wp-content\/uploads\/2019\/01\/cropped-RP-LogoSI.png","contentUrl":"https:\/\/lerondpointmeribel.com\/wp-content\/uploads\/2019\/01\/cropped-RP-LogoSI.png","width":1224,"height":250,"caption":"Le Rond Point Meribel"},"image":{"@id":"https:\/\/lerondpointmeribel.com\/#\/schema\/logo\/image\/"}}]}},"publishpress_future_action":{"enabled":false,"date":"2026-05-01 10:23:04","action":"draft","terms":[],"taxonomy":""},"_links":{"self":[{"href":"https:\/\/lerondpointmeribel.com\/fr\/wp-json\/wp\/v2\/pages\/1344"}],"collection":[{"href":"https:\/\/lerondpointmeribel.com\/fr\/wp-json\/wp\/v2\/pages"}],"about":[{"href":"https:\/\/lerondpointmeribel.com\/fr\/wp-json\/wp\/v2\/types\/page"}],"author":[{"embeddable":true,"href":"https:\/\/lerondpointmeribel.com\/fr\/wp-json\/wp\/v2\/users\/4"}],"replies":[{"embeddable":true,"href":"https:\/\/lerondpointmeribel.com\/fr\/wp-json\/wp\/v2\/comments?post=1344"}],"version-history":[{"count":37,"href":"https:\/\/lerondpointmeribel.com\/fr\/wp-json\/wp\/v2\/pages\/1344\/revisions"}],"predecessor-version":[{"id":1970,"href":"https:\/\/lerondpointmeribel.com\/fr\/wp-json\/wp\/v2\/pages\/1344\/revisions\/1970"}],"wp:attachment":[{"href":"https:\/\/lerondpointmeribel.com\/fr\/wp-json\/wp\/v2\/media?parent=1344"}],"curies":[{"name":"wp","href":"https:\/\/api.w.org\/{rel}","templated":true}]}}