{"id":1421,"date":"2020-12-14T15:14:34","date_gmt":"2020-12-14T14:14:34","guid":{"rendered":"https:\/\/lerondpointmeribel.com\/?page_id=1421"},"modified":"2025-06-02T16:35:32","modified_gmt":"2025-06-02T14:35:32","slug":"job-saison-hiver-travailler-rond-point-meribel","status":"publish","type":"page","link":"https:\/\/lerondpointmeribel.com\/fr\/job-saison-hiver-travailler-rond-point-meribel\/","title":{"rendered":"Emploi saisonnier : travailler au Rond Point \u00e0 M\u00e9ribel"},"content":{"rendered":"<div class=\"wpb-content-wrapper\"><p>[vc_row full_width=\u00a0\u00bbstretch_row_content\u00a0\u00bb full_height=\u00a0\u00bbyes\u00a0\u00bb content_placement=\u00a0\u00bbmiddle\u00a0\u00bb parallax=\u00a0\u00bbcontent-moving\u00a0\u00bb parallax_image=\u00a0\u00bb1117&Prime;][vc_column][vc_custom_heading text=\u00a0\u00bbREJOIGNEZ L\u2019EQUIPE DU ROND POINT M\u00c9RIBEL !\u00a0\u00bb font_container=\u00a0\u00bbtag:h1|text_align:center|color:%23ffffff\u00a0\u00bb el_class=\u00a0\u00bbscrollable-section\u00a0\u00bb][\/vc_column][\/vc_row][vc_row full_width=\u00a0\u00bbstretch_row_content\u00a0\u00bb full_height=\u00a0\u00bbyes\u00a0\u00bb content_placement=\u00a0\u00bbmiddle\u00a0\u00bb][vc_column][vc_custom_heading text=\u00a0\u00bbUn job, Une Vie, Trois Vall\u00e9es\u00a0\u00bb font_container=\u00a0\u00bbtag:h3|text_align:center|color:%23ed8b00&Prime; use_theme_fonts=\u00a0\u00bbyes\u00a0\u00bb el_class=\u00a0\u00bbscrollable-section\u00a0\u00bb][vc_empty_space el_class=\u00a0\u00bbscrollable-section\u00a0\u00bb][vc_column_text]<\/p>\n<p style=\"text-align: center;\">Postulez \u00e0 un emploi saisonnier au Rond Point M\u00e9ribel pour avoir l\u2019impression de ne pas travailler de la saison !<\/p>\n<p style=\"text-align: center;\">Enfin presque\u2026..<\/p>\n<p style=\"text-align: center;\">En haut des pistes, avec une vue imprenable sur la vall\u00e9e, on a connu pire comme lieu de travail\u00a0!<\/p>\n<p style=\"text-align: center;\">En fait, le <strong>Rond Point<\/strong> est situ\u00e9 dans l\u2019une des meilleures <strong>stations de ski<\/strong> de France !<\/p>\n<p style=\"text-align: center;\">Eh oui,\u00a0 alors que certains peuvent skier une semaine, vous pourriez avoir la chance d&rsquo;en profiter toute la saison !<\/p>\n<h4 style=\"text-align: center;\">Alors, pourquoi choisir <a href=\"https:\/\/www.meribel.net\/\" target=\"_blank\" rel=\"noopener\">M\u00e9ribel<\/a> ?<\/h4>\n<p style=\"text-align: center;\">Situ\u00e9 dans le c\u0153ur du domaine des Trois Vall\u00e9es, M\u00e9ribel est parfaitement positionn\u00e9 entre Courchevel et Val Thorens, ce qui vous donne acc\u00e8s aux <em>TROIS<\/em> stations de ski les <strong>plus pris\u00e9es de France !<\/strong><\/p>\n<p style=\"text-align: center;\">Travailler \u00e0 M\u00e9ribel, c\u2019est donc \u00eatre dans l\u2019une des stations de ski <strong>les plus grande au monde<\/strong>, avec deux parcs \u00e0 snowboard, une patinoire, ET aussi une vie nocturne \u00e0 ne pas dormir qui promet des moments inoubliables !<\/p>\n<h4 style=\"text-align: center;\">Et pourquoi postuler pour un emploi saisonnier au Rond Point ?<\/h4>\n<p style=\"text-align: center;\">Si M\u00e9ribel est au c\u0153ur des Trois Vall\u00e9es, alors le Rond Point est au c\u0153ur de M\u00e9ribel ! <strong><span style=\"color: #0000ff;\"><a style=\"color: #0000ff;\" href=\"https:\/\/app.onewayinterview.com\/interview\/reply\/NgfmWTVY3PXIheR8cxAI?fbclid=PAQ0xDSwKqZTlleHRuA2FlbQIxMQABpzqg0VEtWwoqcrxEj_XsAwl3WUCoUmBK4X2Y3O56Z59hz0c-YEhHuL8iibPb_aem_Rq5epWpBmTdoKRDWTvJONQ\" target=\"_blank\" rel=\"noopener\">Nous recrutons<\/a> <\/span><\/strong>pour animer notre \u00e9tablissement qui pulse lors de la saison de ski et nous proposons donc des emplois saisonniers d\u00e8s novembre chaque ann\u00e9e.<\/p>\n<p>[\/vc_column_text][vc_column_text]<\/p>\n<h3 style=\"text-align: center;\">Le Rond Point, un des meilleurs bars \u00ab apr\u00e8s-ski \u00bb d\u2019Europe, propose des jobs saisonniers, rejoignez la team du Ronnie !<\/h3>\n<p>[\/vc_column_text][vc_row_inner content_placement=\u00a0\u00bbbottom\u00a0\u00bb][vc_column_inner width=\u00a0\u00bb1\/2&Prime;][vc_single_image image=\u00a0\u00bb1119&Prime; img_size=\u00a0\u00bblarge\u00a0\u00bb style=\u00a0\u00bbvc_box_shadow_3d\u00a0\u00bb][\/vc_column_inner][vc_column_inner width=\u00a0\u00bb1\/2&Prime;][vc_column_text]Nous sommes ouvert t\u00f4t jusqu\u2019\u00e0 la fermeture des pistes, avec deux restaurants et de la musique LIVE tous le jours !!!<\/p>\n<h4>Avec une <a href=\"https:\/\/lerondpointmeribel.com\/fr\/restaurant-altitude-meribel-rond-point\/\">terrasse restaurant<\/a> \u00ab ski aux pieds \u00bb, un <a href=\"https:\/\/lerondpointmeribel.com\/fr\/snack-meribel-fast-food-restaurant-bar-rond-point-restauration-rapide-burger-emporter-sur-place\/\">snack mode &lsquo;fast food&rsquo;<\/a> et cerise sur le g\u00e2teau : une \u00e9norme piste de danse en open air ! C\u2019est donc un endroit bond\u00e9 tout au long de la journ\u00e9e !<\/h4>\n<p>Ici, la saison d\u00e9marre en D\u00e9cembre et se termine en Avril, et les recrutements commence en milieu de l\u2019\u00e9t\u00e9 ! Alors c\u2019est le moment de <span style=\"color: #0000ff;\"><strong><a style=\"color: #0000ff;\" href=\"https:\/\/app.onewayinterview.com\/interview\/reply\/NgfmWTVY3PXIheR8cxAI?fbclid=PAQ0xDSwKqZTlleHRuA2FlbQIxMQABpzqg0VEtWwoqcrxEj_XsAwl3WUCoUmBK4X2Y3O56Z59hz0c-YEhHuL8iibPb_aem_Rq5epWpBmTdoKRDWTvJONQ\" target=\"_blank\" rel=\"noopener\">postuler<\/a>?<\/strong><\/span> Tu pense pas ?<\/p>\n<p>Nous cherchons des personnes souriantes, motiv\u00e9es et qui sont pr\u00eates \u00e0 travailler dans un cadre idyllique dans une station de ski tr\u00e8s dynamique ![\/vc_column_text][\/vc_column_inner][\/vc_row_inner][\/vc_column][\/vc_row][vc_row full_width=\u00a0\u00bbstretch_row_content\u00a0\u00bb full_height=\u00a0\u00bbyes\u00a0\u00bb][vc_column][vc_custom_heading text=\u00a0\u00bbHello, is it you we&rsquo;re looking for?\u00a0\u00bb font_container=\u00a0\u00bbtag:h2|text_align:center|color:%23ed8b00&Prime;][vc_row_inner content_placement=\u00a0\u00bbbottom\u00a0\u00bb][vc_column_inner width=\u00a0\u00bb1\/2&Prime;][vc_column_text]<\/p>\n<h4 style=\"text-align: left;\">Tu es travailleur \u00e0 l\u2019esprit f\u00eatard et en plus, tu adores les sports de glisse\u00a0???<\/h4>\n<p style=\"text-align: left;\">Que ce soit ta premi\u00e8re fois en tant que saisonnier ou si c\u2019est ta raison de vivre, le Ronnie veut apprendre \u00e0 te connaitre\u00a0!<\/p>\n<p style=\"text-align: left;\">(Oui, le Rond Point \u00e0 m\u00eame un surnom : Le Ronnie)<\/p>\n<p style=\"text-align: left;\"><strong>Id\u00e9alement, nous recherchons une personne avec une premi\u00e8re exp\u00e9rience dans le monde de la restauration et du service, vu que le Ronnie, c\u2019est avant tout un BAR &amp; RESTAURANT D\u2019ALTITUDE !<\/strong><\/p>\n<p style=\"text-align: left;\">Mais en v\u00e9rit\u00e9, <strong>la rigueur au travail<\/strong> et une <strong>personnalit\u00e9 au top<\/strong> marchent ensemble\u00a0!<\/p>\n<p style=\"text-align: left;\">Alors, si tu pense avoir la <strong>bonne attitude<\/strong> et que tu es pr\u00eat \u00e0 passer ton hiver dans les montagnes \u00e0 <strong>servir les clients avec le sourire<\/strong>, <span style=\"color: #0000ff;\"><strong><a style=\"color: #0000ff;\" href=\"https:\/\/app.onewayinterview.com\/interview\/reply\/NgfmWTVY3PXIheR8cxAI?fbclid=PAQ0xDSwKqZTlleHRuA2FlbQIxMQABpzqg0VEtWwoqcrxEj_XsAwl3WUCoUmBK4X2Y3O56Z59hz0c-YEhHuL8iibPb_aem_Rq5epWpBmTdoKRDWTvJONQ\" target=\"_blank\" rel=\"noopener\">postule aujourd&rsquo;hui\u00a0<\/a> !<\/strong><\/span><\/p>\n<p>[\/vc_column_text][\/vc_column_inner][vc_column_inner width=\u00a0\u00bb1\/2&Prime;][vc_single_image image=\u00a0\u00bb1122&Prime; img_size=\u00a0\u00bblarge\u00a0\u00bb alignment=\u00a0\u00bbright\u00a0\u00bb style=\u00a0\u00bbvc_box_shadow_3d\u00a0\u00bb][\/vc_column_inner][\/vc_row_inner][vc_column_text]<\/p>\n<h3>REJOINS NOTRE EQUIPE, VIS UNE EXPERIENCE INOUBLIABLE\u00a0!<\/h3>\n<p>[\/vc_column_text][vc_row_inner][vc_column_inner width=\u00a0\u00bb1\/2&Prime;][vc_single_image image=\u00a0\u00bb1132&Prime; img_size=\u00a0\u00bblarge\u00a0\u00bb style=\u00a0\u00bbvc_box_shadow_3d\u00a0\u00bb][\/vc_column_inner][vc_column_inner width=\u00a0\u00bb1\/2&Prime;][vc_column_text]<\/p>\n<h3 style=\"text-align: center;\">POURQUOI TRAVAILLER DANS UN BUREAU\u2026.<\/h3>\n<h3 style=\"text-align: center;\">QUAND TU PEUX TRAVAILLER AU ROND POINT BAR?<\/h3>\n<p style=\"text-align: center;\">Nous cherchons des serveurs, barmans, cuisiniers, chefs et managers\u00a0!<\/p>\n<p style=\"text-align: center;\">Que tu fasses des bonhommes de neige pour nettoyer la terrasse, que tu navigues avec une vingtaine de pintes dans les mains ou que tu fasses du slalom entre les gens dans une foule bond\u00e9es, ici , on pr\u00f4ne l\u2019ESPRIT D\u2019EQUIPE !<\/p>\n<p style=\"text-align: center;\">Litt\u00e9ralement, on mange, on dort et on travaille ensemble, H24, 7 jours sur 7. Alors c\u2019est essentiel d&rsquo;\u00eatre une personne sociable!<\/p>\n<p>[\/vc_column_text][\/vc_column_inner][\/vc_row_inner][vc_column_text]<\/p>\n<h3 style=\"text-align: center;\">TU R\u00caVES DE FAIRE CETTE SAISON D&rsquo;HIVER ?<\/h3>\n<p style=\"text-align: center;\">ARR\u00caTE D\u2019ESPERER\u00a0! VIS TON R\u00caVE\u00a0!<\/p>\n<p>[\/vc_column_text][vc_btn title=\u00a0\u00bbPostule aujourd&rsquo;hui\u00a0\u00bb link=\u00a0\u00bburl:https%3A%2F%2Fapp.willotalent.com%2Finvite%2FOEqvBG%2F|target:_blank\u00a0\u00bb][vc_row_inner][vc_column_inner width=\u00a0\u00bb1\/2&Prime;][vc_single_image image=\u00a0\u00bb1138&Prime; img_size=\u00a0\u00bblarge\u00a0\u00bb style=\u00a0\u00bbvc_box_shadow_3d\u00a0\u00bb][\/vc_column_inner][vc_column_inner width=\u00a0\u00bb1\/2&Prime;][vc_single_image image=\u00a0\u00bb979&Prime; img_size=\u00a0\u00bblarge\u00a0\u00bb alignment=\u00a0\u00bbright\u00a0\u00bb style=\u00a0\u00bbvc_box_shadow_3d\u00a0\u00bb][\/vc_column_inner][\/vc_row_inner][vc_column_text]<\/p>\n<p style=\"text-align: center;\">Comme il est pr\u00e9cis\u00e9, nous travaillons en \u00e9quipe, alors n\u2019h\u00e9sites pas \u00e0 regarder nos autres bars alpins\u00a0!<\/p>\n<p style=\"text-align: center;\"><a href=\"https:\/\/latavernemeribel.com\/#1\">La Taverne Meribel<\/a> , <a href=\"https:\/\/brewersdenmeribel.com\/#1\">The Brewer&rsquo;s Den<\/a>, <a href=\"https:\/\/sullysmeribel.com\/#1\">Sullys Meribel<\/a><\/p>\n<p style=\"text-align: center;\"><strong><span style=\"color: #0000ff;\"><a style=\"color: #0000ff;\" href=\"https:\/\/app.onewayinterview.com\/interview\/reply\/NgfmWTVY3PXIheR8cxAI?fbclid=PAQ0xDSwKqZTlleHRuA2FlbQIxMQABpzqg0VEtWwoqcrxEj_XsAwl3WUCoUmBK4X2Y3O56Z59hz0c-YEhHuL8iibPb_aem_Rq5epWpBmTdoKRDWTvJONQ\" target=\"_blank\" rel=\"noopener\">POSTULEZ AUJOURD&rsquo;HUI\u00a0<\/a><\/span><\/strong><\/p>\n<p>[\/vc_column_text][\/vc_column][\/vc_row]<\/p>\n<\/div>","protected":false},"excerpt":{"rendered":"<p>[vc_row full_width=\u00a0\u00bbstretch_row_content\u00a0\u00bb full_height=\u00a0\u00bbyes\u00a0\u00bb content_placement=\u00a0\u00bbmiddle\u00a0\u00bb parallax=\u00a0\u00bbcontent-moving\u00a0\u00bb parallax_image=\u00a0\u00bb1117&Prime;][vc_column][vc_custom_heading text=\u00a0\u00bbREJOIGNEZ L\u2019EQUIPE DU ROND POINT M\u00c9RIBEL !\u00a0\u00bb font_container=\u00a0\u00bbtag:h1|text_align:center|color:%23ffffff\u00a0\u00bb el_class=\u00a0\u00bbscrollable-section\u00a0\u00bb][\/vc_column][\/vc_row][vc_row full_width=\u00a0\u00bbstretch_row_content\u00a0\u00bb full_height=\u00a0\u00bbyes\u00a0\u00bb content_placement=\u00a0\u00bbmiddle\u00a0\u00bb][vc_column][vc_custom_heading text=\u00a0\u00bbUn job, Une Vie, Trois Vall\u00e9es\u00a0\u00bb font_container=\u00a0\u00bbtag:h3|text_align:center|color:%23ed8b00&Prime; use_theme_fonts=\u00a0\u00bbyes\u00a0\u00bb el_class=\u00a0\u00bbscrollable-section\u00a0\u00bb][vc_empty_space el_class=\u00a0\u00bbscrollable-section\u00a0\u00bb][vc_column_text] Postulez \u00e0 un emploi saisonnier au Rond Point M\u00e9ribel pour avoir l\u2019impression de ne pas travailler de la saison ! Enfin presque\u2026.. En haut des pistes, avec &hellip; <\/p>\n<p class=\"link-more\"><a href=\"https:\/\/lerondpointmeribel.com\/fr\/job-saison-hiver-travailler-rond-point-meribel\/\" class=\"more-link\">Continuer la lecture<span class=\"screen-reader-text\"> de &laquo;&nbsp;Emploi saisonnier : travailler au Rond Point \u00e0 M\u00e9ribel&nbsp;&raquo;<\/span><\/a><\/p>\n","protected":false},"author":4,"featured_media":0,"parent":0,"menu_order":0,"comment_status":"closed","ping_status":"closed","template":"","meta":{"footnotes":""},"yoast_head":"<!-- This site is optimized with the Yoast SEO plugin v21.8 - https:\/\/yoast.com\/wordpress\/plugins\/seo\/ -->\n<title>Emploi saisonnier : travailler durant la saison de ski au Rond Point, M\u00e9ribel<\/title>\n<meta name=\"description\" content=\"Vous recherchez un emploi saisonnier pour l\u2019hiver ? Rejoignez la team du Rond Point Meribel, un des meilleurs bars \u00ab apr\u00e8s-ski \u00bb d\u2019Europe !\" \/>\n<meta name=\"robots\" content=\"index, follow, max-snippet:-1, max-image-preview:large, max-video-preview:-1\" \/>\n<link rel=\"canonical\" href=\"https:\/\/lerondpointmeribel.com\/fr\/job-saison-hiver-travailler-rond-point-meribel\/\" \/>\n<meta property=\"og:locale\" content=\"fr_FR\" \/>\n<meta property=\"og:type\" content=\"article\" \/>\n<meta property=\"og:title\" content=\"Emploi saisonnier : travailler durant la saison de ski au Rond Point, M\u00e9ribel\" \/>\n<meta property=\"og:description\" content=\"Vous recherchez un emploi saisonnier pour l\u2019hiver ? Rejoignez la team du Rond Point Meribel, un des meilleurs bars \u00ab apr\u00e8s-ski \u00bb d\u2019Europe !\" \/>\n<meta property=\"og:url\" content=\"https:\/\/lerondpointmeribel.com\/fr\/job-saison-hiver-travailler-rond-point-meribel\/\" \/>\n<meta property=\"og:site_name\" content=\"Le Rond Point\" \/>\n<meta property=\"article:modified_time\" content=\"2025-06-02T14:35:32+00:00\" \/>\n<meta name=\"twitter:card\" content=\"summary_large_image\" \/>\n<meta name=\"twitter:label1\" content=\"Dur\u00e9e de lecture estim\u00e9e\" \/>\n\t<meta name=\"twitter:data1\" content=\"4 minutes\" \/>\n<script type=\"application\/ld+json\" class=\"yoast-schema-graph\">{\"@context\":\"https:\/\/schema.org\",\"@graph\":[{\"@type\":\"WebPage\",\"@id\":\"https:\/\/lerondpointmeribel.com\/fr\/job-saison-hiver-travailler-rond-point-meribel\/\",\"url\":\"https:\/\/lerondpointmeribel.com\/fr\/job-saison-hiver-travailler-rond-point-meribel\/\",\"name\":\"Emploi saisonnier : travailler durant la saison de ski au Rond Point, M\u00e9ribel\",\"isPartOf\":{\"@id\":\"https:\/\/lerondpointmeribel.com\/#website\"},\"datePublished\":\"2020-12-14T14:14:34+00:00\",\"dateModified\":\"2025-06-02T14:35:32+00:00\",\"description\":\"Vous recherchez un emploi saisonnier pour l\u2019hiver ? Rejoignez la team du Rond Point Meribel, un des meilleurs bars \u00ab apr\u00e8s-ski \u00bb d\u2019Europe !\",\"breadcrumb\":{\"@id\":\"https:\/\/lerondpointmeribel.com\/fr\/job-saison-hiver-travailler-rond-point-meribel\/#breadcrumb\"},\"inLanguage\":\"fr-FR\",\"potentialAction\":[{\"@type\":\"ReadAction\",\"target\":[\"https:\/\/lerondpointmeribel.com\/fr\/job-saison-hiver-travailler-rond-point-meribel\/\"]}]},{\"@type\":\"BreadcrumbList\",\"@id\":\"https:\/\/lerondpointmeribel.com\/fr\/job-saison-hiver-travailler-rond-point-meribel\/#breadcrumb\",\"itemListElement\":[{\"@type\":\"ListItem\",\"position\":1,\"name\":\"Home\",\"item\":\"https:\/\/lerondpointmeribel.com\/fr\/\"},{\"@type\":\"ListItem\",\"position\":2,\"name\":\"Emploi saisonnier : travailler au Rond Point \u00e0 M\u00e9ribel\"}]},{\"@type\":\"WebSite\",\"@id\":\"https:\/\/lerondpointmeribel.com\/#website\",\"url\":\"https:\/\/lerondpointmeribel.com\/\",\"name\":\"Le Rond Point\",\"description\":\"Lunch Music &amp; Events\",\"publisher\":{\"@id\":\"https:\/\/lerondpointmeribel.com\/#organization\"},\"potentialAction\":[{\"@type\":\"SearchAction\",\"target\":{\"@type\":\"EntryPoint\",\"urlTemplate\":\"https:\/\/lerondpointmeribel.com\/?s={search_term_string}\"},\"query-input\":\"required name=search_term_string\"}],\"inLanguage\":\"fr-FR\"},{\"@type\":\"Organization\",\"@id\":\"https:\/\/lerondpointmeribel.com\/#organization\",\"name\":\"Le Rond Point Meribel\",\"url\":\"https:\/\/lerondpointmeribel.com\/\",\"logo\":{\"@type\":\"ImageObject\",\"inLanguage\":\"fr-FR\",\"@id\":\"https:\/\/lerondpointmeribel.com\/#\/schema\/logo\/image\/\",\"url\":\"https:\/\/lerondpointmeribel.com\/wp-content\/uploads\/2019\/01\/cropped-RP-LogoSI.png\",\"contentUrl\":\"https:\/\/lerondpointmeribel.com\/wp-content\/uploads\/2019\/01\/cropped-RP-LogoSI.png\",\"width\":1224,\"height\":250,\"caption\":\"Le Rond Point Meribel\"},\"image\":{\"@id\":\"https:\/\/lerondpointmeribel.com\/#\/schema\/logo\/image\/\"}}]}<\/script>\n<!-- \/ Yoast SEO plugin. -->","yoast_head_json":{"title":"Emploi saisonnier : travailler durant la saison de ski au Rond Point, M\u00e9ribel","description":"Vous recherchez un emploi saisonnier pour l\u2019hiver ? Rejoignez la team du Rond Point Meribel, un des meilleurs bars \u00ab apr\u00e8s-ski \u00bb d\u2019Europe !","robots":{"index":"index","follow":"follow","max-snippet":"max-snippet:-1","max-image-preview":"max-image-preview:large","max-video-preview":"max-video-preview:-1"},"canonical":"https:\/\/lerondpointmeribel.com\/fr\/job-saison-hiver-travailler-rond-point-meribel\/","og_locale":"fr_FR","og_type":"article","og_title":"Emploi saisonnier : travailler durant la saison de ski au Rond Point, M\u00e9ribel","og_description":"Vous recherchez un emploi saisonnier pour l\u2019hiver ? Rejoignez la team du Rond Point Meribel, un des meilleurs bars \u00ab apr\u00e8s-ski \u00bb d\u2019Europe !","og_url":"https:\/\/lerondpointmeribel.com\/fr\/job-saison-hiver-travailler-rond-point-meribel\/","og_site_name":"Le Rond Point","article_modified_time":"2025-06-02T14:35:32+00:00","twitter_card":"summary_large_image","twitter_misc":{"Dur\u00e9e de lecture estim\u00e9e":"4 minutes"},"schema":{"@context":"https:\/\/schema.org","@graph":[{"@type":"WebPage","@id":"https:\/\/lerondpointmeribel.com\/fr\/job-saison-hiver-travailler-rond-point-meribel\/","url":"https:\/\/lerondpointmeribel.com\/fr\/job-saison-hiver-travailler-rond-point-meribel\/","name":"Emploi saisonnier : travailler durant la saison de ski au Rond Point, M\u00e9ribel","isPartOf":{"@id":"https:\/\/lerondpointmeribel.com\/#website"},"datePublished":"2020-12-14T14:14:34+00:00","dateModified":"2025-06-02T14:35:32+00:00","description":"Vous recherchez un emploi saisonnier pour l\u2019hiver ? Rejoignez la team du Rond Point Meribel, un des meilleurs bars \u00ab apr\u00e8s-ski \u00bb d\u2019Europe !","breadcrumb":{"@id":"https:\/\/lerondpointmeribel.com\/fr\/job-saison-hiver-travailler-rond-point-meribel\/#breadcrumb"},"inLanguage":"fr-FR","potentialAction":[{"@type":"ReadAction","target":["https:\/\/lerondpointmeribel.com\/fr\/job-saison-hiver-travailler-rond-point-meribel\/"]}]},{"@type":"BreadcrumbList","@id":"https:\/\/lerondpointmeribel.com\/fr\/job-saison-hiver-travailler-rond-point-meribel\/#breadcrumb","itemListElement":[{"@type":"ListItem","position":1,"name":"Home","item":"https:\/\/lerondpointmeribel.com\/fr\/"},{"@type":"ListItem","position":2,"name":"Emploi saisonnier : travailler au Rond Point \u00e0 M\u00e9ribel"}]},{"@type":"WebSite","@id":"https:\/\/lerondpointmeribel.com\/#website","url":"https:\/\/lerondpointmeribel.com\/","name":"Le Rond Point","description":"Lunch Music &amp; Events","publisher":{"@id":"https:\/\/lerondpointmeribel.com\/#organization"},"potentialAction":[{"@type":"SearchAction","target":{"@type":"EntryPoint","urlTemplate":"https:\/\/lerondpointmeribel.com\/?s={search_term_string}"},"query-input":"required name=search_term_string"}],"inLanguage":"fr-FR"},{"@type":"Organization","@id":"https:\/\/lerondpointmeribel.com\/#organization","name":"Le Rond Point Meribel","url":"https:\/\/lerondpointmeribel.com\/","logo":{"@type":"ImageObject","inLanguage":"fr-FR","@id":"https:\/\/lerondpointmeribel.com\/#\/schema\/logo\/image\/","url":"https:\/\/lerondpointmeribel.com\/wp-content\/uploads\/2019\/01\/cropped-RP-LogoSI.png","contentUrl":"https:\/\/lerondpointmeribel.com\/wp-content\/uploads\/2019\/01\/cropped-RP-LogoSI.png","width":1224,"height":250,"caption":"Le Rond Point Meribel"},"image":{"@id":"https:\/\/lerondpointmeribel.com\/#\/schema\/logo\/image\/"}}]}},"publishpress_future_action":{"enabled":false,"date":"2026-04-12 07:54:08","action":"draft","terms":[],"taxonomy":""},"_links":{"self":[{"href":"https:\/\/lerondpointmeribel.com\/fr\/wp-json\/wp\/v2\/pages\/1421"}],"collection":[{"href":"https:\/\/lerondpointmeribel.com\/fr\/wp-json\/wp\/v2\/pages"}],"about":[{"href":"https:\/\/lerondpointmeribel.com\/fr\/wp-json\/wp\/v2\/types\/page"}],"author":[{"embeddable":true,"href":"https:\/\/lerondpointmeribel.com\/fr\/wp-json\/wp\/v2\/users\/4"}],"replies":[{"embeddable":true,"href":"https:\/\/lerondpointmeribel.com\/fr\/wp-json\/wp\/v2\/comments?post=1421"}],"version-history":[{"count":14,"href":"https:\/\/lerondpointmeribel.com\/fr\/wp-json\/wp\/v2\/pages\/1421\/revisions"}],"predecessor-version":[{"id":2218,"href":"https:\/\/lerondpointmeribel.com\/fr\/wp-json\/wp\/v2\/pages\/1421\/revisions\/2218"}],"wp:attachment":[{"href":"https:\/\/lerondpointmeribel.com\/fr\/wp-json\/wp\/v2\/media?parent=1421"}],"curies":[{"name":"wp","href":"https:\/\/api.w.org\/{rel}","templated":true}]}}