{"id":1491,"date":"2021-01-20T15:31:41","date_gmt":"2021-01-20T14:31:41","guid":{"rendered":"https:\/\/lerondpointmeribel.com\/?page_id=1491"},"modified":"2024-12-12T10:46:42","modified_gmt":"2024-12-12T09:46:42","slug":"restaurant-altitude-meribel-rond-point","status":"publish","type":"page","link":"https:\/\/lerondpointmeribel.com\/fr\/restaurant-altitude-meribel-rond-point\/","title":{"rendered":"Restaurant d&rsquo;altitude Le Rond Point"},"content":{"rendered":"<div class=\"wpb-content-wrapper\"><p>[vc_row full_width=\u00a0\u00bbstretch_row_content\u00a0\u00bb full_height=\u00a0\u00bbyes\u00a0\u00bb columns_placement=\u00a0\u00bbbottom\u00a0\u00bb parallax=\u00a0\u00bbcontent-moving\u00a0\u00bb parallax_image=\u00a0\u00bb1071&Prime; css=\u00a0\u00bb.vc_custom_1608046985232{background-image: url(https:\/\/lerondpointmeribel.com\/wp-content\/uploads\/2020\/12\/Le-Snack-du-Rond-Point-Meribel-1.jpg?id=1384) !important;background-position: center;background-repeat: no-repeat !important;background-size: cover !important;}\u00a0\u00bb][vc_column][vc_custom_heading text=\u00a0\u00bbLe restaurant d&rsquo;altitude du Rond Point vous comblera autant par ses plats que par sa vue !\u00a0\u00bb font_container=\u00a0\u00bbtag:h1|font_size:40|text_align:center|color:%23ffffff\u00a0\u00bb use_theme_fonts=\u00a0\u00bbyes\u00a0\u00bb css=\u00a0\u00bb.vc_custom_1608129656417{background-position: center !important;background-repeat: no-repeat !important;background-size: cover !important;}\u00a0\u00bb][\/vc_column][\/vc_row][vc_row full_width=\u00a0\u00bbstretch_row_content\u00a0\u00bb full_height=\u00a0\u00bbyes\u00a0\u00bb][vc_column][vc_empty_space height=\u00a0\u00bb50px\u00a0\u00bb][vc_row_inner equal_height=\u00a0\u00bbyes\u00a0\u00bb content_placement=\u00a0\u00bbtop\u00a0\u00bb css=\u00a0\u00bb.vc_custom_1541520506989{background-color: #ffffff !important;}\u00a0\u00bb][vc_column_inner el_class=\u00a0\u00bboutlined\u00a0\u00bb width=\u00a0\u00bb1\/2&Prime; css=\u00a0\u00bb.vc_custom_1541518607829{margin-top: 30px !important;margin-right: 30px !important;margin-bottom: 30px !important;margin-left: 30px !important;padding-top: 30px !important;padding-right: 30px !important;padding-bottom: 30px !important;padding-left: 30px !important;}\u00a0\u00bb][vc_column_text]<\/p>\n<h3 style=\"text-align: center;\"><span style=\"color: #ff9900;\"><em>Restaurant Le Rond Point : un endroit incontournable pour manger en altitude!<\/em><\/span><\/h3>\n<p style=\"text-align: center;\">R\u00e9galez-vous au d\u00e9jeuner dans notre restaurant d&rsquo;altitude, et plus tard&#8230; \u00e9clatez-vous avec de la musique live pendant l&rsquo;apr\u00e8s-ski !<\/p>\n<p style=\"text-align: center;\">Au c\u0153ur des montagnes, surplombant la Vall\u00e9e, ne manquez pas la vue imprenable depuis notre terrasse ensoleill\u00e9e.<\/p>\n<p style=\"text-align: center;\">Avec des plats fait maison, venir ici vous apportera directement la sensation d\u2019\u00eatre \u00ab comme \u00e0 la maison \u00bb.<\/p>\n<p style=\"text-align: center;\">Le Ronnie est tr\u00e8s pris\u00e9 par les groupes d\u2019amis et par les familles qui souhaitent une exp\u00e9rience chaleureuse et conviviale.<\/p>\n<p style=\"text-align: center;\">Notre grande terrasse vous accueille \u00e0 bras ouverts mais pour les jours de mauvais temps, r\u00e9chauffez-vous \u00e0 l\u2019int\u00e9rieur dans notre chalet cosy.<\/p>\n<p style=\"text-align: center;\">Faites une pause entre deux pistes et venez au <a href=\"https:\/\/lerondpointmeribel.com\/fr\/#2\" target=\"_blank\" rel=\"noopener\">Rond Point<\/a>\u00a0!<\/p>\n<p>[\/vc_column_text][vc_btn title=\u00a0\u00bbRESERVEZ VOTRE TABLE\u00a0\u00bb link=\u00a0\u00bburl:https%3A%2F%2Fbookings.zenchef.com%2Fresults%3Frid%3D368815%26pid%3D1001|target:_blank\u00a0\u00bb][\/vc_column_inner][vc_column_inner width=\u00a0\u00bb1\/2&Prime; css=\u00a0\u00bb.vc_custom_1608209020347{margin-top: 15px !important;margin-right: 15px !important;margin-bottom: 15px !important;margin-left: 15px !important;padding-top: 50px !important;padding-bottom: 50px !important;background-image: url(https:\/\/lerondpointmeribel.com\/wp-content\/uploads\/2020\/12\/vue-sur-les-montagnes-au-rond-point-restaurant-daltitude-meribel.jpeg?id=1555) !important;background-position: center !important;background-repeat: no-repeat !important;background-size: cover !important;}\u00a0\u00bb][\/vc_column_inner][\/vc_row_inner][vc_row_inner equal_height=\u00a0\u00bbyes\u00a0\u00bb rtl_reverse=\u00a0\u00bbyes\u00a0\u00bb content_placement=\u00a0\u00bbtop\u00a0\u00bb css=\u00a0\u00bb.vc_custom_1606314610588{background-color: #ffffff !important;}\u00a0\u00bb][vc_column_inner width=\u00a0\u00bb1\/2&Prime; css=\u00a0\u00bb.vc_custom_1608047754494{margin-top: 15px !important;margin-right: 15px !important;margin-bottom: 30px !important;margin-left: 15px !important;padding-top: 50px !important;padding-right: 50px !important;padding-bottom: 50px !important;padding-left: 50px !important;background-image: url(https:\/\/lerondpointmeribel.com\/wp-content\/uploads\/2020\/12\/Le-rond-point-fast-food-snack-restaurant-daltitude-meribel.jpg?id=1341) !important;background-position: center !important;background-repeat: no-repeat !important;background-size: cover !important;}\u00a0\u00bb][\/vc_column_inner][vc_column_inner width=\u00a0\u00bb1\/2&Prime; css=\u00a0\u00bb.vc_custom_1606312656278{margin-top: 15px !important;margin-right: 15px !important;margin-bottom: 15px !important;margin-left: 15px !important;padding-top: 50px !important;padding-bottom: 50px !important;background-position: center !important;background-repeat: no-repeat !important;background-size: cover !important;}\u00a0\u00bb][vc_column_text]<\/p>\n<h3 style=\"text-align: center;\"><span style=\"color: #ff9900;\"><em>Ambiance chaleureuse et d\u00e9contract\u00e9e.<\/em><\/span><\/h3>\n<p style=\"text-align: center;\">Nich\u00e9 aux creux des pistes, avec une carte des vins venant du monde entier, des menus enfants et m\u00eame un snack, le Rond Point <em>r\u00e9pond aux attentes de chacun !<\/em><\/p>\n<p style=\"text-align: center;\">On sait pourquoi nos clients reviennent ann\u00e9e apr\u00e8s ann\u00e9e !<\/p>\n<p>[\/vc_column_text][vc_column_text]<\/p>\n<p style=\"text-align: center;\"><strong>Qu\u2019attendez-vous ?? <\/strong><\/p>\n<p style=\"text-align: center;\"><strong>Venez au Rond Point, relaxez-vous, faites une pause et appr\u00e9ciez ce moment de pl\u00e9nitude dans un d\u00e9cor f\u00e9erique !<\/strong><\/p>\n<p>[\/vc_column_text][vc_btn title=\u00a0\u00bbR\u00c9SERVEZ VOTRE TABLE\u00a0\u00bb align=\u00a0\u00bbcenter\u00a0\u00bb link=\u00a0\u00bburl:https%3A%2F%2Flerondpointmeribel.com%2Ffr%2Fbar-restaurant-sur-les-pistes-meribel-rond-point%2F|title:Infos|target:_blank\u00a0\u00bb][vc_btn title=\u00a0\u00bbMENU\u00a0\u00bb align=\u00a0\u00bbcenter\u00a0\u00bb link=\u00a0\u00bburl:https%3A%2F%2Fm.appero.co%2F%23b649d520-4a09-432e-be50-b1e41251ebfe|title:Infos|target:_blank\u00a0\u00bb][\/vc_column_inner][\/vc_row_inner][vc_row_inner equal_height=\u00a0\u00bbyes\u00a0\u00bb rtl_reverse=\u00a0\u00bbyes\u00a0\u00bb content_placement=\u00a0\u00bbtop\u00a0\u00bb css=\u00a0\u00bb.vc_custom_1608048182071{background-color: #ffffff !important;}\u00a0\u00bb][vc_column_inner width=\u00a0\u00bb1\/2&Prime; css=\u00a0\u00bb.vc_custom_1608047869883{margin-top: 15px !important;margin-right: 15px !important;margin-bottom: 30px !important;margin-left: 15px !important;padding-top: 50px !important;padding-right: 50px !important;padding-bottom: 50px !important;padding-left: 50px !important;background-position: center !important;background-repeat: no-repeat !important;background-size: cover !important;}\u00a0\u00bb][vc_single_image image=\u00a0\u00bb1550&Prime; img_size=\u00a0\u00bbfull\u00a0\u00bb alignment=\u00a0\u00bbcenter\u00a0\u00bb][\/vc_column_inner][vc_column_inner width=\u00a0\u00bb1\/2&Prime; css=\u00a0\u00bb.vc_custom_1608131487930{margin-top: 15px !important;margin-right: 15px !important;margin-bottom: 15px !important;margin-left: 15px !important;padding-top: 50px !important;padding-bottom: 50px !important;background-image: url(https:\/\/lerondpointmeribel.com\/wp-content\/uploads\/2020\/12\/altitude-restaurant-du-rond-point-meribel-scaled.jpg?id=1520) !important;background-position: center !important;background-repeat: no-repeat !important;background-size: cover !important;}\u00a0\u00bb][vc_single_image image=\u00a0\u00bb1520&Prime; img_size=\u00a0\u00bbfull\u00a0\u00bb alignment=\u00a0\u00bbcenter\u00a0\u00bb][vc_column_text]<\/p>\n<p style=\"text-align: left;\"><span style=\"color: #ff9900;\"><em>Fraiche, saine et remplis de vitamines, nos assiettes vous permet de faire le plein d\u2019\u00e9nergie pour passer l\u2019apr\u00e8s-midi sur les pistes !<\/em><\/span><\/p>\n<p>[\/vc_column_text][\/vc_column_inner][\/vc_row_inner][\/vc_column][\/vc_row][vc_row full_width=\u00a0\u00bbstretch_row_content\u00a0\u00bb gap=\u00a0\u00bb10&Prime; equal_height=\u00a0\u00bbyes\u00a0\u00bb][vc_column width=\u00a0\u00bb1\/6&Prime;][\/vc_column][vc_column width=\u00a0\u00bb2\/3&Prime;][vc_column_text]<\/p>\n<h3 style=\"text-align: center;\"><span style=\"color: #ff9900;\"><em>Le restaurant du Rond Point vous propose des plats faits maison, pleins de saveurs, qui vous rappelleront l\u2019hiver avec une touche de modernit\u00e9.<\/em><\/span><\/h3>\n<p>[\/vc_column_text][vc_custom_heading text=\u00a0\u00bb\u00cates-vous pr\u00eat \u00e0 devenir un habitu\u00e9 du Ronnie ?\u00a0\u00bb font_container=\u00a0\u00bbtag:h3|text_align:center\u00a0\u00bb use_theme_fonts=\u00a0\u00bbyes\u00a0\u00bb][vc_column_text]<\/p>\n<p style=\"text-align: center;\" align=\"center\">Rejoignez-nous pour le d\u00e9jeuner, dans <strong>un cadre idyllique<\/strong>, qui vous fera oublier votre quotidien le temps d\u2019une apr\u00e8s-midi\u2026<\/p>\n<p style=\"text-align: center;\" align=\"center\"><a href=\"https:\/\/bookings.zenchef.com\/results?rid=368815&amp;pid=1001\" target=\"_blank\" rel=\"noopener\">R\u00e9servez votre table<\/a> d\u00e8s maintenant !<\/p>\n<p>[\/vc_column_text][vc_btn title=\u00a0\u00bbR\u00c9SERVEZ VOTRE TABLE\u00a0\u00bb align=\u00a0\u00bbcenter\u00a0\u00bb link=\u00a0\u00bburl:https%3A%2F%2Fbookings.zenchef.com%2Fresults%3Frid%3D368815%26pid%3D1001|target:_blank\u00a0\u00bb][vc_btn title=\u00a0\u00bbMENU\u00a0\u00bb align=\u00a0\u00bbcenter\u00a0\u00bb link=\u00a0\u00bburl:https%3A%2F%2Fm.appero.co%2F%23b649d520-4a09-432e-be50-b1e41251ebfe|title:Infos|target:_blank\u00a0\u00bb][\/vc_column][vc_column width=\u00a0\u00bb1\/6&Prime;][\/vc_column][\/vc_row][vc_row full_width=\u00a0\u00bbstretch_row_content\u00a0\u00bb gap=\u00a0\u00bb10&Prime; equal_height=\u00a0\u00bbyes\u00a0\u00bb][vc_column width=\u00a0\u00bb1\/6&Prime;][\/vc_column][vc_column width=\u00a0\u00bb2\/3&Prime;][vc_custom_heading text=\u00a0\u00bbVous voulez skier et manger sur le pouce ?\u00a0\u00bb font_container=\u00a0\u00bbtag:h3|text_align:center\u00a0\u00bb use_theme_fonts=\u00a0\u00bbyes\u00a0\u00bb][vc_column_text]<\/p>\n<p style=\"text-align: center;\" align=\"center\"><strong>Notre <a href=\"https:\/\/lerondpointmeribel.com\/fr\/snack-meribel-fast-food-restaurant-bar-rond-point-restauration-rapide-burger-emporter-sur-place\/\" target=\"_blank\" rel=\"noopener\">Snack<\/a> vous propose des formules pour un repas rapide, d\u00e9licieux et qui permet de prendre des forces pour vite repartir faire le plein de sensations fortes !<\/strong><\/p>\n<p style=\"text-align: center;\" align=\"center\">Ski, snowboard ou balade en montagne, \u00e7a creuse l\u2019app\u00e9tit pour le d\u00e9jeuner !<\/p>\n<p style=\"text-align: center;\" align=\"center\">Allez, hop, tous au ROND POINT !<\/p>\n<p style=\"text-align: center;\" align=\"center\">Situ\u00e9 au pied d&rsquo;une piste verte, sur le chemin de <strong>l\u2019Altiport<\/strong>, le Rond Point est facilement accessible via les pistes ou la route !<\/p>\n<p style=\"text-align: center;\" align=\"center\">Retrouvez-nous gr\u00e2ce \u00e0 notre plan des pistes et les horaires des Navettes <a href=\"https:\/\/montagne-ete.meribel.net\/commerce-et-service\/meribus-navettes-gratuites-de-meribel-meribel\/\" target=\"_blank\" rel=\"noopener\"><u>Gratuites<\/u><\/a>.<\/p>\n<p>[\/vc_column_text][\/vc_column][vc_column width=\u00a0\u00bb1\/6&Prime;][\/vc_column][\/vc_row][vc_row full_width=\u00a0\u00bbstretch_row_content\u00a0\u00bb gap=\u00a0\u00bb10&Prime; equal_height=\u00a0\u00bbyes\u00a0\u00bb][vc_column][vc_custom_heading text=\u00a0\u00bbRejoignez-nous au Rond Point, le restaurant d&rsquo;altitude au c\u0153ur de M\u00e9ribel.\u00a0\u00bb font_container=\u00a0\u00bbtag:h3|text_align:center\u00a0\u00bb use_theme_fonts=\u00a0\u00bbyes\u00a0\u00bb][\/vc_column][\/vc_row][vc_row][vc_column width=\u00a0\u00bb1\/3&Prime;][vc_btn title=\u00a0\u00bbLE SNACK\u00a0\u00bb align=\u00a0\u00bbcenter\u00a0\u00bb link=\u00a0\u00bburl:%2Fsnack-meribel-fast-food-restaurant-bar-rond-point-restauration-rapide-burger-emporter-sur-place|||\u00a0\u00bb][vc_single_image image=\u00a0\u00bb1333&Prime; img_size=\u00a0\u00bbmedium\u00a0\u00bb alignment=\u00a0\u00bbcenter\u00a0\u00bb style=\u00a0\u00bbvc_box_shadow_3d\u00a0\u00bb onclick=\u00a0\u00bbcustom_link\u00a0\u00bb img_link_target=\u00a0\u00bb_blank\u00a0\u00bb link=\u00a0\u00bbhttps:\/\/lerondpointmeribel.com\/fr\/snack-meribel-fast-food-restaurant-bar-rond-point-restauration-rapide-burger-emporter-sur-place\/\u00a0\u00bb][\/vc_column][vc_column width=\u00a0\u00bb1\/3&Prime;][vc_btn title=\u00a0\u00bbLIVE MUSIC\u00a0\u00bb align=\u00a0\u00bbcenter\u00a0\u00bb link=\u00a0\u00bburl:%2Ffr%2F|||\u00a0\u00bb][vc_single_image image=\u00a0\u00bb1487&Prime; img_size=\u00a0\u00bbmedium\u00a0\u00bb alignment=\u00a0\u00bbcenter\u00a0\u00bb style=\u00a0\u00bbvc_box_shadow_3d\u00a0\u00bb][\/vc_column][vc_column width=\u00a0\u00bb1\/3&Prime;][vc_btn title=\u00a0\u00bbGALLERIE\u00a0\u00bb align=\u00a0\u00bbcenter\u00a0\u00bb link=\u00a0\u00bburl:%2Ffr%2Fmeribel-bars-rond-point-bar-restaurant-apres-ski-musique-live-fete-altitude%2F|||\u00a0\u00bb][vc_single_image image=\u00a0\u00bb1575&Prime; img_size=\u00a0\u00bbmedium\u00a0\u00bb alignment=\u00a0\u00bbcenter\u00a0\u00bb style=\u00a0\u00bbvc_box_shadow_3d\u00a0\u00bb onclick=\u00a0\u00bbcustom_link\u00a0\u00bb img_link_target=\u00a0\u00bb_blank\u00a0\u00bb link=\u00a0\u00bbhttps:\/\/lerondpointmeribel.com\/fr\/meribel-bars-rond-point-bar-restaurant-apres-ski-musique-live-fete-altitude\/\u00a0\u00bb][\/vc_column][\/vc_row]<\/p>\n<\/div>","protected":false},"excerpt":{"rendered":"<p>[vc_row full_width=\u00a0\u00bbstretch_row_content\u00a0\u00bb full_height=\u00a0\u00bbyes\u00a0\u00bb columns_placement=\u00a0\u00bbbottom\u00a0\u00bb parallax=\u00a0\u00bbcontent-moving\u00a0\u00bb parallax_image=\u00a0\u00bb1071&Prime; css=\u00a0\u00bb.vc_custom_1608046985232{background-image: url(https:\/\/lerondpointmeribel.com\/wp-content\/uploads\/2020\/12\/Le-Snack-du-Rond-Point-Meribel-1.jpg?id=1384) !important;background-position: center;background-repeat: no-repeat !important;background-size: cover !important;}\u00a0\u00bb][vc_column][vc_custom_heading text=\u00a0\u00bbLe restaurant d&rsquo;altitude du Rond Point vous comblera autant par ses plats que par sa vue !\u00a0\u00bb font_container=\u00a0\u00bbtag:h1|font_size:40|text_align:center|color:%23ffffff\u00a0\u00bb use_theme_fonts=\u00a0\u00bbyes\u00a0\u00bb css=\u00a0\u00bb.vc_custom_1608129656417{background-position: center !important;background-repeat: no-repeat !important;background-size: cover !important;}\u00a0\u00bb][\/vc_column][\/vc_row][vc_row full_width=\u00a0\u00bbstretch_row_content\u00a0\u00bb full_height=\u00a0\u00bbyes\u00a0\u00bb][vc_column][vc_empty_space height=\u00a0\u00bb50px\u00a0\u00bb][vc_row_inner equal_height=\u00a0\u00bbyes\u00a0\u00bb content_placement=\u00a0\u00bbtop\u00a0\u00bb css=\u00a0\u00bb.vc_custom_1541520506989{background-color: #ffffff !important;}\u00a0\u00bb][vc_column_inner el_class=\u00a0\u00bboutlined\u00a0\u00bb width=\u00a0\u00bb1\/2&Prime; css=\u00a0\u00bb.vc_custom_1541518607829{margin-top: 30px !important;margin-right: 30px !important;margin-bottom: &hellip; <\/p>\n<p class=\"link-more\"><a href=\"https:\/\/lerondpointmeribel.com\/fr\/restaurant-altitude-meribel-rond-point\/\" class=\"more-link\">Continuer la lecture<span class=\"screen-reader-text\"> de &laquo;&nbsp;Restaurant d&rsquo;altitude Le Rond Point&nbsp;&raquo;<\/span><\/a><\/p>\n","protected":false},"author":4,"featured_media":0,"parent":0,"menu_order":0,"comment_status":"closed","ping_status":"closed","template":"","meta":{"footnotes":""},"yoast_head":"<!-- This site is optimized with the Yoast SEO plugin v21.8 - https:\/\/yoast.com\/wordpress\/plugins\/seo\/ -->\n<title>Restaurant d&#039;altitude Le ROND POINT \u00e0 M\u00e9ribel - Bar &amp; Musique live<\/title>\n<meta name=\"description\" content=\"Le restaurant d&#039;altitude du Rond Point vous comblera autant par ses plats que par sa vue au c\u0153ur des montagnes, surplombant la Vall\u00e9e\" \/>\n<meta name=\"robots\" content=\"index, follow, max-snippet:-1, max-image-preview:large, max-video-preview:-1\" \/>\n<link rel=\"canonical\" href=\"https:\/\/lerondpointmeribel.com\/fr\/restaurant-altitude-meribel-rond-point\/\" \/>\n<meta property=\"og:locale\" content=\"fr_FR\" \/>\n<meta property=\"og:type\" content=\"article\" \/>\n<meta property=\"og:title\" content=\"Restaurant d&#039;altitude Le ROND POINT \u00e0 M\u00e9ribel - Bar &amp; Musique live\" \/>\n<meta property=\"og:description\" content=\"Le restaurant d&#039;altitude du Rond Point vous comblera autant par ses plats que par sa vue au c\u0153ur des montagnes, surplombant la Vall\u00e9e\" \/>\n<meta property=\"og:url\" content=\"https:\/\/lerondpointmeribel.com\/fr\/restaurant-altitude-meribel-rond-point\/\" \/>\n<meta property=\"og:site_name\" content=\"Le Rond Point\" \/>\n<meta property=\"article:modified_time\" content=\"2024-12-12T09:46:42+00:00\" \/>\n<meta name=\"twitter:card\" content=\"summary_large_image\" \/>\n<meta name=\"twitter:label1\" content=\"Dur\u00e9e de lecture estim\u00e9e\" \/>\n\t<meta name=\"twitter:data1\" content=\"4 minutes\" \/>\n<script type=\"application\/ld+json\" class=\"yoast-schema-graph\">{\"@context\":\"https:\/\/schema.org\",\"@graph\":[{\"@type\":\"WebPage\",\"@id\":\"https:\/\/lerondpointmeribel.com\/fr\/restaurant-altitude-meribel-rond-point\/\",\"url\":\"https:\/\/lerondpointmeribel.com\/fr\/restaurant-altitude-meribel-rond-point\/\",\"name\":\"Restaurant d'altitude Le ROND POINT \u00e0 M\u00e9ribel - Bar & Musique live\",\"isPartOf\":{\"@id\":\"https:\/\/lerondpointmeribel.com\/#website\"},\"datePublished\":\"2021-01-20T14:31:41+00:00\",\"dateModified\":\"2024-12-12T09:46:42+00:00\",\"description\":\"Le restaurant d'altitude du Rond Point vous comblera autant par ses plats que par sa vue au c\u0153ur des montagnes, surplombant la Vall\u00e9e\",\"breadcrumb\":{\"@id\":\"https:\/\/lerondpointmeribel.com\/fr\/restaurant-altitude-meribel-rond-point\/#breadcrumb\"},\"inLanguage\":\"fr-FR\",\"potentialAction\":[{\"@type\":\"ReadAction\",\"target\":[\"https:\/\/lerondpointmeribel.com\/fr\/restaurant-altitude-meribel-rond-point\/\"]}]},{\"@type\":\"BreadcrumbList\",\"@id\":\"https:\/\/lerondpointmeribel.com\/fr\/restaurant-altitude-meribel-rond-point\/#breadcrumb\",\"itemListElement\":[{\"@type\":\"ListItem\",\"position\":1,\"name\":\"Home\",\"item\":\"https:\/\/lerondpointmeribel.com\/fr\/\"},{\"@type\":\"ListItem\",\"position\":2,\"name\":\"Restaurant d&#8217;altitude Le Rond Point\"}]},{\"@type\":\"WebSite\",\"@id\":\"https:\/\/lerondpointmeribel.com\/#website\",\"url\":\"https:\/\/lerondpointmeribel.com\/\",\"name\":\"Le Rond Point\",\"description\":\"Lunch Music &amp; Events\",\"publisher\":{\"@id\":\"https:\/\/lerondpointmeribel.com\/#organization\"},\"potentialAction\":[{\"@type\":\"SearchAction\",\"target\":{\"@type\":\"EntryPoint\",\"urlTemplate\":\"https:\/\/lerondpointmeribel.com\/?s={search_term_string}\"},\"query-input\":\"required name=search_term_string\"}],\"inLanguage\":\"fr-FR\"},{\"@type\":\"Organization\",\"@id\":\"https:\/\/lerondpointmeribel.com\/#organization\",\"name\":\"Le Rond Point Meribel\",\"url\":\"https:\/\/lerondpointmeribel.com\/\",\"logo\":{\"@type\":\"ImageObject\",\"inLanguage\":\"fr-FR\",\"@id\":\"https:\/\/lerondpointmeribel.com\/#\/schema\/logo\/image\/\",\"url\":\"https:\/\/lerondpointmeribel.com\/wp-content\/uploads\/2019\/01\/cropped-RP-LogoSI.png\",\"contentUrl\":\"https:\/\/lerondpointmeribel.com\/wp-content\/uploads\/2019\/01\/cropped-RP-LogoSI.png\",\"width\":1224,\"height\":250,\"caption\":\"Le Rond Point Meribel\"},\"image\":{\"@id\":\"https:\/\/lerondpointmeribel.com\/#\/schema\/logo\/image\/\"}}]}<\/script>\n<!-- \/ Yoast SEO plugin. -->","yoast_head_json":{"title":"Restaurant d'altitude Le ROND POINT \u00e0 M\u00e9ribel - Bar & Musique live","description":"Le restaurant d'altitude du Rond Point vous comblera autant par ses plats que par sa vue au c\u0153ur des montagnes, surplombant la Vall\u00e9e","robots":{"index":"index","follow":"follow","max-snippet":"max-snippet:-1","max-image-preview":"max-image-preview:large","max-video-preview":"max-video-preview:-1"},"canonical":"https:\/\/lerondpointmeribel.com\/fr\/restaurant-altitude-meribel-rond-point\/","og_locale":"fr_FR","og_type":"article","og_title":"Restaurant d'altitude Le ROND POINT \u00e0 M\u00e9ribel - Bar & Musique live","og_description":"Le restaurant d'altitude du Rond Point vous comblera autant par ses plats que par sa vue au c\u0153ur des montagnes, surplombant la Vall\u00e9e","og_url":"https:\/\/lerondpointmeribel.com\/fr\/restaurant-altitude-meribel-rond-point\/","og_site_name":"Le Rond Point","article_modified_time":"2024-12-12T09:46:42+00:00","twitter_card":"summary_large_image","twitter_misc":{"Dur\u00e9e de lecture estim\u00e9e":"4 minutes"},"schema":{"@context":"https:\/\/schema.org","@graph":[{"@type":"WebPage","@id":"https:\/\/lerondpointmeribel.com\/fr\/restaurant-altitude-meribel-rond-point\/","url":"https:\/\/lerondpointmeribel.com\/fr\/restaurant-altitude-meribel-rond-point\/","name":"Restaurant d'altitude Le ROND POINT \u00e0 M\u00e9ribel - Bar & Musique live","isPartOf":{"@id":"https:\/\/lerondpointmeribel.com\/#website"},"datePublished":"2021-01-20T14:31:41+00:00","dateModified":"2024-12-12T09:46:42+00:00","description":"Le restaurant d'altitude du Rond Point vous comblera autant par ses plats que par sa vue au c\u0153ur des montagnes, surplombant la Vall\u00e9e","breadcrumb":{"@id":"https:\/\/lerondpointmeribel.com\/fr\/restaurant-altitude-meribel-rond-point\/#breadcrumb"},"inLanguage":"fr-FR","potentialAction":[{"@type":"ReadAction","target":["https:\/\/lerondpointmeribel.com\/fr\/restaurant-altitude-meribel-rond-point\/"]}]},{"@type":"BreadcrumbList","@id":"https:\/\/lerondpointmeribel.com\/fr\/restaurant-altitude-meribel-rond-point\/#breadcrumb","itemListElement":[{"@type":"ListItem","position":1,"name":"Home","item":"https:\/\/lerondpointmeribel.com\/fr\/"},{"@type":"ListItem","position":2,"name":"Restaurant d&#8217;altitude Le Rond Point"}]},{"@type":"WebSite","@id":"https:\/\/lerondpointmeribel.com\/#website","url":"https:\/\/lerondpointmeribel.com\/","name":"Le Rond Point","description":"Lunch Music &amp; Events","publisher":{"@id":"https:\/\/lerondpointmeribel.com\/#organization"},"potentialAction":[{"@type":"SearchAction","target":{"@type":"EntryPoint","urlTemplate":"https:\/\/lerondpointmeribel.com\/?s={search_term_string}"},"query-input":"required name=search_term_string"}],"inLanguage":"fr-FR"},{"@type":"Organization","@id":"https:\/\/lerondpointmeribel.com\/#organization","name":"Le Rond Point Meribel","url":"https:\/\/lerondpointmeribel.com\/","logo":{"@type":"ImageObject","inLanguage":"fr-FR","@id":"https:\/\/lerondpointmeribel.com\/#\/schema\/logo\/image\/","url":"https:\/\/lerondpointmeribel.com\/wp-content\/uploads\/2019\/01\/cropped-RP-LogoSI.png","contentUrl":"https:\/\/lerondpointmeribel.com\/wp-content\/uploads\/2019\/01\/cropped-RP-LogoSI.png","width":1224,"height":250,"caption":"Le Rond Point Meribel"},"image":{"@id":"https:\/\/lerondpointmeribel.com\/#\/schema\/logo\/image\/"}}]}},"publishpress_future_action":{"enabled":false,"date":"2026-04-12 07:34:52","action":"draft","terms":[],"taxonomy":""},"_links":{"self":[{"href":"https:\/\/lerondpointmeribel.com\/fr\/wp-json\/wp\/v2\/pages\/1491"}],"collection":[{"href":"https:\/\/lerondpointmeribel.com\/fr\/wp-json\/wp\/v2\/pages"}],"about":[{"href":"https:\/\/lerondpointmeribel.com\/fr\/wp-json\/wp\/v2\/types\/page"}],"author":[{"embeddable":true,"href":"https:\/\/lerondpointmeribel.com\/fr\/wp-json\/wp\/v2\/users\/4"}],"replies":[{"embeddable":true,"href":"https:\/\/lerondpointmeribel.com\/fr\/wp-json\/wp\/v2\/comments?post=1491"}],"version-history":[{"count":43,"href":"https:\/\/lerondpointmeribel.com\/fr\/wp-json\/wp\/v2\/pages\/1491\/revisions"}],"predecessor-version":[{"id":2102,"href":"https:\/\/lerondpointmeribel.com\/fr\/wp-json\/wp\/v2\/pages\/1491\/revisions\/2102"}],"wp:attachment":[{"href":"https:\/\/lerondpointmeribel.com\/fr\/wp-json\/wp\/v2\/media?parent=1491"}],"curies":[{"name":"wp","href":"https:\/\/api.w.org\/{rel}","templated":true}]}}