{"id":2005,"date":"2020-11-16T15:29:16","date_gmt":"2020-11-16T14:29:16","guid":{"rendered":"https:\/\/lerondpointmeribel.com\/?page_id=2005"},"modified":"2026-01-26T15:19:28","modified_gmt":"2026-01-26T14:19:28","slug":"ronnie-loves-music-festival","status":"publish","type":"page","link":"https:\/\/lerondpointmeribel.com\/fr\/ronnie-loves-music-festival\/","title":{"rendered":"LE RONNIE LOVES MUSIC FESTIVAL"},"content":{"rendered":"<div class=\"wpb-content-wrapper\"><p>[vc_row full_width=\u00a0\u00bbstretch_row_content\u00a0\u00bb full_height=\u00a0\u00bbyes\u00a0\u00bb][vc_column][vc_column_text]<\/p>\n<h1 style=\"text-align: center;\">LE RONNIE LOVES MUSIC FESTIVAL<\/h1>\n<p>[\/vc_column_text][vc_single_image image=\u00a0\u00bb1031&Prime; img_size=\u00a0\u00bblarge\u00a0\u00bb alignment=\u00a0\u00bbcenter\u00a0\u00bb][\/vc_column][\/vc_row][vc_row][vc_column][vc_column_text]<\/p>\n<h2>Le Ronnie Loves Music Festival, l&rsquo;un des plus grands festivals de musique en plein air en Europe&#8230; sur la PISTE !<\/h2>\n<p>[\/vc_column_text][\/vc_column][\/vc_row][vc_row full_height=\u00a0\u00bbyes\u00a0\u00bb][vc_column][vc_empty_space height=\u00a0\u00bb50px\u00a0\u00bb][vc_row_inner equal_height=\u00a0\u00bbyes\u00a0\u00bb content_placement=\u00a0\u00bbtop\u00a0\u00bb css=\u00a0\u00bb.vc_custom_1541520506989{background-color: #ffffff !important;}\u00a0\u00bb][vc_column_inner el_class=\u00a0\u00bboutlined\u00a0\u00bb width=\u00a0\u00bb1\/2&Prime; css=\u00a0\u00bb.vc_custom_1541518607829{margin-top: 30px !important;margin-right: 30px !important;margin-bottom: 30px !important;margin-left: 30px !important;padding-top: 30px !important;padding-right: 30px !important;padding-bottom: 30px !important;padding-left: 30px !important;}\u00a0\u00bb][vc_column_text]Oui, le tr\u00e8s attendu <strong>festival de musique Live<\/strong>, le Ronnie Loves Music, est de <em>retour ! <\/em><\/p>\n<p>Bloquez la date, r\u00e9servez vos vacances, pr\u00e9parez le Berroca et rechargez vos batteries. Le Ronnie se pr\u00e9pare pour une autre semaine de musique incroyable.<\/p>\n<p>Rejoignez les plongeurs de sc\u00e8ne et les slammers pour une semaine de <strong>musique live<\/strong> du <strong>lundi 23 mars<\/strong> au <strong>vendredi 27 mars<\/strong>.[\/vc_column_text][\/vc_column_inner][vc_column_inner width=\u00a0\u00bb1\/2&Prime; css=\u00a0\u00bb.vc_custom_1709043167974{margin-top: 15px !important;margin-right: 15px !important;margin-bottom: 15px !important;margin-left: 15px !important;padding-top: 50px !important;padding-bottom: 50px !important;background-image: url(https:\/\/lerondpointmeribel.com\/wp-content\/uploads\/2024\/02\/ronnie-loves-music-crowd-surfing.jpg?id=2012) !important;background-position: center !important;background-repeat: no-repeat !important;background-size: cover !important;}\u00a0\u00bb][\/vc_column_inner][\/vc_row_inner][vc_row_inner equal_height=\u00a0\u00bbyes\u00a0\u00bb rtl_reverse=\u00a0\u00bbyes\u00a0\u00bb content_placement=\u00a0\u00bbtop\u00a0\u00bb css=\u00a0\u00bb.vc_custom_1703777505978{background-color: #ffffff !important;}\u00a0\u00bb][vc_column_inner css=\u00a0\u00bb.vc_custom_1703777574172{margin-top: 15px !important;margin-right: 15px !important;margin-bottom: 15px !important;margin-left: 15px !important;padding-top: 50px !important;padding-bottom: 50px !important;background-position: center !important;background-repeat: no-repeat !important;background-size: cover !important;}\u00a0\u00bb][vc_column_text]<\/p>\n<h3>Un festival de musique live gratuit dans l&rsquo;une des stations de ski les plus populaires d&rsquo;Europe.<\/h3>\n<p>[\/vc_column_text][vc_single_image image=\u00a0\u00bb2018&Prime; img_size=\u00a0\u00bbfull\u00a0\u00bb alignment=\u00a0\u00bbcenter\u00a0\u00bb][\/vc_column_inner][\/vc_row_inner][vc_row_inner equal_height=\u00a0\u00bbyes\u00a0\u00bb rtl_reverse=\u00a0\u00bbyes\u00a0\u00bb content_placement=\u00a0\u00bbtop\u00a0\u00bb css=\u00a0\u00bb.vc_custom_1606314610588{background-color: #ffffff !important;}\u00a0\u00bb][vc_column_inner width=\u00a0\u00bb1\/2&Prime; css=\u00a0\u00bb.vc_custom_1709043573919{margin-top: 15px !important;margin-right: 15px !important;margin-bottom: 30px !important;margin-left: 15px !important;padding-top: 50px !important;padding-right: 50px !important;padding-bottom: 50px !important;padding-left: 50px !important;background-image: url(https:\/\/lerondpointmeribel.com\/wp-content\/uploads\/2024\/02\/NORMAN-JAY-DJ-RONNIE-LOVES-MUSIC-FESTIVAL.jpg?id=2028) !important;background-position: center !important;background-repeat: no-repeat !important;background-size: cover !important;}\u00a0\u00bb][\/vc_column_inner][vc_column_inner width=\u00a0\u00bb1\/2&Prime; css=\u00a0\u00bb.vc_custom_1606312656278{margin-top: 15px !important;margin-right: 15px !important;margin-bottom: 15px !important;margin-left: 15px !important;padding-top: 50px !important;padding-bottom: 50px !important;background-position: center !important;background-repeat: no-repeat !important;background-size: cover !important;}\u00a0\u00bb][vc_column_text]Chaque ann\u00e9e, le <a href=\"https:\/\/lerondpointmeribel.com\/\" target=\"_blank\" rel=\"noopener\">Rond Point<\/a> \u00a0accueille des DJs l\u00e9gendaires et des rockstars de renom. Sortant les gros moyens pour une semaine de musique incroyable dans l&rsquo;une des stations de ski les plus pris\u00e9es d&rsquo;Europe.<\/p>\n<p>Offrant des programmations \u00e0 couper le souffle <em>chaque fois<\/em>, m\u00e9langeant le talent local avec des l\u00e9gendes de la musique ; ce festival d&rsquo;hiver est un incontournable sur votre liste de choses \u00e0 faire. Les pr\u00e9c\u00e9dents artistes vedettes incluent le ph\u00e9nom\u00e9nal <a href=\"http:\/\/www.normanjaymbe.com\/\" target=\"_blank\" rel=\"noopener noreferrer\">Norman Jay\u00a0(MBE<\/a>, la l\u00e9gende de la t\u00e9l\u00e9vision, de la radio et des festivals Craig Charles (<a href=\"https:\/\/www.bbc.co.uk\/sounds\/play\/live:bbc_6music\" target=\"_blank\" rel=\"noopener noreferrer\">BBC Radio 6<\/a>)\u00a0 et le DJ de classe mondiale incontest\u00e9, Yoda.<\/p>\n<p>D\u00e9chirant la sc\u00e8ne du Ronnie avec des sets de<strong> musique live<\/strong> incroyablement inspirants&#8230; ils viennent, ils jouent, ils enflamment et conqui\u00e8rent <strong>l&rsquo;apr\u00e8s-ski !<\/strong>![\/vc_column_text][\/vc_column_inner][\/vc_row_inner][\/vc_column][\/vc_row][vc_row][vc_column][vc_column_text]Une avalanche de bonne musique et de bons moments, toute la journ\u00e9e, tous les jours&#8230; pendant une semaine \u00e0 <strong><a href=\"https:\/\/www.meribel.net\/\" target=\"_blank\" rel=\"noopener noreferrer\">Meribel<\/a> <\/strong>![\/vc_column_text][vc_row_inner][vc_column_inner][\/vc_column_inner][\/vc_row_inner][vc_row_inner equal_height=\u00a0\u00bbyes\u00a0\u00bb content_placement=\u00a0\u00bbtop\u00a0\u00bb css=\u00a0\u00bb.vc_custom_1541520506989{background-color: #ffffff !important;}\u00a0\u00bb][vc_column_inner el_class=\u00a0\u00bboutlined\u00a0\u00bb width=\u00a0\u00bb1\/2&Prime; css=\u00a0\u00bb.vc_custom_1541518607829{margin-top: 30px !important;margin-right: 30px !important;margin-bottom: 30px !important;margin-left: 30px !important;padding-top: 30px !important;padding-right: 30px !important;padding-bottom: 30px !important;padding-left: 30px !important;}\u00a0\u00bb][vc_column_text]Incontournable depuis plus de 10 ans, l&#8217;emplacement du Ronnie en montagne, les vues \u00e0 couper le souffle et les soir\u00e9es m\u00e9morables d&rsquo;apr\u00e8s-ski attirent r\u00e9guli\u00e8rement les skieurs, les snowboarders et les festivaliers de musique de toute l&rsquo;Europe chaque hiver. Les concerts quotidiens \u201cAfter Ski\u201d en plein air, sont tr\u00e8s r\u00e9put\u00e9es dans la communaut\u00e9 du ski et vous pouvez faire la f\u00eate en dansant avec vos chaussures de ski sur la terrasse du Rond Point de d\u00e9cembre \u00e0 avril.<\/p>\n<p><em>Cependant<\/em>, le Ronnie Loves Music Festival est une folie v\u00e9ritablement inspir\u00e9e ![\/vc_column_text][\/vc_column_inner][vc_column_inner width=\u00a0\u00bb1\/2&Prime; css=\u00a0\u00bb.vc_custom_1709043654277{margin-top: 15px !important;margin-right: 15px !important;margin-bottom: 15px !important;margin-left: 15px !important;padding-top: 50px !important;padding-bottom: 50px !important;background-image: url(https:\/\/lerondpointmeribel.com\/wp-content\/uploads\/2024\/02\/live-bands-ronnie-loves-muisc-meribel.jpg?id=2021) !important;background-position: center !important;background-repeat: no-repeat !important;background-size: cover !important;}\u00a0\u00bb][\/vc_column_inner][\/vc_row_inner][vc_row_inner][vc_column_inner][\/vc_column_inner][\/vc_row_inner][\/vc_column][\/vc_row][vc_row][vc_column width=\u00a0\u00bb1\/2&Prime;][vc_single_image image=\u00a0\u00bb1999&Prime; img_size=\u00a0\u00bbfull\u00a0\u00bb][\/vc_column][vc_column width=\u00a0\u00bb1\/2&Prime;][vc_column_text]Bond\u00e9 de midi au coucher du soleil, les rois du surf d\u00e9chain\u00e9s se rassemblent pour une session \u00e9pique de folie. Garez vos skis, frayez-vous un chemin \u00e0 travers la foule, trouvez une place au premier rang et pr\u00e9parez-vous \u00e0 danser aux coudes \u00e0 coudes. \u00c9levant l&rsquo;apr\u00e8s-ski \u00e0 un autre niveau !<\/p>\n<p>Accrochez-vous \u00e0 vos lunettes de ski, car nous garantissons que ce festival d&rsquo;une semaine sera la cerise sur le g\u00e2teau de vos <strong>vacances au ski !<\/strong>[\/vc_column_text][\/vc_column][\/vc_row][vc_row][vc_column][vc_column_text]<\/p>\n<blockquote>\n<p style=\"text-align: center;\">\u00a0Clignez des yeux et vous le manquerez&#8230; car, le temps file \u00e0 la vitesse de l\u2019\u00e9clair quand on plonge de la sc\u00e8ne !<\/p>\n<\/blockquote>\n<p>[\/vc_column_text][\/vc_column][\/vc_row][vc_row][vc_column][vc_column_text]<\/p>\n<h3 style=\"text-align: center;\"><u>RONNIE LOVES MUSIC 2026<\/u><\/h3>\n<p style=\"text-align: center;\">Du lundi 23 mars au vendredi 27 mars<\/p>\n<p style=\"text-align: center;\">Ouvert de 12h \u00e0 19h<\/p>\n<p style=\"text-align: center;\"><strong>Musique live de 13h30 \u00e0 19h30<\/strong><\/p>\n<p style=\"text-align: center;\">Veuillez noter que le <strong><a href=\"https:\/\/lerondpointmeribel.com\/mountain-restaurant-meribel-ronnies-point-bar\/\" target=\"_blank\" rel=\"noopener\">Restaurant<\/a><\/strong> Rond Point sera ferm\u00e9, mais le <a href=\"https:\/\/lerondpointmeribel.com\/fast-food-meribel-rond-point-restaurant-bar\/\" target=\"_blank\" rel=\"noopener\"><strong>Snack <\/strong><\/a> restera ouvert toute la journ\u00e9e jusqu&rsquo;\u00e0 17h.<\/p>\n<p>[\/vc_column_text][vc_row_inner content_placement=\u00a0\u00bbmiddle\u00a0\u00bb el_id=\u00a0\u00bbstretch row &amp; content\u00a0\u00bb][vc_column_inner][vc_custom_heading text=\u00a0\u00bbRONNIE LOVES MUSIC FESTIVAL 2025 LINE UP\u00a0\u00bb][vc_single_image image=\u00a0\u00bb2225&Prime; img_size=\u00a0\u00bbfull\u00a0\u00bb alignment=\u00a0\u00bbcenter\u00a0\u00bb onclick=\u00a0\u00bbzoom\u00a0\u00bb][\/vc_column_inner][\/vc_row_inner][\/vc_column][\/vc_row][vc_row][vc_column][vc_video link=\u00a0\u00bbhttps:\/\/www.youtube.com\/watch?v=zFj1uUF7b20&Prime; align=\u00a0\u00bbcenter\u00a0\u00bb title=\u00a0\u00bbRonnie Loves Music 2018&Prime;][\/vc_column][\/vc_row][vc_row][vc_column][vc_column_text]<\/p>\n<p style=\"text-align: center;\"><em>Le compte \u00e0 rebours a commenc\u00e9 pour l&rsquo;un des <strong>meilleurs festivals de musique GRATUITS<\/strong> d&rsquo;Europe. Gardez les yeux riv\u00e9s sur notre <a href=\"https:\/\/www.facebook.com\/Rond.Point.Meribel\" target=\"_blank\" rel=\"noopener noreferrer\">Facebook<\/a> et <a href=\"https:\/\/www.instagram.com\/rondpointmeribel\/\" target=\"_blank\" rel=\"noopener noreferrer\">Instagram<\/a>, la programmation des <strong>groupes live<\/strong> et des <strong>DJs<\/strong> sera bient\u00f4t d\u00e9voil\u00e9e <\/em><\/p>\n<blockquote>\n<p style=\"text-align: center;\"><em>READY, STEADY, RONNIE<\/em><em style=\"font-size: 1rem;\">!<\/em><\/p>\n<\/blockquote>\n<div style=\"text-align: center;\"><a href=\"https:\/\/lerondpointmeribel.com\/events\/\" target=\"_blank\" rel=\"noopener noreferrer\">A venir au Rond Point&#8230;<\/a><\/div>\n<p>[\/vc_column_text][\/vc_column][\/vc_row][vc_row][vc_column][\/vc_column][\/vc_row][vc_row][vc_column width=\u00a0\u00bb1\/4&Prime;][vc_btn title=\u00a0\u00bbSNACK\u00a0\u00bb align=\u00a0\u00bbcenter\u00a0\u00bb link=\u00a0\u00bburl:https%3A%2F%2Flerondpointmeribel.com%2Ffast-food-meribel-rond-point-restaurant-bar%2F|title:CTA|target:_blank\u00a0\u00bb][vc_single_image image=\u00a0\u00bb1333&Prime; img_size=\u00a0\u00bbmedium\u00a0\u00bb alignment=\u00a0\u00bbcenter\u00a0\u00bb style=\u00a0\u00bbvc_box_shadow_3d\u00a0\u00bb onclick=\u00a0\u00bbcustom_link\u00a0\u00bb img_link_target=\u00a0\u00bb_blank\u00a0\u00bb link=\u00a0\u00bbhttps:\/\/lerondpointmeribel.com\/fast-food-meribel-rond-point-restaurant-bar\/\u00a0\u00bb][\/vc_column][vc_column width=\u00a0\u00bb1\/4&Prime;][vc_btn title=\u00a0\u00bbRESTAURANT\u00a0\u00bb align=\u00a0\u00bbcenter\u00a0\u00bb link=\u00a0\u00bburl:https%3A%2F%2Flerondpointmeribel.com%2Fmountain-restaurant-meribel-ronnies-point-bar%2F|title:CTA|target:_blank\u00a0\u00bb][vc_single_image image=\u00a0\u00bb1651&Prime; img_size=\u00a0\u00bbmedium\u00a0\u00bb alignment=\u00a0\u00bbcenter\u00a0\u00bb style=\u00a0\u00bbvc_box_shadow_3d\u00a0\u00bb onclick=\u00a0\u00bbcustom_link\u00a0\u00bb link=\u00a0\u00bbhttps:\/\/lerondpointmeribel.com\/\u00a0\u00bb][\/vc_column][vc_column width=\u00a0\u00bb1\/4&Prime;][vc_btn title=\u00a0\u00bbGALLERIE\u00a0\u00bb align=\u00a0\u00bbcenter\u00a0\u00bb link=\u00a0\u00bburl:https%3A%2F%2Flerondpointmeribel.com%2Fgallery-photos-rond-point-bar-restaurant-meribel-altitude%2F|title:CTA|target:_blank\u00a0\u00bb][vc_single_image image=\u00a0\u00bb1576&Prime; img_size=\u00a0\u00bbmedium\u00a0\u00bb alignment=\u00a0\u00bbcenter\u00a0\u00bb style=\u00a0\u00bbvc_box_shadow_3d\u00a0\u00bb onclick=\u00a0\u00bbcustom_link\u00a0\u00bb img_link_target=\u00a0\u00bb_blank\u00a0\u00bb link=\u00a0\u00bbhttps:\/\/lerondpointmeribel.com\/gallery-photos-rond-point-bar-restaurant-meribel-altitude\/\u00a0\u00bb][\/vc_column][vc_column width=\u00a0\u00bb1\/4&Prime;][vc_btn title=\u00a0\u00bbRESERVEZ\u00a0\u00bb link=\u00a0\u00bburl:https%3A%2F%2Fbookings.zenchef.com%2Fresults%3Frid%3D368815%26pid%3D1001|target:_blank\u00a0\u00bb][vc_single_image image=\u00a0\u00bb1459&Prime;][\/vc_column][\/vc_row]<\/p>\n<\/div>","protected":false},"excerpt":{"rendered":"<p>[vc_row full_width=\u00a0\u00bbstretch_row_content\u00a0\u00bb full_height=\u00a0\u00bbyes\u00a0\u00bb][vc_column][vc_column_text] LE RONNIE LOVES MUSIC FESTIVAL [\/vc_column_text][vc_single_image image=\u00a0\u00bb1031&Prime; img_size=\u00a0\u00bblarge\u00a0\u00bb alignment=\u00a0\u00bbcenter\u00a0\u00bb][\/vc_column][\/vc_row][vc_row][vc_column][vc_column_text] Le Ronnie Loves Music Festival, l&rsquo;un des plus grands festivals de musique en plein air en Europe&#8230; sur la PISTE ! [\/vc_column_text][\/vc_column][\/vc_row][vc_row full_height=\u00a0\u00bbyes\u00a0\u00bb][vc_column][vc_empty_space height=\u00a0\u00bb50px\u00a0\u00bb][vc_row_inner equal_height=\u00a0\u00bbyes\u00a0\u00bb content_placement=\u00a0\u00bbtop\u00a0\u00bb css=\u00a0\u00bb.vc_custom_1541520506989{background-color: #ffffff !important;}\u00a0\u00bb][vc_column_inner el_class=\u00a0\u00bboutlined\u00a0\u00bb width=\u00a0\u00bb1\/2&Prime; css=\u00a0\u00bb.vc_custom_1541518607829{margin-top: 30px !important;margin-right: 30px !important;margin-bottom: 30px !important;margin-left: 30px !important;padding-top: 30px !important;padding-right: 30px &hellip; <\/p>\n<p class=\"link-more\"><a href=\"https:\/\/lerondpointmeribel.com\/fr\/ronnie-loves-music-festival\/\" class=\"more-link\">Continuer la lecture<span class=\"screen-reader-text\"> de &laquo;&nbsp;LE RONNIE LOVES MUSIC FESTIVAL&nbsp;&raquo;<\/span><\/a><\/p>\n","protected":false},"author":4,"featured_media":0,"parent":0,"menu_order":0,"comment_status":"closed","ping_status":"closed","template":"","meta":{"footnotes":""},"yoast_head":"<!-- This site is optimized with the Yoast SEO plugin v21.8 - https:\/\/yoast.com\/wordpress\/plugins\/seo\/ -->\n<title>Ronnie Loves Music Festival - Le Rond Point Meribel<\/title>\n<meta name=\"description\" content=\"Le Ronnie Loves Music festival; l&#039;un des plus grands festivals de LIVE musique en plein air en Europe... sur la PISTE !\" \/>\n<meta name=\"robots\" content=\"index, follow, max-snippet:-1, max-image-preview:large, max-video-preview:-1\" \/>\n<link rel=\"canonical\" href=\"https:\/\/lerondpointmeribel.com\/fr\/ronnie-loves-music-festival\/\" \/>\n<meta property=\"og:locale\" content=\"fr_FR\" \/>\n<meta property=\"og:type\" content=\"article\" \/>\n<meta property=\"og:title\" content=\"Ronnie Loves Music Festival - Le Rond Point Meribel\" \/>\n<meta property=\"og:description\" content=\"Le Ronnie Loves Music festival; l&#039;un des plus grands festivals de LIVE musique en plein air en Europe... sur la PISTE !\" \/>\n<meta property=\"og:url\" content=\"https:\/\/lerondpointmeribel.com\/fr\/ronnie-loves-music-festival\/\" \/>\n<meta property=\"og:site_name\" content=\"Le Rond Point\" \/>\n<meta property=\"article:modified_time\" content=\"2026-01-26T14:19:28+00:00\" \/>\n<meta name=\"twitter:card\" content=\"summary_large_image\" \/>\n<meta name=\"twitter:label1\" content=\"Dur\u00e9e de lecture estim\u00e9e\" \/>\n\t<meta name=\"twitter:data1\" content=\"5 minutes\" \/>\n<script type=\"application\/ld+json\" class=\"yoast-schema-graph\">{\"@context\":\"https:\/\/schema.org\",\"@graph\":[{\"@type\":\"WebPage\",\"@id\":\"https:\/\/lerondpointmeribel.com\/fr\/ronnie-loves-music-festival\/\",\"url\":\"https:\/\/lerondpointmeribel.com\/fr\/ronnie-loves-music-festival\/\",\"name\":\"Ronnie Loves Music Festival - Le Rond Point Meribel\",\"isPartOf\":{\"@id\":\"https:\/\/lerondpointmeribel.com\/#website\"},\"datePublished\":\"2020-11-16T14:29:16+00:00\",\"dateModified\":\"2026-01-26T14:19:28+00:00\",\"description\":\"Le Ronnie Loves Music festival; l'un des plus grands festivals de LIVE musique en plein air en Europe... sur la PISTE !\",\"breadcrumb\":{\"@id\":\"https:\/\/lerondpointmeribel.com\/fr\/ronnie-loves-music-festival\/#breadcrumb\"},\"inLanguage\":\"fr-FR\",\"potentialAction\":[{\"@type\":\"ReadAction\",\"target\":[\"https:\/\/lerondpointmeribel.com\/fr\/ronnie-loves-music-festival\/\"]}]},{\"@type\":\"BreadcrumbList\",\"@id\":\"https:\/\/lerondpointmeribel.com\/fr\/ronnie-loves-music-festival\/#breadcrumb\",\"itemListElement\":[{\"@type\":\"ListItem\",\"position\":1,\"name\":\"Home\",\"item\":\"https:\/\/lerondpointmeribel.com\/fr\/\"},{\"@type\":\"ListItem\",\"position\":2,\"name\":\"LE RONNIE LOVES MUSIC FESTIVAL\"}]},{\"@type\":\"WebSite\",\"@id\":\"https:\/\/lerondpointmeribel.com\/#website\",\"url\":\"https:\/\/lerondpointmeribel.com\/\",\"name\":\"Le Rond Point\",\"description\":\"Lunch Music &amp; Events\",\"publisher\":{\"@id\":\"https:\/\/lerondpointmeribel.com\/#organization\"},\"potentialAction\":[{\"@type\":\"SearchAction\",\"target\":{\"@type\":\"EntryPoint\",\"urlTemplate\":\"https:\/\/lerondpointmeribel.com\/?s={search_term_string}\"},\"query-input\":\"required name=search_term_string\"}],\"inLanguage\":\"fr-FR\"},{\"@type\":\"Organization\",\"@id\":\"https:\/\/lerondpointmeribel.com\/#organization\",\"name\":\"Le Rond Point Meribel\",\"url\":\"https:\/\/lerondpointmeribel.com\/\",\"logo\":{\"@type\":\"ImageObject\",\"inLanguage\":\"fr-FR\",\"@id\":\"https:\/\/lerondpointmeribel.com\/#\/schema\/logo\/image\/\",\"url\":\"https:\/\/lerondpointmeribel.com\/wp-content\/uploads\/2019\/01\/cropped-RP-LogoSI.png\",\"contentUrl\":\"https:\/\/lerondpointmeribel.com\/wp-content\/uploads\/2019\/01\/cropped-RP-LogoSI.png\",\"width\":1224,\"height\":250,\"caption\":\"Le Rond Point Meribel\"},\"image\":{\"@id\":\"https:\/\/lerondpointmeribel.com\/#\/schema\/logo\/image\/\"}}]}<\/script>\n<!-- \/ Yoast SEO plugin. -->","yoast_head_json":{"title":"Ronnie Loves Music Festival - Le Rond Point Meribel","description":"Le Ronnie Loves Music festival; l'un des plus grands festivals de LIVE musique en plein air en Europe... sur la PISTE !","robots":{"index":"index","follow":"follow","max-snippet":"max-snippet:-1","max-image-preview":"max-image-preview:large","max-video-preview":"max-video-preview:-1"},"canonical":"https:\/\/lerondpointmeribel.com\/fr\/ronnie-loves-music-festival\/","og_locale":"fr_FR","og_type":"article","og_title":"Ronnie Loves Music Festival - Le Rond Point Meribel","og_description":"Le Ronnie Loves Music festival; l'un des plus grands festivals de LIVE musique en plein air en Europe... sur la PISTE !","og_url":"https:\/\/lerondpointmeribel.com\/fr\/ronnie-loves-music-festival\/","og_site_name":"Le Rond Point","article_modified_time":"2026-01-26T14:19:28+00:00","twitter_card":"summary_large_image","twitter_misc":{"Dur\u00e9e de lecture estim\u00e9e":"5 minutes"},"schema":{"@context":"https:\/\/schema.org","@graph":[{"@type":"WebPage","@id":"https:\/\/lerondpointmeribel.com\/fr\/ronnie-loves-music-festival\/","url":"https:\/\/lerondpointmeribel.com\/fr\/ronnie-loves-music-festival\/","name":"Ronnie Loves Music Festival - Le Rond Point Meribel","isPartOf":{"@id":"https:\/\/lerondpointmeribel.com\/#website"},"datePublished":"2020-11-16T14:29:16+00:00","dateModified":"2026-01-26T14:19:28+00:00","description":"Le Ronnie Loves Music festival; l'un des plus grands festivals de LIVE musique en plein air en Europe... sur la PISTE !","breadcrumb":{"@id":"https:\/\/lerondpointmeribel.com\/fr\/ronnie-loves-music-festival\/#breadcrumb"},"inLanguage":"fr-FR","potentialAction":[{"@type":"ReadAction","target":["https:\/\/lerondpointmeribel.com\/fr\/ronnie-loves-music-festival\/"]}]},{"@type":"BreadcrumbList","@id":"https:\/\/lerondpointmeribel.com\/fr\/ronnie-loves-music-festival\/#breadcrumb","itemListElement":[{"@type":"ListItem","position":1,"name":"Home","item":"https:\/\/lerondpointmeribel.com\/fr\/"},{"@type":"ListItem","position":2,"name":"LE RONNIE LOVES MUSIC FESTIVAL"}]},{"@type":"WebSite","@id":"https:\/\/lerondpointmeribel.com\/#website","url":"https:\/\/lerondpointmeribel.com\/","name":"Le Rond Point","description":"Lunch Music &amp; Events","publisher":{"@id":"https:\/\/lerondpointmeribel.com\/#organization"},"potentialAction":[{"@type":"SearchAction","target":{"@type":"EntryPoint","urlTemplate":"https:\/\/lerondpointmeribel.com\/?s={search_term_string}"},"query-input":"required name=search_term_string"}],"inLanguage":"fr-FR"},{"@type":"Organization","@id":"https:\/\/lerondpointmeribel.com\/#organization","name":"Le Rond Point Meribel","url":"https:\/\/lerondpointmeribel.com\/","logo":{"@type":"ImageObject","inLanguage":"fr-FR","@id":"https:\/\/lerondpointmeribel.com\/#\/schema\/logo\/image\/","url":"https:\/\/lerondpointmeribel.com\/wp-content\/uploads\/2019\/01\/cropped-RP-LogoSI.png","contentUrl":"https:\/\/lerondpointmeribel.com\/wp-content\/uploads\/2019\/01\/cropped-RP-LogoSI.png","width":1224,"height":250,"caption":"Le Rond Point Meribel"},"image":{"@id":"https:\/\/lerondpointmeribel.com\/#\/schema\/logo\/image\/"}}]}},"publishpress_future_action":{"enabled":false,"date":"2026-04-17 13:25:59","action":"draft","terms":[],"taxonomy":""},"_links":{"self":[{"href":"https:\/\/lerondpointmeribel.com\/fr\/wp-json\/wp\/v2\/pages\/2005"}],"collection":[{"href":"https:\/\/lerondpointmeribel.com\/fr\/wp-json\/wp\/v2\/pages"}],"about":[{"href":"https:\/\/lerondpointmeribel.com\/fr\/wp-json\/wp\/v2\/types\/page"}],"author":[{"embeddable":true,"href":"https:\/\/lerondpointmeribel.com\/fr\/wp-json\/wp\/v2\/users\/4"}],"replies":[{"embeddable":true,"href":"https:\/\/lerondpointmeribel.com\/fr\/wp-json\/wp\/v2\/comments?post=2005"}],"version-history":[{"count":13,"href":"https:\/\/lerondpointmeribel.com\/fr\/wp-json\/wp\/v2\/pages\/2005\/revisions"}],"predecessor-version":[{"id":2227,"href":"https:\/\/lerondpointmeribel.com\/fr\/wp-json\/wp\/v2\/pages\/2005\/revisions\/2227"}],"wp:attachment":[{"href":"https:\/\/lerondpointmeribel.com\/fr\/wp-json\/wp\/v2\/media?parent=2005"}],"curies":[{"name":"wp","href":"https:\/\/api.w.org\/{rel}","templated":true}]}}