{"id":331,"date":"2018-12-20T12:08:08","date_gmt":"2018-12-20T11:08:08","guid":{"rendered":"https:\/\/lerondpointmeribel.com\/?page_id=331"},"modified":"2024-12-12T16:27:13","modified_gmt":"2024-12-12T15:27:13","slug":"home","status":"publish","type":"page","link":"https:\/\/lerondpointmeribel.com\/fr\/","title":{"rendered":"Le Rond Point \u00e0 M\u00e9ribel"},"content":{"rendered":"<div class=\"wpb-content-wrapper\"><p>[vc_row full_width=\u00a0\u00bbstretch_row\u00a0\u00bb full_height=\u00a0\u00bbyes\u00a0\u00bb columns_placement=\u00a0\u00bbbottom\u00a0\u00bb video_bg=\u00a0\u00bbyes\u00a0\u00bb video_bg_url=\u00a0\u00bbhttps:\/\/www.youtube.com\/watch?v=s12AE4oEr40&Prime; css_animation=\u00a0\u00bbnone\u00a0\u00bb el_id=\u00a0\u00bbh1&Prime; el_class=\u00a0\u00bbscrollable-section\u00a0\u00bb css=\u00a0\u00bb.vc_custom_1669639896658{background-position: center !important;background-repeat: no-repeat !important;background-size: cover !important;}\u00a0\u00bb][vc_column][vc_row_inner content_placement=\u00a0\u00bbbottom\u00a0\u00bb][vc_column_inner el_id=\u00a0\u00bblogo-img\u00a0\u00bb][vc_single_image image=\u00a0\u00bb472&Prime; img_size=\u00a0\u00bbfull\u00a0\u00bb alignment=\u00a0\u00bbcenter\u00a0\u00bb css_animation=\u00a0\u00bbnone\u00a0\u00bb][\/vc_column_inner][\/vc_row_inner][vc_row_inner][vc_column_inner width=\u00a0\u00bb1\/3&Prime;][vc_btn title=\u00a0\u00bbD\u00c9JEUNER\u00a0\u00bb align=\u00a0\u00bbcenter\u00a0\u00bb link=\u00a0\u00bburl:https%3A%2F%2Flerondpointmeribel.com%2Ffr%2Frestaurant-altitude-meribel-rond-point%2F|title:Restaurant%20d%E2%80%99altitude%20Le%20Rond%20Point|target:_blank\u00a0\u00bb el_class=\u00a0\u00bbscrollto\u00a0\u00bb][\/vc_column_inner][vc_column_inner width=\u00a0\u00bb1\/3&Prime;][vc_btn title=\u00a0\u00bbMUSIQUE\u00a0\u00bb align=\u00a0\u00bbcenter\u00a0\u00bb link=\u00a0\u00bburl:%23h3|\u00a0\u00bb el_class=\u00a0\u00bbscrollto\u00a0\u00bb][\/vc_column_inner][vc_column_inner width=\u00a0\u00bb1\/3&Prime;][vc_btn title=\u00a0\u00bbEVENEMENTS\u00a0\u00bb align=\u00a0\u00bbcenter\u00a0\u00bb link=\u00a0\u00bburl:%23h5&Prime; el_class=\u00a0\u00bbscrollto\u00a0\u00bb][\/vc_column_inner][\/vc_row_inner][\/vc_column][\/vc_row][vc_row full_width=\u00a0\u00bbstretch_row\u00a0\u00bb full_height=\u00a0\u00bbyes\u00a0\u00bb parallax=\u00a0\u00bbcontent-moving-fade\u00a0\u00bb parallax_image=\u00a0\u00bb1848&Prime; parallax_speed_bg=\u00a0\u00bb1.1&Prime; css_animation=\u00a0\u00bbnone\u00a0\u00bb el_id=\u00a0\u00bbh2&Prime; css=\u00a0\u00bb.vc_custom_1669639858181{background: #0a0a0a url(https:\/\/lerondpointmeribel.com\/wp-content\/uploads\/2022\/11\/rond-point-terrace-apres-ski-1.jpg?id=1850);background-position: center;background-repeat: no-repeat !important;background-size: cover !important;}\u00a0\u00bb el_class=\u00a0\u00bbscrollable-section\u00a0\u00bb][vc_column][vc_column_text]<\/p>\n<h2 style=\"text-align: center;\">Le Rond Point<\/h2>\n<p style=\"text-align: center;\"><strong>Si M\u00e9ribel est le c\u0153ur des 3 vall\u00e9es, alors le Rond-Point est le c\u0153ur de M\u00e9ribel.<\/strong><\/p>\n<p style=\"text-align: center;\">Un petit bijou en pleine nature, pour un apr\u00e8s-midi au c\u0153ur d\u2019un d\u00e9cor somptueux !\u00a0D\u00e9tendez-vous et profitez du soleil pour un d\u00e9jeuner qui vous inspirera les meilleurs blogs de voyage, profitez des pistes la journ\u00e9e et venez d\u00e9guster un hamburger \u00e9nerg\u00e9tique \u00e0 la va-vite ou dansez sur les tables pendant que tout le monde se d\u00e9cha\u00eene et que le soleil se couche lors de nos c\u00e9l\u00e8bres soir\u00e9es \u00ab apr\u00e8s-ski \u00bb.<\/p>\n<p style=\"text-align: center;\">Que vous veniez prendre un caf\u00e9, une tasse de \u00ab Toffee \u00bb (vodka) ou que vous souhaitez d\u00e9cha\u00eener les foules, le Ronnie est l&rsquo;endroit \u00e0 ne pas manquer.<\/p>\n<p style=\"text-align: center;\"><strong>Le Ronnie t\u2019appelle et tu ne pourras pas l\u2019en emp\u00eacher\u2026<\/strong><\/p>\n<p>[\/vc_column_text][\/vc_column][\/vc_row][vc_row full_width=\u00a0\u00bbstretch_row\u00a0\u00bb full_height=\u00a0\u00bbyes\u00a0\u00bb parallax=\u00a0\u00bbcontent-moving-fade\u00a0\u00bb parallax_image=\u00a0\u00bb468&Prime; parallax_speed_bg=\u00a0\u00bb1.1&Prime; css_animation=\u00a0\u00bbnone\u00a0\u00bb css=\u00a0\u00bb.vc_custom_1550509566038{background-color: #0a0a0a !important;background-position: center;background-repeat: no-repeat;background-size:cover !important;}\u00a0\u00bb el_class=\u00a0\u00bbscrollable-section\u00a0\u00bb][vc_column][vc_column_text]<\/p>\n<h2 style=\"text-align: center;\">D\u00e9jeuner au Rond-Point M\u00e9ribel<\/h2>\n<p>Au sommet de la montagne, en regardant vers le bas de la Vall\u00e9e, vous ne pouvez pas manquer l\u2019exceptionnelle vue panoramique depuis notre terrasse. Nich\u00e9 au bord des pistes, notre restaurant est le lieu id\u00e9al pour faire le plein et se revitaliser. Frais, savoureux et surtout abordable, notre menu \u00e0 la carte propose de copieux plats de montagne et de nouveaux mets modernes surprenants.<\/p>\n<p>Asseyez-vous, d\u00e9tendez-vous et profitez de ces vacances dont vous r\u00eaviez depuis des semaines !!!<\/p>\n<p style=\"text-align: center;\"><strong>Si vous souhaitez retourner sur les pistes, notre snack-bar est \u00e0 votre service !<\/strong><\/p>\n<p>[\/vc_column_text][vc_row_inner][vc_column_inner width=\u00a0\u00bb1\/2&Prime;][vc_btn title=\u00a0\u00bbRESTAURANT\u00a0\u00bb align=\u00a0\u00bbcenter\u00a0\u00bb link=\u00a0\u00bburl:%2Frestaurant-altitude-meribel-rond-point||target:%20_blank|\u00a0\u00bb][\/vc_column_inner][vc_column_inner width=\u00a0\u00bb1\/2&Prime;][vc_btn title=\u00a0\u00bbSNACK BAR\u00a0\u00bb align=\u00a0\u00bbcenter\u00a0\u00bb link=\u00a0\u00bburl:https%3A%2F%2Flerondpointmeribel.com%2Ffr%2Fsnack-meribel-fast-food-restaurant-bar-rond-point-restauration-rapide-burger-emporter-sur-place%2F|title:LE%20SNACK|target:%20_blank|\u00a0\u00bb][\/vc_column_inner][\/vc_row_inner][\/vc_column][\/vc_row][vc_row full_width=\u00a0\u00bbstretch_row\u00a0\u00bb full_height=\u00a0\u00bbyes\u00a0\u00bb parallax=\u00a0\u00bbcontent-moving\u00a0\u00bb parallax_image=\u00a0\u00bb530&Prime; css_animation=\u00a0\u00bbfadeIn\u00a0\u00bb el_id=\u00a0\u00bbh3&Prime; css=\u00a0\u00bb.vc_custom_1547808865212{background-color: #0a0a0a !important;}\u00a0\u00bb el_class=\u00a0\u00bbscrollable-section\u00a0\u00bb][vc_column][vc_column_text]<\/p>\n<h2 style=\"text-align: center;\">Musique Live<\/h2>\n<p style=\"text-align: center;\"><strong>Le Rond-Point M\u00e9ribel , organisateur du Ronnie Loves Music\u2026 Oh YES we do !\u00a0<\/strong><\/p>\n<p>En t\u00eate des palmar\u00e8s chaque ann\u00e9e, le Ronnie est l&rsquo;un des meilleurs bars \u00ab apr\u00e8s-ski \u00bb d&rsquo;Europe. Fier d\u2019y accueillir la cr\u00e8me de la cr\u00e8me des artistes et des DJs, les soir\u00e9es sont organis\u00e9es TOUS LES JOURS de la semaine! Qu&rsquo;il pleuve, qu\u2019il vente ou qu&rsquo;il neige, nous adorons faire la F\u00caTEEEEE ! Et il n\u2019y a pas de meilleure f\u00eate qu\u2019une \u00ab apr\u00e8s-ski \u00bb au Ronnie !<\/p>\n<p>Et comme vous pourrez garder votre bonnet et vos bottes\u2026rien ne pourra vous arr\u00eater pour nous rejoindre et transpirer (dans vos chaussettes de ski) sur le \u00ab dancefloor \u00bb !<\/p>\n<p style=\"text-align: center;\"><strong>\u00ab Kick-ass Music \u00bb tous les jours \u00e0 partir de 16h30 !<\/strong><\/p>\n<p>[\/vc_column_text][vc_btn title=\u00a0\u00bb+ d&rsquo;infos\u00a0\u00bb align=\u00a0\u00bbcenter\u00a0\u00bb link=\u00a0\u00bburl:https%3A%2F%2Flerondpointmeribel.com%2Ffr%2Fevents%2Fapres-ski-concerts-musique-live%2F|title:Les%20f%C3%AAtes%20d%E2%80%99apr%C3%A8s-ski%20%3A%20concerts%20live%20et%20DJs%20au%20Rond%20point%2C%20tous%20les%20jours%20!|target:_blank\u00a0\u00bb][\/vc_column][\/vc_row][vc_row full_width=\u00a0\u00bbstretch_row\u00a0\u00bb full_height=\u00a0\u00bbyes\u00a0\u00bb parallax=\u00a0\u00bbcontent-moving\u00a0\u00bb parallax_image=\u00a0\u00bb605&Prime; css_animation=\u00a0\u00bbnone\u00a0\u00bb disable_element=\u00a0\u00bbyes\u00a0\u00bb el_id=\u00a0\u00bbh4&Prime; css=\u00a0\u00bb.vc_custom_1606318789314{background-color: #0a0a0a !important;}\u00a0\u00bb el_class=\u00a0\u00bbscrollable-section\u00a0\u00bb][vc_column][vc_column_text]<\/p>\n<h2 style=\"text-align: center;\">Mariages &amp; Privatisation<\/h2>\n<p style=\"text-align: center;\"><strong>Vous recherchez un effet WOW pour votre \u00ab journ\u00e9e sp\u00e9ciale \u00bb?<\/strong><\/p>\n<p>Le Ronnie se met en mode romantique avec ses vues \u00e9poustouflantes, ses terrasses am\u00e9nag\u00e9es pour la danse et tous ses petits d\u00e9tails qui feront de votre journ\u00e9e un moment inoubliable. Vous repartirez des souvenirs pleins la t\u00eate ![\/vc_column_text][vc_row_inner][vc_column_inner][vc_btn title=\u00a0\u00bb+ d&rsquo;infos\u00a0\u00bb align=\u00a0\u00bbcenter\u00a0\u00bb link=\u00a0\u00bburl:https%3A%2F%2Flerondpointmeribel.com%2Ffr%2Fmariage-privatisation%2F|||\u00a0\u00bb][\/vc_column_inner][\/vc_row_inner][\/vc_column][\/vc_row][vc_row][vc_column][\/vc_column][\/vc_row][vc_row full_width=\u00a0\u00bbstretch_row\u00a0\u00bb full_height=\u00a0\u00bbyes\u00a0\u00bb parallax=\u00a0\u00bbcontent-moving\u00a0\u00bb parallax_image=\u00a0\u00bb2018&Prime; css_animation=\u00a0\u00bbfadeIn\u00a0\u00bb el_id=\u00a0\u00bbh5&Prime; css=\u00a0\u00bb.vc_custom_1709045638354{background-color: #0a0a0a !important;}\u00a0\u00bb el_class=\u00a0\u00bbscrollable-section\u00a0\u00bb][vc_column][vc_column_text]<\/p>\n<h2 style=\"text-align: center;\">Le Ronnie Loves Music Festival<\/h2>\n<p><strong>Le Ronnie Loves Music Festival, l&rsquo;un des plus grands festivals de musique en plein air en Europe&#8230; sur la PISTE !<\/strong><\/p>\n<p>Chaque ann\u00e9e, le Rond Point accueille des DJs l\u00e9gendaires et des rockstars de renom. Sortant les gros moyens pour une semaine de musique incroyable dans l&rsquo;une des stations de ski les plus pris\u00e9es d&rsquo;Europe[\/vc_column_text][vc_btn title=\u00a0\u00bbRONNIE LOVES MUSIC\u00a0\u00bb link=\u00a0\u00bburl:https%3A%2F%2Flerondpointmeribel.com%2Ffr%2Fronnie-loves-music-festival%2F|title:LIVE%20MUSIC%20MERIBEL%3A%20RONNIE%20LOVES%20MUSIC%20FESTIVAL\u00a0\u00bb][\/vc_column][\/vc_row][vc_row][vc_column][vc_raw_html]JTNDJTIxLS0lMjBaZW5jaGVmJTIwV2lkZ2V0JTIwU0RLJTIwLS0lM0UlMEElM0NzY3JpcHQlM0UlM0IlMjhmdW5jdGlvbiUyMCUyOGQlMkMlMjBzJTJDJTIwaWQlMjklMjAlN0Jjb25zdCUyMGVsJTIwJTNEJTIwZC5nZXRFbGVtZW50c0J5VGFnTmFtZSUyOHMlMjklNUIwJTVEJTNCJTIwaWYlMjAlMjhkLmdldEVsZW1lbnRCeUlkJTI4aWQlMjklMjAlN0MlN0MlMjBlbC5wYXJlbnROb2RlJTIwJTNEJTNEJTIwbnVsbCUyOSUyMCU3QnJldHVybiUzQiU3RCUyMHZhciUyMGpzJTIwJTNEJTIwZC5jcmVhdGVFbGVtZW50JTI4cyUyOSUzQiUyMCUyMGpzLmlkJTIwJTNEJTIwaWQlM0IlMjBqcy5hc3luYyUyMCUzRCUyMHRydWUlM0IlMjBqcy5zcmMlMjAlM0QlMjAlMjdodHRwcyUzQSUyRiUyRnNkay56ZW5jaGVmLmNvbSUyRnYxJTJGc2RrLm1pbi5qcyUyNyUzQiUyMCUyMGVsLnBhcmVudE5vZGUuaW5zZXJ0QmVmb3JlJTI4anMlMkMlMjBlbCUyOSUzQiUyMCU3RCUyOSUyOGRvY3VtZW50JTJDJTIwJTI3c2NyaXB0JTI3JTJDJTIwJTI3emVuY2hlZi1zZGslMjclMjklM0MlMkZzY3JpcHQlM0UlMEElM0NkaXYlMEElMjAlMjAlMjBjbGFzcyUzRCUyMnpjLXdpZGdldC1jb25maWclMjIlMEElMjAlMjAlMjBkYXRhLXJlc3RhdXJhbnQlM0QlMjIzNjg4MTUlMjIlMEElMjAlMjAlMjBkYXRhLW9wZW4lM0QlMjIyMDAwJTIyJTNFJTNDJTJGZGl2JTNFJTBB[\/vc_raw_html][\/vc_column][\/vc_row][vc_row][vc_column][vc_raw_html]JTNDaWZyYW1lJTIwc3JjJTNEJTI3aHR0cHMlM0ElMkYlMkZib29raW5ncy56ZW5jaGVmLmNvbSUyRnJlc3VsdHMlM0ZyaWQlM0QzNjg4MTUlMjZwaWQlM0QxMDAxJTI2ZnVsbHNjcmVlbiUzRDElMjclMjBmcmFtZWJvcmRlciUzRCUyNzAlMjclMjBzY3JvbGxpbmclM0QlMjd5ZXMlMjclMjB3aWR0aCUzRCUyNzEwMCUyNSUyNyUyMGhlaWdodCUzRCUyNzYzMCUyNyUyMHN0eWxlJTNEJTI3ZGlzcGxheSUzQSUyMGJsb2NrJTNCJTIwbWFyZ2luJTNBJTIwMCUyMGF1dG8lM0IlMjBtYXgtd2lkdGglM0ElMjA2MDBweCUzQiUyMGhlaWdodCUzQTYzMHB4JTNCJTI3JTNFJTNDJTJGaWZyYW1lJTNF[\/vc_raw_html][\/vc_column][\/vc_row]<\/p>\n<\/div>","protected":false},"excerpt":{"rendered":"<p>[vc_row full_width=\u00a0\u00bbstretch_row\u00a0\u00bb full_height=\u00a0\u00bbyes\u00a0\u00bb columns_placement=\u00a0\u00bbbottom\u00a0\u00bb video_bg=\u00a0\u00bbyes\u00a0\u00bb video_bg_url=\u00a0\u00bbhttps:\/\/www.youtube.com\/watch?v=s12AE4oEr40&Prime; css_animation=\u00a0\u00bbnone\u00a0\u00bb el_id=\u00a0\u00bbh1&Prime; el_class=\u00a0\u00bbscrollable-section\u00a0\u00bb css=\u00a0\u00bb.vc_custom_1669639896658{background-position: center !important;background-repeat: no-repeat !important;background-size: cover !important;}\u00a0\u00bb][vc_column][vc_row_inner content_placement=\u00a0\u00bbbottom\u00a0\u00bb][vc_column_inner el_id=\u00a0\u00bblogo-img\u00a0\u00bb][vc_single_image image=\u00a0\u00bb472&Prime; img_size=\u00a0\u00bbfull\u00a0\u00bb alignment=\u00a0\u00bbcenter\u00a0\u00bb css_animation=\u00a0\u00bbnone\u00a0\u00bb][\/vc_column_inner][\/vc_row_inner][vc_row_inner][vc_column_inner width=\u00a0\u00bb1\/3&Prime;][vc_btn title=\u00a0\u00bbD\u00c9JEUNER\u00a0\u00bb align=\u00a0\u00bbcenter\u00a0\u00bb link=\u00a0\u00bburl:https%3A%2F%2Flerondpointmeribel.com%2Ffr%2Frestaurant-altitude-meribel-rond-point%2F|title:Restaurant%20d%E2%80%99altitude%20Le%20Rond%20Point|target:_blank\u00a0\u00bb el_class=\u00a0\u00bbscrollto\u00a0\u00bb][\/vc_column_inner][vc_column_inner width=\u00a0\u00bb1\/3&Prime;][vc_btn title=\u00a0\u00bbMUSIQUE\u00a0\u00bb align=\u00a0\u00bbcenter\u00a0\u00bb link=\u00a0\u00bburl:%23h3|\u00a0\u00bb el_class=\u00a0\u00bbscrollto\u00a0\u00bb][\/vc_column_inner][vc_column_inner width=\u00a0\u00bb1\/3&Prime;][vc_btn title=\u00a0\u00bbEVENEMENTS\u00a0\u00bb align=\u00a0\u00bbcenter\u00a0\u00bb link=\u00a0\u00bburl:%23h5&Prime; el_class=\u00a0\u00bbscrollto\u00a0\u00bb][\/vc_column_inner][\/vc_row_inner][\/vc_column][\/vc_row][vc_row full_width=\u00a0\u00bbstretch_row\u00a0\u00bb full_height=\u00a0\u00bbyes\u00a0\u00bb parallax=\u00a0\u00bbcontent-moving-fade\u00a0\u00bb parallax_image=\u00a0\u00bb1848&Prime; parallax_speed_bg=\u00a0\u00bb1.1&Prime; css_animation=\u00a0\u00bbnone\u00a0\u00bb el_id=\u00a0\u00bbh2&Prime; css=\u00a0\u00bb.vc_custom_1669639858181{background: #0a0a0a url(https:\/\/lerondpointmeribel.com\/wp-content\/uploads\/2022\/11\/rond-point-terrace-apres-ski-1.jpg?id=1850);background-position: center;background-repeat: no-repeat !important;background-size: cover !important;}\u00a0\u00bb el_class=\u00a0\u00bbscrollable-section\u00a0\u00bb][vc_column][vc_column_text] Le Rond &hellip; <\/p>\n<p class=\"link-more\"><a href=\"https:\/\/lerondpointmeribel.com\/fr\/\" class=\"more-link\">Continuer la lecture<span class=\"screen-reader-text\"> de &laquo;&nbsp;Le Rond Point \u00e0 M\u00e9ribel&nbsp;&raquo;<\/span><\/a><\/p>\n","protected":false},"author":4,"featured_media":0,"parent":0,"menu_order":0,"comment_status":"closed","ping_status":"closed","template":"","meta":{"footnotes":""},"yoast_head":"<!-- This site is optimized with the Yoast SEO plugin v21.8 - https:\/\/yoast.com\/wordpress\/plugins\/seo\/ -->\n<title>Le Rond Point M\u00e9ribel - Le bar et restaurant aux pieds des pistes<\/title>\n<meta name=\"description\" content=\"Le Rond Point M\u00e9ribel : bar restaurant aux pieds des pistes, soir\u00e9es apr\u00e8s-ski avec musique live au centre de la station dans les 3 Vall\u00e9es\" \/>\n<meta name=\"robots\" content=\"index, follow, max-snippet:-1, max-image-preview:large, max-video-preview:-1\" \/>\n<link rel=\"canonical\" href=\"https:\/\/lerondpointmeribel.com\/fr\/\" \/>\n<meta property=\"og:locale\" content=\"fr_FR\" \/>\n<meta property=\"og:type\" content=\"article\" \/>\n<meta property=\"og:title\" content=\"Le Rond Point M\u00e9ribel - Le bar et restaurant aux pieds des pistes\" \/>\n<meta property=\"og:description\" content=\"Le Rond Point M\u00e9ribel : bar restaurant aux pieds des pistes, soir\u00e9es apr\u00e8s-ski avec musique live au centre de la station dans les 3 Vall\u00e9es\" \/>\n<meta property=\"og:url\" content=\"https:\/\/lerondpointmeribel.com\/fr\/\" \/>\n<meta property=\"og:site_name\" content=\"Le Rond Point\" \/>\n<meta property=\"article:modified_time\" content=\"2024-12-12T15:27:13+00:00\" \/>\n<meta name=\"twitter:card\" content=\"summary_large_image\" \/>\n<meta name=\"twitter:label1\" content=\"Dur\u00e9e de lecture estim\u00e9e\" \/>\n\t<meta name=\"twitter:data1\" content=\"3 minutes\" \/>\n<script type=\"application\/ld+json\" class=\"yoast-schema-graph\">{\"@context\":\"https:\/\/schema.org\",\"@graph\":[{\"@type\":\"WebPage\",\"@id\":\"https:\/\/lerondpointmeribel.com\/fr\/\",\"url\":\"https:\/\/lerondpointmeribel.com\/fr\/\",\"name\":\"Le Rond Point M\u00e9ribel - Le bar et restaurant aux pieds des pistes\",\"isPartOf\":{\"@id\":\"https:\/\/lerondpointmeribel.com\/#website\"},\"datePublished\":\"2018-12-20T11:08:08+00:00\",\"dateModified\":\"2024-12-12T15:27:13+00:00\",\"description\":\"Le Rond Point M\u00e9ribel : bar restaurant aux pieds des pistes, soir\u00e9es apr\u00e8s-ski avec musique live au centre de la station dans les 3 Vall\u00e9es\",\"breadcrumb\":{\"@id\":\"https:\/\/lerondpointmeribel.com\/fr\/#breadcrumb\"},\"inLanguage\":\"fr-FR\",\"potentialAction\":[{\"@type\":\"ReadAction\",\"target\":[\"https:\/\/lerondpointmeribel.com\/fr\/\"]}]},{\"@type\":\"BreadcrumbList\",\"@id\":\"https:\/\/lerondpointmeribel.com\/fr\/#breadcrumb\",\"itemListElement\":[{\"@type\":\"ListItem\",\"position\":1,\"name\":\"Home\",\"item\":\"https:\/\/lerondpointmeribel.com\/fr\/\"},{\"@type\":\"ListItem\",\"position\":2,\"name\":\"Le Rond Point \u00e0 M\u00e9ribel\"}]},{\"@type\":\"WebSite\",\"@id\":\"https:\/\/lerondpointmeribel.com\/#website\",\"url\":\"https:\/\/lerondpointmeribel.com\/\",\"name\":\"Le Rond Point\",\"description\":\"Lunch Music &amp; Events\",\"publisher\":{\"@id\":\"https:\/\/lerondpointmeribel.com\/#organization\"},\"potentialAction\":[{\"@type\":\"SearchAction\",\"target\":{\"@type\":\"EntryPoint\",\"urlTemplate\":\"https:\/\/lerondpointmeribel.com\/?s={search_term_string}\"},\"query-input\":\"required name=search_term_string\"}],\"inLanguage\":\"fr-FR\"},{\"@type\":\"Organization\",\"@id\":\"https:\/\/lerondpointmeribel.com\/#organization\",\"name\":\"Le Rond Point Meribel\",\"url\":\"https:\/\/lerondpointmeribel.com\/\",\"logo\":{\"@type\":\"ImageObject\",\"inLanguage\":\"fr-FR\",\"@id\":\"https:\/\/lerondpointmeribel.com\/#\/schema\/logo\/image\/\",\"url\":\"https:\/\/lerondpointmeribel.com\/wp-content\/uploads\/2019\/01\/cropped-RP-LogoSI.png\",\"contentUrl\":\"https:\/\/lerondpointmeribel.com\/wp-content\/uploads\/2019\/01\/cropped-RP-LogoSI.png\",\"width\":1224,\"height\":250,\"caption\":\"Le Rond Point Meribel\"},\"image\":{\"@id\":\"https:\/\/lerondpointmeribel.com\/#\/schema\/logo\/image\/\"}}]}<\/script>\n<!-- \/ Yoast SEO plugin. -->","yoast_head_json":{"title":"Le Rond Point M\u00e9ribel - Le bar et restaurant aux pieds des pistes","description":"Le Rond Point M\u00e9ribel : bar restaurant aux pieds des pistes, soir\u00e9es apr\u00e8s-ski avec musique live au centre de la station dans les 3 Vall\u00e9es","robots":{"index":"index","follow":"follow","max-snippet":"max-snippet:-1","max-image-preview":"max-image-preview:large","max-video-preview":"max-video-preview:-1"},"canonical":"https:\/\/lerondpointmeribel.com\/fr\/","og_locale":"fr_FR","og_type":"article","og_title":"Le Rond Point M\u00e9ribel - Le bar et restaurant aux pieds des pistes","og_description":"Le Rond Point M\u00e9ribel : bar restaurant aux pieds des pistes, soir\u00e9es apr\u00e8s-ski avec musique live au centre de la station dans les 3 Vall\u00e9es","og_url":"https:\/\/lerondpointmeribel.com\/fr\/","og_site_name":"Le Rond Point","article_modified_time":"2024-12-12T15:27:13+00:00","twitter_card":"summary_large_image","twitter_misc":{"Dur\u00e9e de lecture estim\u00e9e":"3 minutes"},"schema":{"@context":"https:\/\/schema.org","@graph":[{"@type":"WebPage","@id":"https:\/\/lerondpointmeribel.com\/fr\/","url":"https:\/\/lerondpointmeribel.com\/fr\/","name":"Le Rond Point M\u00e9ribel - Le bar et restaurant aux pieds des pistes","isPartOf":{"@id":"https:\/\/lerondpointmeribel.com\/#website"},"datePublished":"2018-12-20T11:08:08+00:00","dateModified":"2024-12-12T15:27:13+00:00","description":"Le Rond Point M\u00e9ribel : bar restaurant aux pieds des pistes, soir\u00e9es apr\u00e8s-ski avec musique live au centre de la station dans les 3 Vall\u00e9es","breadcrumb":{"@id":"https:\/\/lerondpointmeribel.com\/fr\/#breadcrumb"},"inLanguage":"fr-FR","potentialAction":[{"@type":"ReadAction","target":["https:\/\/lerondpointmeribel.com\/fr\/"]}]},{"@type":"BreadcrumbList","@id":"https:\/\/lerondpointmeribel.com\/fr\/#breadcrumb","itemListElement":[{"@type":"ListItem","position":1,"name":"Home","item":"https:\/\/lerondpointmeribel.com\/fr\/"},{"@type":"ListItem","position":2,"name":"Le Rond Point \u00e0 M\u00e9ribel"}]},{"@type":"WebSite","@id":"https:\/\/lerondpointmeribel.com\/#website","url":"https:\/\/lerondpointmeribel.com\/","name":"Le Rond Point","description":"Lunch Music &amp; Events","publisher":{"@id":"https:\/\/lerondpointmeribel.com\/#organization"},"potentialAction":[{"@type":"SearchAction","target":{"@type":"EntryPoint","urlTemplate":"https:\/\/lerondpointmeribel.com\/?s={search_term_string}"},"query-input":"required name=search_term_string"}],"inLanguage":"fr-FR"},{"@type":"Organization","@id":"https:\/\/lerondpointmeribel.com\/#organization","name":"Le Rond Point Meribel","url":"https:\/\/lerondpointmeribel.com\/","logo":{"@type":"ImageObject","inLanguage":"fr-FR","@id":"https:\/\/lerondpointmeribel.com\/#\/schema\/logo\/image\/","url":"https:\/\/lerondpointmeribel.com\/wp-content\/uploads\/2019\/01\/cropped-RP-LogoSI.png","contentUrl":"https:\/\/lerondpointmeribel.com\/wp-content\/uploads\/2019\/01\/cropped-RP-LogoSI.png","width":1224,"height":250,"caption":"Le Rond Point Meribel"},"image":{"@id":"https:\/\/lerondpointmeribel.com\/#\/schema\/logo\/image\/"}}]}},"publishpress_future_action":{"enabled":false,"date":"2026-04-13 23:05:01","action":"draft","terms":[],"taxonomy":""},"_links":{"self":[{"href":"https:\/\/lerondpointmeribel.com\/fr\/wp-json\/wp\/v2\/pages\/331"}],"collection":[{"href":"https:\/\/lerondpointmeribel.com\/fr\/wp-json\/wp\/v2\/pages"}],"about":[{"href":"https:\/\/lerondpointmeribel.com\/fr\/wp-json\/wp\/v2\/types\/page"}],"author":[{"embeddable":true,"href":"https:\/\/lerondpointmeribel.com\/fr\/wp-json\/wp\/v2\/users\/4"}],"replies":[{"embeddable":true,"href":"https:\/\/lerondpointmeribel.com\/fr\/wp-json\/wp\/v2\/comments?post=331"}],"version-history":[{"count":52,"href":"https:\/\/lerondpointmeribel.com\/fr\/wp-json\/wp\/v2\/pages\/331\/revisions"}],"predecessor-version":[{"id":2151,"href":"https:\/\/lerondpointmeribel.com\/fr\/wp-json\/wp\/v2\/pages\/331\/revisions\/2151"}],"wp:attachment":[{"href":"https:\/\/lerondpointmeribel.com\/fr\/wp-json\/wp\/v2\/media?parent=331"}],"curies":[{"name":"wp","href":"https:\/\/api.w.org\/{rel}","templated":true}]}}