{"id":343,"date":"2018-12-05T12:46:09","date_gmt":"2018-12-05T11:46:09","guid":{"rendered":"https:\/\/lerondpointmeribel.com\/?page_id=343"},"modified":"2024-12-12T11:25:24","modified_gmt":"2024-12-12T10:25:24","slug":"bar-restaurant-sur-les-pistes-meribel-rond-point","status":"publish","type":"page","link":"https:\/\/lerondpointmeribel.com\/fr\/bar-restaurant-sur-les-pistes-meribel-rond-point\/","title":{"rendered":"Infos"},"content":{"rendered":"<div class=\"wpb-content-wrapper\"><p>[vc_row full_width=\u00a0\u00bbstretch_row_content\u00a0\u00bb full_height=\u00a0\u00bbyes\u00a0\u00bb el_class=\u00a0\u00bbscrollable-section\u00a0\u00bb][vc_column][vc_empty_space height=\u00a0\u00bb50px\u00a0\u00bb][vc_custom_heading source=\u00a0\u00bbpost_title\u00a0\u00bb font_container=\u00a0\u00bbtag:h2|text_align:center\u00a0\u00bb use_theme_fonts=\u00a0\u00bbyes\u00a0\u00bb][vc_row_inner equal_height=\u00a0\u00bbyes\u00a0\u00bb content_placement=\u00a0\u00bbtop\u00a0\u00bb css=\u00a0\u00bb.vc_custom_1541520506989{background-color: #ffffff !important;}\u00a0\u00bb][vc_column_inner width=\u00a0\u00bb1\/3&Prime; css=\u00a0\u00bb.vc_custom_1547809219287{margin-top: 15px !important;margin-right: 15px !important;margin-bottom: 15px !important;margin-left: 15px !important;padding-top: 25px !important;padding-bottom: 25px !important;background-image: url(https:\/\/lerondpointmeribel.com\/wp-content\/uploads\/2019\/01\/RONNIE-LONG-PHOTO-2.jpg?id=539) !important;background-position: center !important;background-repeat: no-repeat !important;background-size: cover !important;}\u00a0\u00bb][\/vc_column_inner][vc_column_inner el_class=\u00a0\u00bboutlined\u00a0\u00bb width=\u00a0\u00bb1\/3&Prime; css=\u00a0\u00bb.vc_custom_1547809179187{margin-top: 30px !important;margin-right: 30px !important;margin-bottom: 30px !important;margin-left: 30px !important;padding-top: 30px !important;padding-right: 30px !important;padding-bottom: 30px !important;padding-left: 30px !important;background-color: rgba(243,247,251,0.75) !important;*background-color: rgb(243,247,251) !important;}\u00a0\u00bb][vc_column_text][\/vc_column_text][vc_column_text el_class=\u00a0\u00bbadress-info\u00a0\u00bb]<\/p>\n<h3>HORAIRES<\/h3>\n<p><strong>Ouvert tous les jours : <\/strong>de 10h00 \u00e0 19h<strong><br \/>\n<\/strong><b>Restaurant :<\/b>\u00a0 de 11h30 \u00e0 14h30 (\u00e0 partir de Samedi 21 d\u00e9cembre)<strong><br \/>\nSnack Bar : <\/strong>de 12h \u00e0 17h<strong><br \/>\nLa musique live :<\/strong> de 15h30 \u00e0 18h30<strong><br \/>\n<\/strong><\/p>\n<h3>ADRESSE<\/h3>\n<p><strong>Le Rond Point<\/strong><\/p>\n<p>Route de Belv\u00e9d\u00e8re<br \/>\n73550 M\u00e9ribel[\/vc_column_text][vc_column_text el_class=\u00a0\u00bbcontact-info floatLeft padR\u00a0\u00bb]<\/p>\n<h3>TELEPHONE<\/h3>\n<p><a href=\"tel:+33479003751\">+33 4 79 00 37 51<\/a>[\/vc_column_text][vc_icon type=\u00a0\u00bbmonosocial\u00a0\u00bb icon_monosocial=\u00a0\u00bbvc-mono vc-mono-facebook\u00a0\u00bb color=\u00a0\u00bbcustom\u00a0\u00bb css_animation=\u00a0\u00bbfadeInUp\u00a0\u00bb link=\u00a0\u00bburl:https%3A%2F%2Fwww.facebook.com%2FRond.Point.Meribel%2F|title:Like%20%26%20Follow%20us|target:%20_blank|\u00a0\u00bb custom_color=\u00a0\u00bb#2a2b6a\u00a0\u00bb el_class=\u00a0\u00bbfloatLeft padR clear\u00a0\u00bb][vc_icon type=\u00a0\u00bbmonosocial\u00a0\u00bb icon_monosocial=\u00a0\u00bbvc-mono vc-mono-instagram\u00a0\u00bb color=\u00a0\u00bbcustom\u00a0\u00bb css_animation=\u00a0\u00bbfadeInUp\u00a0\u00bb link=\u00a0\u00bburl:https%3A%2F%2Fwww.instagram.com%2Frondpointmeribel%2F|title:Follow%20%26%20Tag%20us|target:%20_blank|\u00a0\u00bb custom_color=\u00a0\u00bb#2a2b6a\u00a0\u00bb el_class=\u00a0\u00bbfloatLeft padR\u00a0\u00bb][\/vc_column_inner][vc_column_inner width=\u00a0\u00bb1\/3&Prime; css=\u00a0\u00bb.vc_custom_1541693677488{padding-right: 30px !important;}\u00a0\u00bb][vc_column_text el_class=\u00a0\u00bbadress-info\u00a0\u00bb]<\/p>\n<h3>R\u00e9servation<\/h3>\n<p>[\/vc_column_text][vc_column_text]R\u00e9servez votre table pour d\u00e9jeuner ou votre place\u00a0 \u00e0 apr\u00e8s-ski ![\/vc_column_text][vc_btn title=\u00a0\u00bbRESERVEZ\u00a0\u00bb link=\u00a0\u00bburl:https%3A%2F%2Fbookings.zenchef.com%2Fresults%3Frid%3D368815%26pid%3D1001|target:_blank\u00a0\u00bb][vc_column_text]Si vous souhaitez r\u00e9server une <strong>table pour aujourd&rsquo;hui<\/strong>, nous vous invitons \u00e0 r\u00e9server directement par t\u00e9l\u00e9phone en appelant <strong>Le Rond Point<span class=\"il\">\u00a0au <a href=\"tel:+33479003751\">+33 4 79 00 37 51<\/a><\/span><\/strong>[\/vc_column_text][vc_column_text el_class=\u00a0\u00bbcontact-info floatLeft padR\u00a0\u00bb]<\/p>\n<h3>EMAIL<\/h3>\n<p>&nbsp;<\/p>\n<p>Pour les r\u00e9servations de grands groupes ou les demandes de renseignements, veuillez nous contacter par email.<\/p>\n<p><a href=\"mailto:rpreservations@alpine-bars.com\" target=\"_blank\" rel=\"noopener\">rpreservations@alpine-bars.com<\/a>[\/vc_column_text][\/vc_column_inner][\/vc_row_inner][\/vc_column][\/vc_row]<\/p>\n<\/div>","protected":false},"excerpt":{"rendered":"<p>[vc_row full_width=\u00a0\u00bbstretch_row_content\u00a0\u00bb full_height=\u00a0\u00bbyes\u00a0\u00bb el_class=\u00a0\u00bbscrollable-section\u00a0\u00bb][vc_column][vc_empty_space height=\u00a0\u00bb50px\u00a0\u00bb][vc_custom_heading source=\u00a0\u00bbpost_title\u00a0\u00bb font_container=\u00a0\u00bbtag:h2|text_align:center\u00a0\u00bb use_theme_fonts=\u00a0\u00bbyes\u00a0\u00bb][vc_row_inner equal_height=\u00a0\u00bbyes\u00a0\u00bb content_placement=\u00a0\u00bbtop\u00a0\u00bb css=\u00a0\u00bb.vc_custom_1541520506989{background-color: #ffffff !important;}\u00a0\u00bb][vc_column_inner width=\u00a0\u00bb1\/3&Prime; css=\u00a0\u00bb.vc_custom_1547809219287{margin-top: 15px !important;margin-right: 15px !important;margin-bottom: 15px !important;margin-left: 15px !important;padding-top: 25px !important;padding-bottom: 25px !important;background-image: url(https:\/\/lerondpointmeribel.com\/wp-content\/uploads\/2019\/01\/RONNIE-LONG-PHOTO-2.jpg?id=539) !important;background-position: center !important;background-repeat: no-repeat !important;background-size: cover !important;}\u00a0\u00bb][\/vc_column_inner][vc_column_inner el_class=\u00a0\u00bboutlined\u00a0\u00bb width=\u00a0\u00bb1\/3&Prime; css=\u00a0\u00bb.vc_custom_1547809179187{margin-top: 30px !important;margin-right: 30px !important;margin-bottom: 30px !important;margin-left: 30px !important;padding-top: 30px !important;padding-right: 30px !important;padding-bottom: 30px !important;padding-left: 30px !important;background-color: rgba(243,247,251,0.75) &hellip; <\/p>\n<p class=\"link-more\"><a href=\"https:\/\/lerondpointmeribel.com\/fr\/bar-restaurant-sur-les-pistes-meribel-rond-point\/\" class=\"more-link\">Continuer la lecture<span class=\"screen-reader-text\"> de &laquo;&nbsp;Infos&nbsp;&raquo;<\/span><\/a><\/p>\n","protected":false},"author":4,"featured_media":0,"parent":0,"menu_order":0,"comment_status":"closed","ping_status":"closed","template":"","meta":{"footnotes":""},"yoast_head":"<!-- This site is optimized with the Yoast SEO plugin v21.8 - https:\/\/yoast.com\/wordpress\/plugins\/seo\/ -->\n<title>Bar et Restaurant sur les pistes de M\u00e9ribel - Le Rond Point<\/title>\n<meta name=\"description\" content=\"Le Rond Point apr\u00e8s-ski bar &amp; restaurant. Nich\u00e9 sur les pistes de M\u00e9ribel. Venez managez sur notre terrasse, \u00e0 la carte ou snack. Musique live &amp; DJs\" \/>\n<meta name=\"robots\" content=\"index, follow, max-snippet:-1, max-image-preview:large, max-video-preview:-1\" \/>\n<link rel=\"canonical\" href=\"https:\/\/lerondpointmeribel.com\/fr\/bar-restaurant-sur-les-pistes-meribel-rond-point\/\" \/>\n<meta property=\"og:locale\" content=\"fr_FR\" \/>\n<meta property=\"og:type\" content=\"article\" \/>\n<meta property=\"og:title\" content=\"Bar et Restaurant sur les pistes de M\u00e9ribel - Le Rond Point\" \/>\n<meta property=\"og:description\" content=\"Le Rond Point apr\u00e8s-ski bar &amp; restaurant. Nich\u00e9 sur les pistes de M\u00e9ribel. Venez managez sur notre terrasse, \u00e0 la carte ou snack. Musique live &amp; DJs\" \/>\n<meta property=\"og:url\" content=\"https:\/\/lerondpointmeribel.com\/fr\/bar-restaurant-sur-les-pistes-meribel-rond-point\/\" \/>\n<meta property=\"og:site_name\" content=\"Le Rond Point\" \/>\n<meta property=\"article:modified_time\" content=\"2024-12-12T10:25:24+00:00\" \/>\n<meta name=\"twitter:card\" content=\"summary_large_image\" \/>\n<meta name=\"twitter:label1\" content=\"Dur\u00e9e de lecture estim\u00e9e\" \/>\n\t<meta name=\"twitter:data1\" content=\"1 minute\" \/>\n<script type=\"application\/ld+json\" class=\"yoast-schema-graph\">{\"@context\":\"https:\/\/schema.org\",\"@graph\":[{\"@type\":\"WebPage\",\"@id\":\"https:\/\/lerondpointmeribel.com\/fr\/bar-restaurant-sur-les-pistes-meribel-rond-point\/\",\"url\":\"https:\/\/lerondpointmeribel.com\/fr\/bar-restaurant-sur-les-pistes-meribel-rond-point\/\",\"name\":\"Bar et Restaurant sur les pistes de M\u00e9ribel - Le Rond Point\",\"isPartOf\":{\"@id\":\"https:\/\/lerondpointmeribel.com\/#website\"},\"datePublished\":\"2018-12-05T11:46:09+00:00\",\"dateModified\":\"2024-12-12T10:25:24+00:00\",\"description\":\"Le Rond Point apr\u00e8s-ski bar & restaurant. Nich\u00e9 sur les pistes de M\u00e9ribel. Venez managez sur notre terrasse, \u00e0 la carte ou snack. Musique live & DJs\",\"breadcrumb\":{\"@id\":\"https:\/\/lerondpointmeribel.com\/fr\/bar-restaurant-sur-les-pistes-meribel-rond-point\/#breadcrumb\"},\"inLanguage\":\"fr-FR\",\"potentialAction\":[{\"@type\":\"ReadAction\",\"target\":[\"https:\/\/lerondpointmeribel.com\/fr\/bar-restaurant-sur-les-pistes-meribel-rond-point\/\"]}]},{\"@type\":\"BreadcrumbList\",\"@id\":\"https:\/\/lerondpointmeribel.com\/fr\/bar-restaurant-sur-les-pistes-meribel-rond-point\/#breadcrumb\",\"itemListElement\":[{\"@type\":\"ListItem\",\"position\":1,\"name\":\"Home\",\"item\":\"https:\/\/lerondpointmeribel.com\/fr\/\"},{\"@type\":\"ListItem\",\"position\":2,\"name\":\"Infos\"}]},{\"@type\":\"WebSite\",\"@id\":\"https:\/\/lerondpointmeribel.com\/#website\",\"url\":\"https:\/\/lerondpointmeribel.com\/\",\"name\":\"Le Rond Point\",\"description\":\"Lunch Music &amp; Events\",\"publisher\":{\"@id\":\"https:\/\/lerondpointmeribel.com\/#organization\"},\"potentialAction\":[{\"@type\":\"SearchAction\",\"target\":{\"@type\":\"EntryPoint\",\"urlTemplate\":\"https:\/\/lerondpointmeribel.com\/?s={search_term_string}\"},\"query-input\":\"required name=search_term_string\"}],\"inLanguage\":\"fr-FR\"},{\"@type\":\"Organization\",\"@id\":\"https:\/\/lerondpointmeribel.com\/#organization\",\"name\":\"Le Rond Point Meribel\",\"url\":\"https:\/\/lerondpointmeribel.com\/\",\"logo\":{\"@type\":\"ImageObject\",\"inLanguage\":\"fr-FR\",\"@id\":\"https:\/\/lerondpointmeribel.com\/#\/schema\/logo\/image\/\",\"url\":\"https:\/\/lerondpointmeribel.com\/wp-content\/uploads\/2019\/01\/cropped-RP-LogoSI.png\",\"contentUrl\":\"https:\/\/lerondpointmeribel.com\/wp-content\/uploads\/2019\/01\/cropped-RP-LogoSI.png\",\"width\":1224,\"height\":250,\"caption\":\"Le Rond Point Meribel\"},\"image\":{\"@id\":\"https:\/\/lerondpointmeribel.com\/#\/schema\/logo\/image\/\"}}]}<\/script>\n<!-- \/ Yoast SEO plugin. -->","yoast_head_json":{"title":"Bar et Restaurant sur les pistes de M\u00e9ribel - Le Rond Point","description":"Le Rond Point apr\u00e8s-ski bar & restaurant. Nich\u00e9 sur les pistes de M\u00e9ribel. Venez managez sur notre terrasse, \u00e0 la carte ou snack. Musique live & DJs","robots":{"index":"index","follow":"follow","max-snippet":"max-snippet:-1","max-image-preview":"max-image-preview:large","max-video-preview":"max-video-preview:-1"},"canonical":"https:\/\/lerondpointmeribel.com\/fr\/bar-restaurant-sur-les-pistes-meribel-rond-point\/","og_locale":"fr_FR","og_type":"article","og_title":"Bar et Restaurant sur les pistes de M\u00e9ribel - Le Rond Point","og_description":"Le Rond Point apr\u00e8s-ski bar & restaurant. Nich\u00e9 sur les pistes de M\u00e9ribel. Venez managez sur notre terrasse, \u00e0 la carte ou snack. Musique live & DJs","og_url":"https:\/\/lerondpointmeribel.com\/fr\/bar-restaurant-sur-les-pistes-meribel-rond-point\/","og_site_name":"Le Rond Point","article_modified_time":"2024-12-12T10:25:24+00:00","twitter_card":"summary_large_image","twitter_misc":{"Dur\u00e9e de lecture estim\u00e9e":"1 minute"},"schema":{"@context":"https:\/\/schema.org","@graph":[{"@type":"WebPage","@id":"https:\/\/lerondpointmeribel.com\/fr\/bar-restaurant-sur-les-pistes-meribel-rond-point\/","url":"https:\/\/lerondpointmeribel.com\/fr\/bar-restaurant-sur-les-pistes-meribel-rond-point\/","name":"Bar et Restaurant sur les pistes de M\u00e9ribel - Le Rond Point","isPartOf":{"@id":"https:\/\/lerondpointmeribel.com\/#website"},"datePublished":"2018-12-05T11:46:09+00:00","dateModified":"2024-12-12T10:25:24+00:00","description":"Le Rond Point apr\u00e8s-ski bar & restaurant. Nich\u00e9 sur les pistes de M\u00e9ribel. Venez managez sur notre terrasse, \u00e0 la carte ou snack. Musique live & DJs","breadcrumb":{"@id":"https:\/\/lerondpointmeribel.com\/fr\/bar-restaurant-sur-les-pistes-meribel-rond-point\/#breadcrumb"},"inLanguage":"fr-FR","potentialAction":[{"@type":"ReadAction","target":["https:\/\/lerondpointmeribel.com\/fr\/bar-restaurant-sur-les-pistes-meribel-rond-point\/"]}]},{"@type":"BreadcrumbList","@id":"https:\/\/lerondpointmeribel.com\/fr\/bar-restaurant-sur-les-pistes-meribel-rond-point\/#breadcrumb","itemListElement":[{"@type":"ListItem","position":1,"name":"Home","item":"https:\/\/lerondpointmeribel.com\/fr\/"},{"@type":"ListItem","position":2,"name":"Infos"}]},{"@type":"WebSite","@id":"https:\/\/lerondpointmeribel.com\/#website","url":"https:\/\/lerondpointmeribel.com\/","name":"Le Rond Point","description":"Lunch Music &amp; Events","publisher":{"@id":"https:\/\/lerondpointmeribel.com\/#organization"},"potentialAction":[{"@type":"SearchAction","target":{"@type":"EntryPoint","urlTemplate":"https:\/\/lerondpointmeribel.com\/?s={search_term_string}"},"query-input":"required name=search_term_string"}],"inLanguage":"fr-FR"},{"@type":"Organization","@id":"https:\/\/lerondpointmeribel.com\/#organization","name":"Le Rond Point Meribel","url":"https:\/\/lerondpointmeribel.com\/","logo":{"@type":"ImageObject","inLanguage":"fr-FR","@id":"https:\/\/lerondpointmeribel.com\/#\/schema\/logo\/image\/","url":"https:\/\/lerondpointmeribel.com\/wp-content\/uploads\/2019\/01\/cropped-RP-LogoSI.png","contentUrl":"https:\/\/lerondpointmeribel.com\/wp-content\/uploads\/2019\/01\/cropped-RP-LogoSI.png","width":1224,"height":250,"caption":"Le Rond Point Meribel"},"image":{"@id":"https:\/\/lerondpointmeribel.com\/#\/schema\/logo\/image\/"}}]}},"publishpress_future_action":{"enabled":false,"date":"2026-04-27 07:01:55","action":"draft","terms":[],"taxonomy":""},"_links":{"self":[{"href":"https:\/\/lerondpointmeribel.com\/fr\/wp-json\/wp\/v2\/pages\/343"}],"collection":[{"href":"https:\/\/lerondpointmeribel.com\/fr\/wp-json\/wp\/v2\/pages"}],"about":[{"href":"https:\/\/lerondpointmeribel.com\/fr\/wp-json\/wp\/v2\/types\/page"}],"author":[{"embeddable":true,"href":"https:\/\/lerondpointmeribel.com\/fr\/wp-json\/wp\/v2\/users\/4"}],"replies":[{"embeddable":true,"href":"https:\/\/lerondpointmeribel.com\/fr\/wp-json\/wp\/v2\/comments?post=343"}],"version-history":[{"count":23,"href":"https:\/\/lerondpointmeribel.com\/fr\/wp-json\/wp\/v2\/pages\/343\/revisions"}],"predecessor-version":[{"id":2108,"href":"https:\/\/lerondpointmeribel.com\/fr\/wp-json\/wp\/v2\/pages\/343\/revisions\/2108"}],"wp:attachment":[{"href":"https:\/\/lerondpointmeribel.com\/fr\/wp-json\/wp\/v2\/media?parent=343"}],"curies":[{"name":"wp","href":"https:\/\/api.w.org\/{rel}","templated":true}]}}