{"id":412,"date":"2018-12-20T15:58:04","date_gmt":"2018-12-20T14:58:04","guid":{"rendered":"https:\/\/lerondpointmeribel.com\/about\/"},"modified":"2024-12-12T11:29:23","modified_gmt":"2024-12-12T10:29:23","slug":"concept","status":"publish","type":"page","link":"https:\/\/lerondpointmeribel.com\/fr\/concept\/","title":{"rendered":"Bar Le Rond Point : rendez-vous aux pieds des pistes de M\u00e9ribel"},"content":{"rendered":"<div class=\"wpb-content-wrapper\"><p>[vc_row full_width=\u00a0\u00bbstretch_row_content\u00a0\u00bb full_height=\u00a0\u00bbyes\u00a0\u00bb el_class=\u00a0\u00bbscrollable-section\u00a0\u00bb][vc_column][vc_empty_space height=\u00a0\u00bb50px\u00a0\u00bb][vc_custom_heading source=\u00a0\u00bbpost_title\u00a0\u00bb font_container=\u00a0\u00bbtag:h2|text_align:center\u00a0\u00bb use_theme_fonts=\u00a0\u00bbyes\u00a0\u00bb][vc_row_inner equal_height=\u00a0\u00bbyes\u00a0\u00bb content_placement=\u00a0\u00bbtop\u00a0\u00bb css=\u00a0\u00bb.vc_custom_1541520506989{background-color: #ffffff !important;}\u00a0\u00bb][vc_column_inner el_class=\u00a0\u00bboutlined\u00a0\u00bb width=\u00a0\u00bb1\/2&Prime; css=\u00a0\u00bb.vc_custom_1547809136656{margin-top: 30px !important;margin-right: 30px !important;margin-bottom: 30px !important;margin-left: 30px !important;padding-top: 30px !important;padding-right: 30px !important;padding-bottom: 30px !important;padding-left: 30px !important;background-color: rgba(243,247,251,0.75) !important;*background-color: rgb(243,247,251) !important;}\u00a0\u00bb][vc_column_text]<\/p>\n<h1>Si vous \u00eates d\u00e9j\u00e0 venus \u00e0 M\u00e9ribel, alors vous \u00eates forc\u00e9ment pass\u00e9s par le bar Le Rond Point !<\/h1>\n<p>Et si ce n\u2019est pas encore le cas, il est grandement conseill\u00e9&#8230; de l\u2019ajouter \u00e0 sa liste de \u00ab choses \u00e0 faire \u00bb ![\/vc_column_text][vc_column_text]D\u2019une petite balade en bus depuis le centre de M\u00e9ribel ou d\u2019une descente rapide en ski depuis le sommet, que vous s\u00e9journiez \u00e0 Courchevel ou \u00e0 M\u00e9ribel, nous sommes tr\u00e8s facile d\u2019acc\u00e8s, alors n\u2019h\u00e9sitez pas \u00e0 passer nous dire bonjour. Ouvert \u00e0 partir de 9h30 pour le caf\u00e9 \/ croissant du matin et ouvert toute la journ\u00e9e, il n\u2019est pas surprenant d\u2019\u00eatre le lieu de rencontre id\u00e9al pour tous.<\/p>\n<h2>\u00ab\u00a0Le Ronnie\u00a0\u00bb n&rsquo;est pas qu&rsquo;un bar : on prend un verre, on mange avec les locaux et on profite de la vue au soleil<\/h2>\n<p>Lieu favori des habitants et des touristes, nous sommes devenus l\u00e9gendaires dans toute l\u2019Europe pour nos soir\u00e9es \u00ab apr\u00e8s-ski \u00bb d\u00e9jant\u00e9es, mais aussi pour la chaleur de notre accueil, la qualit\u00e9 de notre restaurant et l\u2019ambiance populaire qui y r\u00e8gne.<\/p>\n<p>Profitez d\u2019un bon verre de vin au soleil, offrez-vous un long d\u00e9jeuner en plein air avec vos amis, d\u00e9tendez vous en famille, r\u00e9chauffez vous \u00e0 l\u2019\u00e9tage sup\u00e9rieur ou d\u00e9gustez notre savoureux wok de nouilles fra\u00eeches. Entre notre <a href=\"https:\/\/lerondpointmeribel.com\/fr\/restaurant-altitude-meribel-rond-point\/\">restaurant \u00e0 la carte<\/a> et notre <a href=\"https:\/\/lerondpointmeribel.com\/fr\/snack-meribel-fast-food-restaurant-bar-rond-point-restauration-rapide-burger-emporter-sur-place\/\">snack bar<\/a>, il y en a pour tous les go\u00fbts, y compris les enfants!<\/p>\n<p>Et si vous souhaitez profiter d\u2019une vue \u00e0 couper le souffle, n\u2019h\u00e9sitez pas \u00e0 r\u00e9server d\u00e8s maintenant votre table pr\u00e9f\u00e9r\u00e9e !<\/p>\n<p>\u00c0 l\u2019int\u00e9rieur, \u00e0 l\u2019ext\u00e9rieur, sous le parasol ou sous le parapluie, quelle que soit la m\u00e9t\u00e9o, nous sommes pr\u00eats \u00e0 vous offrir un apr\u00e8s-midi que vos amis vous envieront ! #wanderlust<\/p>\n<h2>Le bar Le Rond Point : \u00e9picentre de la f\u00eate \u00e0 M\u00e9ribel !<\/h2>\n<p>Avec une s\u00e9lection des <a href=\"https:\/\/lerondpointmeribel.com\/fr\/evenements\/\">meilleurs groupes et DJ des Alpes<\/a> et de toute l&rsquo;Europe, nous nous effor\u00e7ons par un travail acharn\u00e9 de vous offrir une exp\u00e9rience qui restera grav\u00e9e dans votre m\u00e9moire toute votre vie! LOVE IT, LIVE IT, RONNIE IT !<\/p>\n<p>Pour les aficionados des \u00ab apr\u00e8s-skis \u00bb, ne ratez pas l\u2019\u00e9v\u00e9nement organis\u00e9 par le groupe local Rockstar Djs Bubble + Crisp qui sera la plus grande soir\u00e9e \u00ab Apr\u00e8s \u00bb de la saison. Un m\u00e9lange \u00e9nergique de jazz et de funk n\u00e9 de la rencontre de ces deux talents, une foule en d\u00e9lire\u2026Attention, ne loupez pas votre d\u00eener au chalet, vous risquez fort de ne pas voir le temps passer !<\/p>\n<p>On enl\u00e8ve le pull\u2026on commande un Toffee Caramel\u2026on sort les pichets (de bi\u00e8re \ud83d\ude09 ) tous les jours de la semaine m\u00eame f\u00e9ri\u00e9, nous, au Ronnie on est l\u00e0 pour vous offrir le meilleur !<\/p>\n<p>Alors, skiez, grimpez ou baladez vous, r\u00e9cup\u00e9rez vos enfants, faites une pause et surtout profitez de la GLISSE !<\/p>\n<p>\u00ab A bient\u00f4t au Ronnie \u00bb[\/vc_column_text][vc_btn title=\u00a0\u00bbRESERVEZ \u00a0\u00bb link=\u00a0\u00bburl:https%3A%2F%2Fbookings.zenchef.com%2Fresults%3Frid%3D368815%26pid%3D1001|target:_blank\u00a0\u00bb][\/vc_column_inner][vc_column_inner width=\u00a0\u00bb1\/2&Prime; css=\u00a0\u00bb.vc_custom_1547808938936{margin-top: 15px !important;margin-right: 15px !important;margin-bottom: 15px !important;margin-left: 15px !important;padding-top: 50px !important;padding-bottom: 50px !important;background-image: url(https:\/\/lerondpointmeribel.com\/wp-content\/uploads\/2019\/01\/RONNIE-CROWD-5.jpg?id=533) !important;background-position: center !important;background-repeat: no-repeat !important;background-size: cover !important;}\u00a0\u00bb][\/vc_column_inner][\/vc_row_inner][\/vc_column][\/vc_row]<\/p>\n<\/div>","protected":false},"excerpt":{"rendered":"<p>[vc_row full_width=\u00a0\u00bbstretch_row_content\u00a0\u00bb full_height=\u00a0\u00bbyes\u00a0\u00bb el_class=\u00a0\u00bbscrollable-section\u00a0\u00bb][vc_column][vc_empty_space height=\u00a0\u00bb50px\u00a0\u00bb][vc_custom_heading source=\u00a0\u00bbpost_title\u00a0\u00bb font_container=\u00a0\u00bbtag:h2|text_align:center\u00a0\u00bb use_theme_fonts=\u00a0\u00bbyes\u00a0\u00bb][vc_row_inner equal_height=\u00a0\u00bbyes\u00a0\u00bb content_placement=\u00a0\u00bbtop\u00a0\u00bb css=\u00a0\u00bb.vc_custom_1541520506989{background-color: #ffffff !important;}\u00a0\u00bb][vc_column_inner el_class=\u00a0\u00bboutlined\u00a0\u00bb width=\u00a0\u00bb1\/2&Prime; css=\u00a0\u00bb.vc_custom_1547809136656{margin-top: 30px !important;margin-right: 30px !important;margin-bottom: 30px !important;margin-left: 30px !important;padding-top: 30px !important;padding-right: 30px !important;padding-bottom: 30px !important;padding-left: 30px !important;background-color: rgba(243,247,251,0.75) !important;*background-color: rgb(243,247,251) !important;}\u00a0\u00bb][vc_column_text] Si vous \u00eates d\u00e9j\u00e0 venus \u00e0 M\u00e9ribel, alors vous \u00eates forc\u00e9ment pass\u00e9s par le bar Le Rond Point ! &hellip; <\/p>\n<p class=\"link-more\"><a href=\"https:\/\/lerondpointmeribel.com\/fr\/concept\/\" class=\"more-link\">Continuer la lecture<span class=\"screen-reader-text\"> de &laquo;&nbsp;Bar Le Rond Point : rendez-vous aux pieds des pistes de M\u00e9ribel&nbsp;&raquo;<\/span><\/a><\/p>\n","protected":false},"author":4,"featured_media":0,"parent":0,"menu_order":0,"comment_status":"closed","ping_status":"closed","template":"","meta":{"footnotes":""},"yoast_head":"<!-- This site is optimized with the Yoast SEO plugin v21.8 - https:\/\/yoast.com\/wordpress\/plugins\/seo\/ -->\n<title>Bar le Rond Point, le bar aux pieds des pistes de M\u00e9ribel<\/title>\n<meta name=\"description\" content=\"Petit-d\u00e9jeuner, lunch, after-ski et musique live: le bar Le Rond-Point, rep\u00e8re des skieurs durant leurs journ\u00e9es sur les pistes de M\u00e9ribel\" \/>\n<meta name=\"robots\" content=\"index, follow, max-snippet:-1, max-image-preview:large, max-video-preview:-1\" \/>\n<link rel=\"canonical\" href=\"https:\/\/lerondpointmeribel.com\/fr\/concept\/\" \/>\n<meta property=\"og:locale\" content=\"fr_FR\" \/>\n<meta property=\"og:type\" content=\"article\" \/>\n<meta property=\"og:title\" content=\"Bar le Rond Point, le bar aux pieds des pistes de M\u00e9ribel\" \/>\n<meta property=\"og:description\" content=\"Petit-d\u00e9jeuner, lunch, after-ski et musique live: le bar Le Rond-Point, rep\u00e8re des skieurs durant leurs journ\u00e9es sur les pistes de M\u00e9ribel\" \/>\n<meta property=\"og:url\" content=\"https:\/\/lerondpointmeribel.com\/fr\/concept\/\" \/>\n<meta property=\"og:site_name\" content=\"Le Rond Point\" \/>\n<meta property=\"article:modified_time\" content=\"2024-12-12T10:29:23+00:00\" \/>\n<meta name=\"twitter:card\" content=\"summary_large_image\" \/>\n<meta name=\"twitter:label1\" content=\"Dur\u00e9e de lecture estim\u00e9e\" \/>\n\t<meta name=\"twitter:data1\" content=\"3 minutes\" \/>\n<script type=\"application\/ld+json\" class=\"yoast-schema-graph\">{\"@context\":\"https:\/\/schema.org\",\"@graph\":[{\"@type\":\"WebPage\",\"@id\":\"https:\/\/lerondpointmeribel.com\/fr\/concept\/\",\"url\":\"https:\/\/lerondpointmeribel.com\/fr\/concept\/\",\"name\":\"Bar le Rond Point, le bar aux pieds des pistes de M\u00e9ribel\",\"isPartOf\":{\"@id\":\"https:\/\/lerondpointmeribel.com\/#website\"},\"datePublished\":\"2018-12-20T14:58:04+00:00\",\"dateModified\":\"2024-12-12T10:29:23+00:00\",\"description\":\"Petit-d\u00e9jeuner, lunch, after-ski et musique live: le bar Le Rond-Point, rep\u00e8re des skieurs durant leurs journ\u00e9es sur les pistes de M\u00e9ribel\",\"breadcrumb\":{\"@id\":\"https:\/\/lerondpointmeribel.com\/fr\/concept\/#breadcrumb\"},\"inLanguage\":\"fr-FR\",\"potentialAction\":[{\"@type\":\"ReadAction\",\"target\":[\"https:\/\/lerondpointmeribel.com\/fr\/concept\/\"]}]},{\"@type\":\"BreadcrumbList\",\"@id\":\"https:\/\/lerondpointmeribel.com\/fr\/concept\/#breadcrumb\",\"itemListElement\":[{\"@type\":\"ListItem\",\"position\":1,\"name\":\"Home\",\"item\":\"https:\/\/lerondpointmeribel.com\/fr\/\"},{\"@type\":\"ListItem\",\"position\":2,\"name\":\"Bar Le Rond Point : rendez-vous aux pieds des pistes de M\u00e9ribel\"}]},{\"@type\":\"WebSite\",\"@id\":\"https:\/\/lerondpointmeribel.com\/#website\",\"url\":\"https:\/\/lerondpointmeribel.com\/\",\"name\":\"Le Rond Point\",\"description\":\"Lunch Music &amp; Events\",\"publisher\":{\"@id\":\"https:\/\/lerondpointmeribel.com\/#organization\"},\"potentialAction\":[{\"@type\":\"SearchAction\",\"target\":{\"@type\":\"EntryPoint\",\"urlTemplate\":\"https:\/\/lerondpointmeribel.com\/?s={search_term_string}\"},\"query-input\":\"required name=search_term_string\"}],\"inLanguage\":\"fr-FR\"},{\"@type\":\"Organization\",\"@id\":\"https:\/\/lerondpointmeribel.com\/#organization\",\"name\":\"Le Rond Point Meribel\",\"url\":\"https:\/\/lerondpointmeribel.com\/\",\"logo\":{\"@type\":\"ImageObject\",\"inLanguage\":\"fr-FR\",\"@id\":\"https:\/\/lerondpointmeribel.com\/#\/schema\/logo\/image\/\",\"url\":\"https:\/\/lerondpointmeribel.com\/wp-content\/uploads\/2019\/01\/cropped-RP-LogoSI.png\",\"contentUrl\":\"https:\/\/lerondpointmeribel.com\/wp-content\/uploads\/2019\/01\/cropped-RP-LogoSI.png\",\"width\":1224,\"height\":250,\"caption\":\"Le Rond Point Meribel\"},\"image\":{\"@id\":\"https:\/\/lerondpointmeribel.com\/#\/schema\/logo\/image\/\"}}]}<\/script>\n<!-- \/ Yoast SEO plugin. -->","yoast_head_json":{"title":"Bar le Rond Point, le bar aux pieds des pistes de M\u00e9ribel","description":"Petit-d\u00e9jeuner, lunch, after-ski et musique live: le bar Le Rond-Point, rep\u00e8re des skieurs durant leurs journ\u00e9es sur les pistes de M\u00e9ribel","robots":{"index":"index","follow":"follow","max-snippet":"max-snippet:-1","max-image-preview":"max-image-preview:large","max-video-preview":"max-video-preview:-1"},"canonical":"https:\/\/lerondpointmeribel.com\/fr\/concept\/","og_locale":"fr_FR","og_type":"article","og_title":"Bar le Rond Point, le bar aux pieds des pistes de M\u00e9ribel","og_description":"Petit-d\u00e9jeuner, lunch, after-ski et musique live: le bar Le Rond-Point, rep\u00e8re des skieurs durant leurs journ\u00e9es sur les pistes de M\u00e9ribel","og_url":"https:\/\/lerondpointmeribel.com\/fr\/concept\/","og_site_name":"Le Rond Point","article_modified_time":"2024-12-12T10:29:23+00:00","twitter_card":"summary_large_image","twitter_misc":{"Dur\u00e9e de lecture estim\u00e9e":"3 minutes"},"schema":{"@context":"https:\/\/schema.org","@graph":[{"@type":"WebPage","@id":"https:\/\/lerondpointmeribel.com\/fr\/concept\/","url":"https:\/\/lerondpointmeribel.com\/fr\/concept\/","name":"Bar le Rond Point, le bar aux pieds des pistes de M\u00e9ribel","isPartOf":{"@id":"https:\/\/lerondpointmeribel.com\/#website"},"datePublished":"2018-12-20T14:58:04+00:00","dateModified":"2024-12-12T10:29:23+00:00","description":"Petit-d\u00e9jeuner, lunch, after-ski et musique live: le bar Le Rond-Point, rep\u00e8re des skieurs durant leurs journ\u00e9es sur les pistes de M\u00e9ribel","breadcrumb":{"@id":"https:\/\/lerondpointmeribel.com\/fr\/concept\/#breadcrumb"},"inLanguage":"fr-FR","potentialAction":[{"@type":"ReadAction","target":["https:\/\/lerondpointmeribel.com\/fr\/concept\/"]}]},{"@type":"BreadcrumbList","@id":"https:\/\/lerondpointmeribel.com\/fr\/concept\/#breadcrumb","itemListElement":[{"@type":"ListItem","position":1,"name":"Home","item":"https:\/\/lerondpointmeribel.com\/fr\/"},{"@type":"ListItem","position":2,"name":"Bar Le Rond Point : rendez-vous aux pieds des pistes de M\u00e9ribel"}]},{"@type":"WebSite","@id":"https:\/\/lerondpointmeribel.com\/#website","url":"https:\/\/lerondpointmeribel.com\/","name":"Le Rond Point","description":"Lunch Music &amp; Events","publisher":{"@id":"https:\/\/lerondpointmeribel.com\/#organization"},"potentialAction":[{"@type":"SearchAction","target":{"@type":"EntryPoint","urlTemplate":"https:\/\/lerondpointmeribel.com\/?s={search_term_string}"},"query-input":"required name=search_term_string"}],"inLanguage":"fr-FR"},{"@type":"Organization","@id":"https:\/\/lerondpointmeribel.com\/#organization","name":"Le Rond Point Meribel","url":"https:\/\/lerondpointmeribel.com\/","logo":{"@type":"ImageObject","inLanguage":"fr-FR","@id":"https:\/\/lerondpointmeribel.com\/#\/schema\/logo\/image\/","url":"https:\/\/lerondpointmeribel.com\/wp-content\/uploads\/2019\/01\/cropped-RP-LogoSI.png","contentUrl":"https:\/\/lerondpointmeribel.com\/wp-content\/uploads\/2019\/01\/cropped-RP-LogoSI.png","width":1224,"height":250,"caption":"Le Rond Point Meribel"},"image":{"@id":"https:\/\/lerondpointmeribel.com\/#\/schema\/logo\/image\/"}}]}},"publishpress_future_action":{"enabled":false,"date":"2026-04-17 14:31:02","action":"draft","terms":[],"taxonomy":""},"_links":{"self":[{"href":"https:\/\/lerondpointmeribel.com\/fr\/wp-json\/wp\/v2\/pages\/412"}],"collection":[{"href":"https:\/\/lerondpointmeribel.com\/fr\/wp-json\/wp\/v2\/pages"}],"about":[{"href":"https:\/\/lerondpointmeribel.com\/fr\/wp-json\/wp\/v2\/types\/page"}],"author":[{"embeddable":true,"href":"https:\/\/lerondpointmeribel.com\/fr\/wp-json\/wp\/v2\/users\/4"}],"replies":[{"embeddable":true,"href":"https:\/\/lerondpointmeribel.com\/fr\/wp-json\/wp\/v2\/comments?post=412"}],"version-history":[{"count":15,"href":"https:\/\/lerondpointmeribel.com\/fr\/wp-json\/wp\/v2\/pages\/412\/revisions"}],"predecessor-version":[{"id":2109,"href":"https:\/\/lerondpointmeribel.com\/fr\/wp-json\/wp\/v2\/pages\/412\/revisions\/2109"}],"wp:attachment":[{"href":"https:\/\/lerondpointmeribel.com\/fr\/wp-json\/wp\/v2\/media?parent=412"}],"curies":[{"name":"wp","href":"https:\/\/api.w.org\/{rel}","templated":true}]}}