{"id":553,"date":"2019-01-22T16:30:37","date_gmt":"2019-01-22T15:30:37","guid":{"rendered":"https:\/\/lerondpointmeribel.com\/mariage-privatisation\/"},"modified":"2022-03-11T17:45:51","modified_gmt":"2022-03-11T16:45:51","slug":"mariage-privatisation","status":"publish","type":"page","link":"https:\/\/lerondpointmeribel.com\/fr\/mariage-privatisation\/","title":{"rendered":"Organisation de mariages et privatisation"},"content":{"rendered":"<div class=\"wpb-content-wrapper\"><p>[vc_row full_width=\u00a0\u00bbstretch_row_content\u00a0\u00bb full_height=\u00a0\u00bbyes\u00a0\u00bb el_class=\u00a0\u00bbscrollable-section\u00a0\u00bb][vc_column][vc_empty_space height=\u00a0\u00bb50px\u00a0\u00bb][vc_custom_heading source=\u00a0\u00bbpost_title\u00a0\u00bb font_container=\u00a0\u00bbtag:h2|text_align:center\u00a0\u00bb use_theme_fonts=\u00a0\u00bbyes\u00a0\u00bb][vc_row_inner equal_height=\u00a0\u00bbyes\u00a0\u00bb content_placement=\u00a0\u00bbtop\u00a0\u00bb css=\u00a0\u00bb.vc_custom_1541520506989{background-color: #ffffff !important;}\u00a0\u00bb][vc_column_inner el_class=\u00a0\u00bboutlined\u00a0\u00bb width=\u00a0\u00bb1\/2&Prime; css=\u00a0\u00bb.vc_custom_1541518607829{margin-top: 30px !important;margin-right: 30px !important;margin-bottom: 30px !important;margin-left: 30px !important;padding-top: 30px !important;padding-right: 30px !important;padding-bottom: 30px !important;padding-left: 30px !important;}\u00a0\u00bb][vc_column_text]<\/p>\n<h3>Organisation de mariage : vous recherchez l&rsquo;effet \u00ab\u00a0Wahou\u00a0\u00bb pour le plus beau jour de votre vie ?<\/h3>\n<p>[\/vc_column_text][vc_column_text]L&rsquo;organisation de mariages et de f\u00eates priv\u00e9es, c&rsquo;est l&rsquo;autre raison de penser au Ronnie ! Notre \u00e9tablissement se met en mode romantique avec ses vues \u00e9poustouflantes, ses <a href=\"https:\/\/lerondpointmeribel.com\/fr\/meribel-bars-rond-point-bar-restaurant-apres-ski-musique-live-fete-altitude\/\">terrasses am\u00e9nag\u00e9es<\/a> pour la danse et tous ses petits d\u00e9tails qui feront de votre journ\u00e9e un moment inoubliable. Vous repartirez avec des souvenirs pleins la t\u00eate !<\/p>\n<h2>Pourquoi organiser son mariage \u00e0 la montagne ?<\/h2>\n<p>La blancheur de la neige, la grandeur des montagnes cr\u00e9ant un d\u00e9cor parfait, les chalets \u00e9voquant la douceur d&rsquo;un foyer&#8230; Un mariage \u00e0 la montagne, c&rsquo;est un r\u00eave de conte de f\u00e9es ! Confiez-nous vos souhaits, nous les transformerons en r\u00e9alit\u00e9. Les mariages d&rsquo;hiver sont originaux, romanesques et tellement romantiques !<\/p>\n<h2>Papillon Noir, sp\u00e9cialiste de l&rsquo;organisation de mariage, est le wedding planner partenaire du Rond-Point<\/h2>\n<p>Contactez <strong><a href=\"https:\/\/papillonnoirevents.com\/\" target=\"_blank\" rel=\"noopener\">Papillon Noir Events<\/a><\/strong> et organisez votre propre mariage ou l&rsquo;\u00e9v\u00e9nement de vos r\u00eaves sur mesure.<\/p>\n<p>Vous voulez organiser une soir\u00e9e ? Un anniversaire ? Un \u00e9v\u00e9nement d\u2019entreprise ou juste envie de faire la f\u00eate ? N\u2019h\u00e9sitez pas \u00e0 nous contacter et laissez-nous cr\u00e9er la magie ![\/vc_column_text][vc_btn title=\u00a0\u00bbContactez-nous\u00a0\u00bb link=\u00a0\u00bburl:https%3A%2F%2Fpapillonnoirevents.com%2F|target:%20_blank|\u00a0\u00bb][\/vc_column_inner][vc_column_inner width=\u00a0\u00bb1\/2&Prime; css=\u00a0\u00bb.vc_custom_1550510237489{margin-top: 15px !important;margin-right: 15px !important;margin-bottom: 15px !important;margin-left: 15px !important;padding-top: 50px !important;padding-bottom: 50px !important;background-image: url(https:\/\/lerondpointmeribel.com\/wp-content\/uploads\/2019\/02\/PHOTO-ROND-POINT-PAPPILLIONNOIR-WEDDINGS-3.jpg?id=613) !important;background-position: center !important;background-repeat: no-repeat !important;background-size: cover !important;}\u00a0\u00bb][\/vc_column_inner][\/vc_row_inner][\/vc_column][\/vc_row]<\/p>\n<\/div>","protected":false},"excerpt":{"rendered":"<p>[vc_row full_width=\u00a0\u00bbstretch_row_content\u00a0\u00bb full_height=\u00a0\u00bbyes\u00a0\u00bb el_class=\u00a0\u00bbscrollable-section\u00a0\u00bb][vc_column][vc_empty_space height=\u00a0\u00bb50px\u00a0\u00bb][vc_custom_heading source=\u00a0\u00bbpost_title\u00a0\u00bb font_container=\u00a0\u00bbtag:h2|text_align:center\u00a0\u00bb use_theme_fonts=\u00a0\u00bbyes\u00a0\u00bb][vc_row_inner equal_height=\u00a0\u00bbyes\u00a0\u00bb content_placement=\u00a0\u00bbtop\u00a0\u00bb css=\u00a0\u00bb.vc_custom_1541520506989{background-color: #ffffff !important;}\u00a0\u00bb][vc_column_inner el_class=\u00a0\u00bboutlined\u00a0\u00bb width=\u00a0\u00bb1\/2&Prime; css=\u00a0\u00bb.vc_custom_1541518607829{margin-top: 30px !important;margin-right: 30px !important;margin-bottom: 30px !important;margin-left: 30px !important;padding-top: 30px !important;padding-right: 30px !important;padding-bottom: 30px !important;padding-left: 30px !important;}\u00a0\u00bb][vc_column_text] Organisation de mariage : vous recherchez l&rsquo;effet \u00ab\u00a0Wahou\u00a0\u00bb pour le plus beau jour de votre vie ? [\/vc_column_text][vc_column_text]L&rsquo;organisation de mariages et de f\u00eates &hellip; <\/p>\n<p class=\"link-more\"><a href=\"https:\/\/lerondpointmeribel.com\/fr\/mariage-privatisation\/\" class=\"more-link\">Continuer la lecture<span class=\"screen-reader-text\"> de &laquo;&nbsp;Organisation de mariages et privatisation&nbsp;&raquo;<\/span><\/a><\/p>\n","protected":false},"author":4,"featured_media":0,"parent":0,"menu_order":0,"comment_status":"closed","ping_status":"closed","template":"","meta":{"footnotes":""},"yoast_head":"<!-- This site is optimized with the Yoast SEO plugin v21.8 - https:\/\/yoast.com\/wordpress\/plugins\/seo\/ -->\n<title>Organisation de mariages et privatisations \u00e0 M\u00e9ribel Le Rond Point<\/title>\n<meta name=\"description\" content=\"Le Rond-Point \u00e0 M\u00e9ribel privatise ses espaces : organisation de mariages, f\u00eates dans la beaut\u00e9 des montagnes au c\u0153ur des Alpes\" \/>\n<meta name=\"robots\" content=\"index, follow, max-snippet:-1, max-image-preview:large, max-video-preview:-1\" \/>\n<link rel=\"canonical\" href=\"https:\/\/lerondpointmeribel.com\/fr\/mariage-privatisation\/\" \/>\n<meta property=\"og:locale\" content=\"fr_FR\" \/>\n<meta property=\"og:type\" content=\"article\" \/>\n<meta property=\"og:title\" content=\"Organisation de mariages et privatisations \u00e0 M\u00e9ribel Le Rond Point\" \/>\n<meta property=\"og:description\" content=\"Le Rond-Point \u00e0 M\u00e9ribel privatise ses espaces : organisation de mariages, f\u00eates dans la beaut\u00e9 des montagnes au c\u0153ur des Alpes\" \/>\n<meta property=\"og:url\" content=\"https:\/\/lerondpointmeribel.com\/fr\/mariage-privatisation\/\" \/>\n<meta property=\"og:site_name\" content=\"Le Rond Point\" \/>\n<meta property=\"article:modified_time\" content=\"2022-03-11T16:45:51+00:00\" \/>\n<meta name=\"twitter:card\" content=\"summary_large_image\" \/>\n<meta name=\"twitter:label1\" content=\"Dur\u00e9e de lecture estim\u00e9e\" \/>\n\t<meta name=\"twitter:data1\" content=\"2 minutes\" \/>\n<script type=\"application\/ld+json\" class=\"yoast-schema-graph\">{\"@context\":\"https:\/\/schema.org\",\"@graph\":[{\"@type\":\"WebPage\",\"@id\":\"https:\/\/lerondpointmeribel.com\/fr\/mariage-privatisation\/\",\"url\":\"https:\/\/lerondpointmeribel.com\/fr\/mariage-privatisation\/\",\"name\":\"Organisation de mariages et privatisations \u00e0 M\u00e9ribel Le Rond Point\",\"isPartOf\":{\"@id\":\"https:\/\/lerondpointmeribel.com\/#website\"},\"datePublished\":\"2019-01-22T15:30:37+00:00\",\"dateModified\":\"2022-03-11T16:45:51+00:00\",\"description\":\"Le Rond-Point \u00e0 M\u00e9ribel privatise ses espaces : organisation de mariages, f\u00eates dans la beaut\u00e9 des montagnes au c\u0153ur des Alpes\",\"breadcrumb\":{\"@id\":\"https:\/\/lerondpointmeribel.com\/fr\/mariage-privatisation\/#breadcrumb\"},\"inLanguage\":\"fr-FR\",\"potentialAction\":[{\"@type\":\"ReadAction\",\"target\":[\"https:\/\/lerondpointmeribel.com\/fr\/mariage-privatisation\/\"]}]},{\"@type\":\"BreadcrumbList\",\"@id\":\"https:\/\/lerondpointmeribel.com\/fr\/mariage-privatisation\/#breadcrumb\",\"itemListElement\":[{\"@type\":\"ListItem\",\"position\":1,\"name\":\"Home\",\"item\":\"https:\/\/lerondpointmeribel.com\/fr\/\"},{\"@type\":\"ListItem\",\"position\":2,\"name\":\"Organisation de mariages et privatisation\"}]},{\"@type\":\"WebSite\",\"@id\":\"https:\/\/lerondpointmeribel.com\/#website\",\"url\":\"https:\/\/lerondpointmeribel.com\/\",\"name\":\"Le Rond Point\",\"description\":\"Lunch Music &amp; Events\",\"publisher\":{\"@id\":\"https:\/\/lerondpointmeribel.com\/#organization\"},\"potentialAction\":[{\"@type\":\"SearchAction\",\"target\":{\"@type\":\"EntryPoint\",\"urlTemplate\":\"https:\/\/lerondpointmeribel.com\/?s={search_term_string}\"},\"query-input\":\"required name=search_term_string\"}],\"inLanguage\":\"fr-FR\"},{\"@type\":\"Organization\",\"@id\":\"https:\/\/lerondpointmeribel.com\/#organization\",\"name\":\"Le Rond Point Meribel\",\"url\":\"https:\/\/lerondpointmeribel.com\/\",\"logo\":{\"@type\":\"ImageObject\",\"inLanguage\":\"fr-FR\",\"@id\":\"https:\/\/lerondpointmeribel.com\/#\/schema\/logo\/image\/\",\"url\":\"https:\/\/lerondpointmeribel.com\/wp-content\/uploads\/2019\/01\/cropped-RP-LogoSI.png\",\"contentUrl\":\"https:\/\/lerondpointmeribel.com\/wp-content\/uploads\/2019\/01\/cropped-RP-LogoSI.png\",\"width\":1224,\"height\":250,\"caption\":\"Le Rond Point Meribel\"},\"image\":{\"@id\":\"https:\/\/lerondpointmeribel.com\/#\/schema\/logo\/image\/\"}}]}<\/script>\n<!-- \/ Yoast SEO plugin. -->","yoast_head_json":{"title":"Organisation de mariages et privatisations \u00e0 M\u00e9ribel Le Rond Point","description":"Le Rond-Point \u00e0 M\u00e9ribel privatise ses espaces : organisation de mariages, f\u00eates dans la beaut\u00e9 des montagnes au c\u0153ur des Alpes","robots":{"index":"index","follow":"follow","max-snippet":"max-snippet:-1","max-image-preview":"max-image-preview:large","max-video-preview":"max-video-preview:-1"},"canonical":"https:\/\/lerondpointmeribel.com\/fr\/mariage-privatisation\/","og_locale":"fr_FR","og_type":"article","og_title":"Organisation de mariages et privatisations \u00e0 M\u00e9ribel Le Rond Point","og_description":"Le Rond-Point \u00e0 M\u00e9ribel privatise ses espaces : organisation de mariages, f\u00eates dans la beaut\u00e9 des montagnes au c\u0153ur des Alpes","og_url":"https:\/\/lerondpointmeribel.com\/fr\/mariage-privatisation\/","og_site_name":"Le Rond Point","article_modified_time":"2022-03-11T16:45:51+00:00","twitter_card":"summary_large_image","twitter_misc":{"Dur\u00e9e de lecture estim\u00e9e":"2 minutes"},"schema":{"@context":"https:\/\/schema.org","@graph":[{"@type":"WebPage","@id":"https:\/\/lerondpointmeribel.com\/fr\/mariage-privatisation\/","url":"https:\/\/lerondpointmeribel.com\/fr\/mariage-privatisation\/","name":"Organisation de mariages et privatisations \u00e0 M\u00e9ribel Le Rond Point","isPartOf":{"@id":"https:\/\/lerondpointmeribel.com\/#website"},"datePublished":"2019-01-22T15:30:37+00:00","dateModified":"2022-03-11T16:45:51+00:00","description":"Le Rond-Point \u00e0 M\u00e9ribel privatise ses espaces : organisation de mariages, f\u00eates dans la beaut\u00e9 des montagnes au c\u0153ur des Alpes","breadcrumb":{"@id":"https:\/\/lerondpointmeribel.com\/fr\/mariage-privatisation\/#breadcrumb"},"inLanguage":"fr-FR","potentialAction":[{"@type":"ReadAction","target":["https:\/\/lerondpointmeribel.com\/fr\/mariage-privatisation\/"]}]},{"@type":"BreadcrumbList","@id":"https:\/\/lerondpointmeribel.com\/fr\/mariage-privatisation\/#breadcrumb","itemListElement":[{"@type":"ListItem","position":1,"name":"Home","item":"https:\/\/lerondpointmeribel.com\/fr\/"},{"@type":"ListItem","position":2,"name":"Organisation de mariages et privatisation"}]},{"@type":"WebSite","@id":"https:\/\/lerondpointmeribel.com\/#website","url":"https:\/\/lerondpointmeribel.com\/","name":"Le Rond Point","description":"Lunch Music &amp; Events","publisher":{"@id":"https:\/\/lerondpointmeribel.com\/#organization"},"potentialAction":[{"@type":"SearchAction","target":{"@type":"EntryPoint","urlTemplate":"https:\/\/lerondpointmeribel.com\/?s={search_term_string}"},"query-input":"required name=search_term_string"}],"inLanguage":"fr-FR"},{"@type":"Organization","@id":"https:\/\/lerondpointmeribel.com\/#organization","name":"Le Rond Point Meribel","url":"https:\/\/lerondpointmeribel.com\/","logo":{"@type":"ImageObject","inLanguage":"fr-FR","@id":"https:\/\/lerondpointmeribel.com\/#\/schema\/logo\/image\/","url":"https:\/\/lerondpointmeribel.com\/wp-content\/uploads\/2019\/01\/cropped-RP-LogoSI.png","contentUrl":"https:\/\/lerondpointmeribel.com\/wp-content\/uploads\/2019\/01\/cropped-RP-LogoSI.png","width":1224,"height":250,"caption":"Le Rond Point Meribel"},"image":{"@id":"https:\/\/lerondpointmeribel.com\/#\/schema\/logo\/image\/"}}]}},"publishpress_future_action":{"enabled":false,"date":"2026-04-14 00:23:36","action":"draft","terms":[],"taxonomy":""},"_links":{"self":[{"href":"https:\/\/lerondpointmeribel.com\/fr\/wp-json\/wp\/v2\/pages\/553"}],"collection":[{"href":"https:\/\/lerondpointmeribel.com\/fr\/wp-json\/wp\/v2\/pages"}],"about":[{"href":"https:\/\/lerondpointmeribel.com\/fr\/wp-json\/wp\/v2\/types\/page"}],"author":[{"embeddable":true,"href":"https:\/\/lerondpointmeribel.com\/fr\/wp-json\/wp\/v2\/users\/4"}],"replies":[{"embeddable":true,"href":"https:\/\/lerondpointmeribel.com\/fr\/wp-json\/wp\/v2\/comments?post=553"}],"version-history":[{"count":7,"href":"https:\/\/lerondpointmeribel.com\/fr\/wp-json\/wp\/v2\/pages\/553\/revisions"}],"predecessor-version":[{"id":1812,"href":"https:\/\/lerondpointmeribel.com\/fr\/wp-json\/wp\/v2\/pages\/553\/revisions\/1812"}],"wp:attachment":[{"href":"https:\/\/lerondpointmeribel.com\/fr\/wp-json\/wp\/v2\/media?parent=553"}],"curies":[{"name":"wp","href":"https:\/\/api.w.org\/{rel}","templated":true}]}}