{"id":819,"date":"2020-10-20T12:12:04","date_gmt":"2020-10-20T10:12:04","guid":{"rendered":"https:\/\/lerondpointmeribel.com\/?page_id=819"},"modified":"2022-03-11T17:55:41","modified_gmt":"2022-03-11T16:55:41","slug":"meribel-bars-rond-point-bar-restaurant-apres-ski-musique-live-fete-altitude","status":"publish","type":"page","link":"https:\/\/lerondpointmeribel.com\/fr\/meribel-bars-rond-point-bar-restaurant-apres-ski-musique-live-fete-altitude\/","title":{"rendered":"GALERIE PHOTO : LE MEILLEUR DU ROND-POINT A MERIBEL"},"content":{"rendered":"<div class=\"wpb-content-wrapper\"><p>[vc_row][vc_column][vc_column_text]<\/p>\n<h1 style=\"text-align: center;\">Galerie Photo<\/h1>\n<p style=\"text-align: center;\">D\u00e9couvrez notre atmosph\u00e8re, les meilleurs moments de nos soir\u00e9es folles, vos plus beaux souvenirs \u00e0 M\u00e9ribel et rejoignez-nous ! Soir\u00e9es apr\u00e8s-ski ou priv\u00e9es, la f\u00eate, on sait la faire. Et n&rsquo;oubliez pas : nous pouvons organiser vos mariages !<\/p>\n<p>[\/vc_column_text][\/vc_column][\/vc_row][vc_row full_width=\u00a0\u00bbstretch_row_content\u00a0\u00bb full_height=\u00a0\u00bbyes\u00a0\u00bb][vc_column][vc_masonry_media_grid gap=\u00a0\u00bb3&Prime; grid_id=\u00a0\u00bbvc_gid:1647017162923-8e300265-3d38-8&Prime; include=\u00a0\u00bb759,754,1030,501,734,726,627,613,605,540,538,534,531,529,527,525,523,497,492,490,488,486,484,1380,1385,1459,1468,1486,1488,1323,1168,1023,1374,1377,1209,1130,1050,977,1025&Prime;][\/vc_column][\/vc_row]<\/p>\n<\/div>","protected":false},"excerpt":{"rendered":"<p>[vc_row][vc_column][vc_column_text] Galerie Photo D\u00e9couvrez notre atmosph\u00e8re, les meilleurs moments de nos soir\u00e9es folles, vos plus beaux souvenirs \u00e0 M\u00e9ribel et rejoignez-nous ! Soir\u00e9es apr\u00e8s-ski ou priv\u00e9es, la f\u00eate, on sait la faire. Et n&rsquo;oubliez pas : nous pouvons organiser vos mariages ! [\/vc_column_text][\/vc_column][\/vc_row][vc_row full_width=\u00a0\u00bbstretch_row_content\u00a0\u00bb full_height=\u00a0\u00bbyes\u00a0\u00bb][vc_column][vc_masonry_media_grid gap=\u00a0\u00bb3&Prime; grid_id=\u00a0\u00bbvc_gid:1647017162923-8e300265-3d38-8&Prime; include=\u00a0\u00bb759,754,1030,501,734,726,627,613,605,540,538,534,531,529,527,525,523,497,492,490,488,486,484,1380,1385,1459,1468,1486,1488,1323,1168,1023,1374,1377,1209,1130,1050,977,1025&Prime;][\/vc_column][\/vc_row]<\/p>\n","protected":false},"author":4,"featured_media":0,"parent":0,"menu_order":0,"comment_status":"closed","ping_status":"closed","template":"","meta":{"footnotes":""},"yoast_head":"<!-- This site is optimized with the Yoast SEO plugin v21.8 - https:\/\/yoast.com\/wordpress\/plugins\/seo\/ -->\n<title>Galerie Photo du Rond Point \u00e0 M\u00e9ribel: du fun aux pieds des pistes de ski<\/title>\n<meta name=\"description\" content=\"Toute l&#039;ambiance du Rond Point, un des meilleurs bars \u00e0 M\u00e9ribel, gr\u00e2ce \u00e0 notre galerie photo. Apr\u00e8s ski bar, restaurant d&#039;altitude ouvert 7\/7\" \/>\n<meta name=\"robots\" content=\"index, follow, max-snippet:-1, max-image-preview:large, max-video-preview:-1\" \/>\n<link rel=\"canonical\" href=\"https:\/\/lerondpointmeribel.com\/fr\/meribel-bars-rond-point-bar-restaurant-apres-ski-musique-live-fete-altitude\/\" \/>\n<meta property=\"og:locale\" content=\"fr_FR\" \/>\n<meta property=\"og:type\" content=\"article\" \/>\n<meta property=\"og:title\" content=\"Galerie Photo du Rond Point \u00e0 M\u00e9ribel: du fun aux pieds des pistes de ski\" \/>\n<meta property=\"og:description\" content=\"Toute l&#039;ambiance du Rond Point, un des meilleurs bars \u00e0 M\u00e9ribel, gr\u00e2ce \u00e0 notre galerie photo. Apr\u00e8s ski bar, restaurant d&#039;altitude ouvert 7\/7\" \/>\n<meta property=\"og:url\" content=\"https:\/\/lerondpointmeribel.com\/fr\/meribel-bars-rond-point-bar-restaurant-apres-ski-musique-live-fete-altitude\/\" \/>\n<meta property=\"og:site_name\" content=\"Le Rond Point\" \/>\n<meta property=\"article:modified_time\" content=\"2022-03-11T16:55:41+00:00\" \/>\n<meta name=\"twitter:card\" content=\"summary_large_image\" \/>\n<meta name=\"twitter:label1\" content=\"Dur\u00e9e de lecture estim\u00e9e\" \/>\n\t<meta name=\"twitter:data1\" content=\"1 minute\" \/>\n<script type=\"application\/ld+json\" class=\"yoast-schema-graph\">{\"@context\":\"https:\/\/schema.org\",\"@graph\":[{\"@type\":\"WebPage\",\"@id\":\"https:\/\/lerondpointmeribel.com\/fr\/meribel-bars-rond-point-bar-restaurant-apres-ski-musique-live-fete-altitude\/\",\"url\":\"https:\/\/lerondpointmeribel.com\/fr\/meribel-bars-rond-point-bar-restaurant-apres-ski-musique-live-fete-altitude\/\",\"name\":\"Galerie Photo du Rond Point \u00e0 M\u00e9ribel: du fun aux pieds des pistes de ski\",\"isPartOf\":{\"@id\":\"https:\/\/lerondpointmeribel.com\/#website\"},\"datePublished\":\"2020-10-20T10:12:04+00:00\",\"dateModified\":\"2022-03-11T16:55:41+00:00\",\"description\":\"Toute l'ambiance du Rond Point, un des meilleurs bars \u00e0 M\u00e9ribel, gr\u00e2ce \u00e0 notre galerie photo. Apr\u00e8s ski bar, restaurant d'altitude ouvert 7\/7\",\"breadcrumb\":{\"@id\":\"https:\/\/lerondpointmeribel.com\/fr\/meribel-bars-rond-point-bar-restaurant-apres-ski-musique-live-fete-altitude\/#breadcrumb\"},\"inLanguage\":\"fr-FR\",\"potentialAction\":[{\"@type\":\"ReadAction\",\"target\":[\"https:\/\/lerondpointmeribel.com\/fr\/meribel-bars-rond-point-bar-restaurant-apres-ski-musique-live-fete-altitude\/\"]}]},{\"@type\":\"BreadcrumbList\",\"@id\":\"https:\/\/lerondpointmeribel.com\/fr\/meribel-bars-rond-point-bar-restaurant-apres-ski-musique-live-fete-altitude\/#breadcrumb\",\"itemListElement\":[{\"@type\":\"ListItem\",\"position\":1,\"name\":\"Home\",\"item\":\"https:\/\/lerondpointmeribel.com\/fr\/\"},{\"@type\":\"ListItem\",\"position\":2,\"name\":\"GALERIE PHOTO : LE MEILLEUR DU ROND-POINT A MERIBEL\"}]},{\"@type\":\"WebSite\",\"@id\":\"https:\/\/lerondpointmeribel.com\/#website\",\"url\":\"https:\/\/lerondpointmeribel.com\/\",\"name\":\"Le Rond Point\",\"description\":\"Lunch Music &amp; Events\",\"publisher\":{\"@id\":\"https:\/\/lerondpointmeribel.com\/#organization\"},\"potentialAction\":[{\"@type\":\"SearchAction\",\"target\":{\"@type\":\"EntryPoint\",\"urlTemplate\":\"https:\/\/lerondpointmeribel.com\/?s={search_term_string}\"},\"query-input\":\"required name=search_term_string\"}],\"inLanguage\":\"fr-FR\"},{\"@type\":\"Organization\",\"@id\":\"https:\/\/lerondpointmeribel.com\/#organization\",\"name\":\"Le Rond Point Meribel\",\"url\":\"https:\/\/lerondpointmeribel.com\/\",\"logo\":{\"@type\":\"ImageObject\",\"inLanguage\":\"fr-FR\",\"@id\":\"https:\/\/lerondpointmeribel.com\/#\/schema\/logo\/image\/\",\"url\":\"https:\/\/lerondpointmeribel.com\/wp-content\/uploads\/2019\/01\/cropped-RP-LogoSI.png\",\"contentUrl\":\"https:\/\/lerondpointmeribel.com\/wp-content\/uploads\/2019\/01\/cropped-RP-LogoSI.png\",\"width\":1224,\"height\":250,\"caption\":\"Le Rond Point Meribel\"},\"image\":{\"@id\":\"https:\/\/lerondpointmeribel.com\/#\/schema\/logo\/image\/\"}}]}<\/script>\n<!-- \/ Yoast SEO plugin. -->","yoast_head_json":{"title":"Galerie Photo du Rond Point \u00e0 M\u00e9ribel: du fun aux pieds des pistes de ski","description":"Toute l'ambiance du Rond Point, un des meilleurs bars \u00e0 M\u00e9ribel, gr\u00e2ce \u00e0 notre galerie photo. Apr\u00e8s ski bar, restaurant d'altitude ouvert 7\/7","robots":{"index":"index","follow":"follow","max-snippet":"max-snippet:-1","max-image-preview":"max-image-preview:large","max-video-preview":"max-video-preview:-1"},"canonical":"https:\/\/lerondpointmeribel.com\/fr\/meribel-bars-rond-point-bar-restaurant-apres-ski-musique-live-fete-altitude\/","og_locale":"fr_FR","og_type":"article","og_title":"Galerie Photo du Rond Point \u00e0 M\u00e9ribel: du fun aux pieds des pistes de ski","og_description":"Toute l'ambiance du Rond Point, un des meilleurs bars \u00e0 M\u00e9ribel, gr\u00e2ce \u00e0 notre galerie photo. Apr\u00e8s ski bar, restaurant d'altitude ouvert 7\/7","og_url":"https:\/\/lerondpointmeribel.com\/fr\/meribel-bars-rond-point-bar-restaurant-apres-ski-musique-live-fete-altitude\/","og_site_name":"Le Rond Point","article_modified_time":"2022-03-11T16:55:41+00:00","twitter_card":"summary_large_image","twitter_misc":{"Dur\u00e9e de lecture estim\u00e9e":"1 minute"},"schema":{"@context":"https:\/\/schema.org","@graph":[{"@type":"WebPage","@id":"https:\/\/lerondpointmeribel.com\/fr\/meribel-bars-rond-point-bar-restaurant-apres-ski-musique-live-fete-altitude\/","url":"https:\/\/lerondpointmeribel.com\/fr\/meribel-bars-rond-point-bar-restaurant-apres-ski-musique-live-fete-altitude\/","name":"Galerie Photo du Rond Point \u00e0 M\u00e9ribel: du fun aux pieds des pistes de ski","isPartOf":{"@id":"https:\/\/lerondpointmeribel.com\/#website"},"datePublished":"2020-10-20T10:12:04+00:00","dateModified":"2022-03-11T16:55:41+00:00","description":"Toute l'ambiance du Rond Point, un des meilleurs bars \u00e0 M\u00e9ribel, gr\u00e2ce \u00e0 notre galerie photo. Apr\u00e8s ski bar, restaurant d'altitude ouvert 7\/7","breadcrumb":{"@id":"https:\/\/lerondpointmeribel.com\/fr\/meribel-bars-rond-point-bar-restaurant-apres-ski-musique-live-fete-altitude\/#breadcrumb"},"inLanguage":"fr-FR","potentialAction":[{"@type":"ReadAction","target":["https:\/\/lerondpointmeribel.com\/fr\/meribel-bars-rond-point-bar-restaurant-apres-ski-musique-live-fete-altitude\/"]}]},{"@type":"BreadcrumbList","@id":"https:\/\/lerondpointmeribel.com\/fr\/meribel-bars-rond-point-bar-restaurant-apres-ski-musique-live-fete-altitude\/#breadcrumb","itemListElement":[{"@type":"ListItem","position":1,"name":"Home","item":"https:\/\/lerondpointmeribel.com\/fr\/"},{"@type":"ListItem","position":2,"name":"GALERIE PHOTO : LE MEILLEUR DU ROND-POINT A MERIBEL"}]},{"@type":"WebSite","@id":"https:\/\/lerondpointmeribel.com\/#website","url":"https:\/\/lerondpointmeribel.com\/","name":"Le Rond Point","description":"Lunch Music &amp; Events","publisher":{"@id":"https:\/\/lerondpointmeribel.com\/#organization"},"potentialAction":[{"@type":"SearchAction","target":{"@type":"EntryPoint","urlTemplate":"https:\/\/lerondpointmeribel.com\/?s={search_term_string}"},"query-input":"required name=search_term_string"}],"inLanguage":"fr-FR"},{"@type":"Organization","@id":"https:\/\/lerondpointmeribel.com\/#organization","name":"Le Rond Point Meribel","url":"https:\/\/lerondpointmeribel.com\/","logo":{"@type":"ImageObject","inLanguage":"fr-FR","@id":"https:\/\/lerondpointmeribel.com\/#\/schema\/logo\/image\/","url":"https:\/\/lerondpointmeribel.com\/wp-content\/uploads\/2019\/01\/cropped-RP-LogoSI.png","contentUrl":"https:\/\/lerondpointmeribel.com\/wp-content\/uploads\/2019\/01\/cropped-RP-LogoSI.png","width":1224,"height":250,"caption":"Le Rond Point Meribel"},"image":{"@id":"https:\/\/lerondpointmeribel.com\/#\/schema\/logo\/image\/"}}]}},"publishpress_future_action":{"enabled":false,"date":"2026-04-28 16:43:40","action":"draft","terms":[],"taxonomy":""},"_links":{"self":[{"href":"https:\/\/lerondpointmeribel.com\/fr\/wp-json\/wp\/v2\/pages\/819"}],"collection":[{"href":"https:\/\/lerondpointmeribel.com\/fr\/wp-json\/wp\/v2\/pages"}],"about":[{"href":"https:\/\/lerondpointmeribel.com\/fr\/wp-json\/wp\/v2\/types\/page"}],"author":[{"embeddable":true,"href":"https:\/\/lerondpointmeribel.com\/fr\/wp-json\/wp\/v2\/users\/4"}],"replies":[{"embeddable":true,"href":"https:\/\/lerondpointmeribel.com\/fr\/wp-json\/wp\/v2\/comments?post=819"}],"version-history":[{"count":10,"href":"https:\/\/lerondpointmeribel.com\/fr\/wp-json\/wp\/v2\/pages\/819\/revisions"}],"predecessor-version":[{"id":1814,"href":"https:\/\/lerondpointmeribel.com\/fr\/wp-json\/wp\/v2\/pages\/819\/revisions\/1814"}],"wp:attachment":[{"href":"https:\/\/lerondpointmeribel.com\/fr\/wp-json\/wp\/v2\/media?parent=819"}],"curies":[{"name":"wp","href":"https:\/\/api.w.org\/{rel}","templated":true}]}}